{"id":1575,"date":"2025-10-27T13:53:15","date_gmt":"2025-10-27T12:53:15","guid":{"rendered":"https:\/\/d20juegos.com\/producto\/tribus\/"},"modified":"2025-10-27T13:53:19","modified_gmt":"2025-10-27T12:53:19","slug":"tribus","status":"publish","type":"product","link":"https:\/\/d20juegos.com\/en\/product\/tribus\/","title":{"rendered":"TRIBUS"},"content":{"rendered":"<p>Tribus: En los albores de la humanidad es el \u00fanico juego que te permite vivir desde los primeros a\u00f1os de la humanidad hasta la edad de bronce en una partida. Establece tu tribu y consigue los mejores recursos para que progrese a lo largo de los a\u00f1os enfrent\u00e1ndose a las hostilidades del mundo natural.<\/p>\n<p>Tribus es un juego editado originalmente por Kosmos, en el que los jugadores representan una tribu desde los inicios de la humanidad hasta el final del periodo paleol\u00edtico, desde que \u00e9ramos n\u00f3madas, cazadores y recolectores, recorriendo diferentes periodos de la historia hasta pasar a ser sedentarios y llegar a la edad de bronce, en la que se crearon los primeros reinos. 30.000 a\u00f1os resumidos en una partida de 45 minutos.<\/p>","protected":false},"excerpt":{"rendered":"<p>Tribus: En los albores de la humanidad es el \u00fanico juego que te permite vivir desde los primeros a\u00f1os de la humanidad hasta la edad de bronce en una partida. Establece tu tribu y consigue los mejores recursos para que progrese a lo largo de los a\u00f1os enfrent\u00e1ndose a las hostilidades del mundo natural.<\/p>\n<p>Tribus es un juego editado originalmente por Kosmos, en el que los jugadores representan una tribu desde los inicios de la humanidad hasta el final del periodo paleol\u00edtico, desde que \u00e9ramos n\u00f3madas, cazadores y recolectores, recorriendo diferentes periodos de la historia hasta pasar a ser sedentarios y llegar a la edad de bronce, en la que se crearon los primeros reinos. 30.000 a\u00f1os resumidos en una partida de 45 minutos.<\/p>","protected":false},"featured_media":0,"comment_status":"closed","ping_status":"closed","template":"","meta":{"_acf_changed":false,"site-sidebar-layout":"default","site-content-layout":"","ast-site-content-layout":"default","site-content-style":"default","site-sidebar-style":"default","ast-global-header-display":"","ast-banner-title-visibility":"","ast-main-header-display":"","ast-hfb-above-header-display":"","ast-hfb-below-header-display":"","ast-hfb-mobile-header-display":"","site-post-title":"","ast-breadcrumbs-content":"","ast-featured-img":"","footer-sml-layout":"","theme-transparent-header-meta":"","adv-header-id-meta":"","stick-header-meta":"","header-above-stick-meta":"","header-main-stick-meta":"","header-below-stick-meta":"","astra-migrate-meta-layouts":"default","ast-page-background-enabled":"default","ast-page-background-meta":{"desktop":{"background-color":"var(--ast-global-color-5)","background-image":"","background-repeat":"repeat","background-position":"center center","background-size":"auto","background-attachment":"scroll","background-type":"","background-media":"","overlay-type":"","overlay-color":"","overlay-opacity":"","overlay-gradient":""},"tablet":{"background-color":"","background-image":"","background-repeat":"repeat","background-position":"center center","background-size":"auto","background-attachment":"scroll","background-type":"","background-media":"","overlay-type":"","overlay-color":"","overlay-opacity":"","overlay-gradient":""},"mobile":{"background-color":"","background-image":"","background-repeat":"repeat","background-position":"center center","background-size":"auto","background-attachment":"scroll","background-type":"","background-media":"","overlay-type":"","overlay-color":"","overlay-opacity":"","overlay-gradient":""}},"ast-content-background-meta":{"desktop":{"background-color":"var(--ast-global-color-4)","background-image":"","background-repeat":"repeat","background-position":"center center","background-size":"auto","background-attachment":"scroll","background-type":"","background-media":"","overlay-type":"","overlay-color":"","overlay-opacity":"","overlay-gradient":""},"tablet":{"background-color":"var(--ast-global-color-4)","background-image":"","background-repeat":"repeat","background-position":"center center","background-size":"auto","background-attachment":"scroll","background-type":"","background-media":"","overlay-type":"","overlay-color":"","overlay-opacity":"","overlay-gradient":""},"mobile":{"background-color":"var(--ast-global-color-4)","background-image":"","background-repeat":"repeat","background-position":"center center","background-size":"auto","background-attachment":"scroll","background-type":"","background-media":"","overlay-type":"","overlay-color":"","overlay-opacity":"","overlay-gradient":""}}},"product_brand":[],"product_cat":[148],"product_tag":[],"class_list":{"0":"post-1575","1":"product","2":"type-product","3":"status-publish","5":"product_cat-juegos-de-tablero","6":"desktop-align-left","7":"tablet-align-left","8":"mobile-align-left","10":"first","11":"instock","12":"purchasable","13":"product-type-simple"},"acf":[],"_links":{"self":[{"href":"https:\/\/d20juegos.com\/en\/wp-json\/wp\/v2\/product\/1575","targetHints":{"allow":["GET"]}}],"collection":[{"href":"https:\/\/d20juegos.com\/en\/wp-json\/wp\/v2\/product"}],"about":[{"href":"https:\/\/d20juegos.com\/en\/wp-json\/wp\/v2\/types\/product"}],"replies":[{"embeddable":true,"href":"https:\/\/d20juegos.com\/en\/wp-json\/wp\/v2\/comments?post=1575"}],"wp:attachment":[{"href":"https:\/\/d20juegos.com\/en\/wp-json\/wp\/v2\/media?parent=1575"}],"wp:term":[{"taxonomy":"product_brand","embeddable":true,"href":"https:\/\/d20juegos.com\/en\/wp-json\/wp\/v2\/product_brand?post=1575"},{"taxonomy":"product_cat","embeddable":true,"href":"https:\/\/d20juegos.com\/en\/wp-json\/wp\/v2\/product_cat?post=1575"},{"taxonomy":"product_tag","embeddable":true,"href":"https:\/\/d20juegos.com\/en\/wp-json\/wp\/v2\/product_tag?post=1575"}],"curies":[{"name":"wp","href":"https:\/\/api.w.org\/{rel}","templated":true}]}}