{"id":1592,"date":"2025-10-27T13:53:22","date_gmt":"2025-10-27T12:53:22","guid":{"rendered":"https:\/\/d20juegos.com\/producto\/marvel-zombies\/"},"modified":"2025-10-27T13:53:24","modified_gmt":"2025-10-27T12:53:24","slug":"marvel-zombies","status":"publish","type":"product","link":"https:\/\/d20juegos.com\/en\/product\/marvel-zombies\/","title":{"rendered":"MARVEL ZOMBIES"},"content":{"rendered":"<p>Marvel Zombies es un juego de tablero, de car\u00e1cter cooperativo, en el que controlar\u00e9is a superh\u00e9roes zombies que se enfrentan a agentes de S.H.I.E.L.D. y a superh\u00e9roes a\u00fan vivos. Completa tu misi\u00f3n y derrota a tus enemigos, devorando transe\u00fantes a medida que te haces m\u00e1s poderoso. El hambre siempre en aumento te har\u00e1 m\u00e1s fuerte, pero si no te alimentas, consumir\u00e1 tu mente y tu cuerpo. Trabaja en equipo para que los H\u00e9roes Zombies puedan salvarse.<\/p>","protected":false},"excerpt":{"rendered":"<p>Marvel Zombies es un juego de tablero, de car\u00e1cter cooperativo, en el que controlar\u00e9is a superh\u00e9roes zombies que se enfrentan a agentes de S.H.I.E.L.D. y a superh\u00e9roes a\u00fan vivos. Completa tu misi\u00f3n y derrota a tus enemigos, devorando transe\u00fantes a medida que te haces m\u00e1s poderoso. El hambre siempre en aumento te har\u00e1 m\u00e1s fuerte, pero si no te alimentas, consumir\u00e1 tu mente y tu cuerpo. Trabaja en equipo para que los H\u00e9roes Zombies puedan salvarse.<\/p>","protected":false},"featured_media":0,"comment_status":"closed","ping_status":"closed","template":"","meta":{"_acf_changed":false,"site-sidebar-layout":"default","site-content-layout":"","ast-site-content-layout":"default","site-content-style":"default","site-sidebar-style":"default","ast-global-header-display":"","ast-banner-title-visibility":"","ast-main-header-display":"","ast-hfb-above-header-display":"","ast-hfb-below-header-display":"","ast-hfb-mobile-header-display":"","site-post-title":"","ast-breadcrumbs-content":"","ast-featured-img":"","footer-sml-layout":"","theme-transparent-header-meta":"","adv-header-id-meta":"","stick-header-meta":"","header-above-stick-meta":"","header-main-stick-meta":"","header-below-stick-meta":"","astra-migrate-meta-layouts":"default","ast-page-background-enabled":"default","ast-page-background-meta":{"desktop":{"background-color":"var(--ast-global-color-5)","background-image":"","background-repeat":"repeat","background-position":"center center","background-size":"auto","background-attachment":"scroll","background-type":"","background-media":"","overlay-type":"","overlay-color":"","overlay-opacity":"","overlay-gradient":""},"tablet":{"background-color":"","background-image":"","background-repeat":"repeat","background-position":"center center","background-size":"auto","background-attachment":"scroll","background-type":"","background-media":"","overlay-type":"","overlay-color":"","overlay-opacity":"","overlay-gradient":""},"mobile":{"background-color":"","background-image":"","background-repeat":"repeat","background-position":"center center","background-size":"auto","background-attachment":"scroll","background-type":"","background-media":"","overlay-type":"","overlay-color":"","overlay-opacity":"","overlay-gradient":""}},"ast-content-background-meta":{"desktop":{"background-color":"var(--ast-global-color-4)","background-image":"","background-repeat":"repeat","background-position":"center center","background-size":"auto","background-attachment":"scroll","background-type":"","background-media":"","overlay-type":"","overlay-color":"","overlay-opacity":"","overlay-gradient":""},"tablet":{"background-color":"var(--ast-global-color-4)","background-image":"","background-repeat":"repeat","background-position":"center center","background-size":"auto","background-attachment":"scroll","background-type":"","background-media":"","overlay-type":"","overlay-color":"","overlay-opacity":"","overlay-gradient":""},"mobile":{"background-color":"var(--ast-global-color-4)","background-image":"","background-repeat":"repeat","background-position":"center center","background-size":"auto","background-attachment":"scroll","background-type":"","background-media":"","overlay-type":"","overlay-color":"","overlay-opacity":"","overlay-gradient":""}}},"product_brand":[],"product_cat":[148],"product_tag":[],"class_list":{"0":"post-1592","1":"product","2":"type-product","3":"status-publish","5":"product_cat-juegos-de-tablero","6":"desktop-align-left","7":"tablet-align-left","8":"mobile-align-left","10":"first","11":"instock","12":"purchasable","13":"product-type-simple"},"acf":[],"_links":{"self":[{"href":"https:\/\/d20juegos.com\/en\/wp-json\/wp\/v2\/product\/1592","targetHints":{"allow":["GET"]}}],"collection":[{"href":"https:\/\/d20juegos.com\/en\/wp-json\/wp\/v2\/product"}],"about":[{"href":"https:\/\/d20juegos.com\/en\/wp-json\/wp\/v2\/types\/product"}],"replies":[{"embeddable":true,"href":"https:\/\/d20juegos.com\/en\/wp-json\/wp\/v2\/comments?post=1592"}],"wp:attachment":[{"href":"https:\/\/d20juegos.com\/en\/wp-json\/wp\/v2\/media?parent=1592"}],"wp:term":[{"taxonomy":"product_brand","embeddable":true,"href":"https:\/\/d20juegos.com\/en\/wp-json\/wp\/v2\/product_brand?post=1592"},{"taxonomy":"product_cat","embeddable":true,"href":"https:\/\/d20juegos.com\/en\/wp-json\/wp\/v2\/product_cat?post=1592"},{"taxonomy":"product_tag","embeddable":true,"href":"https:\/\/d20juegos.com\/en\/wp-json\/wp\/v2\/product_tag?post=1592"}],"curies":[{"name":"wp","href":"https:\/\/api.w.org\/{rel}","templated":true}]}}