{"id":1616,"date":"2025-10-27T13:53:28","date_gmt":"2025-10-27T12:53:28","guid":{"rendered":"https:\/\/d20juegos.com\/producto\/azul-juego-mesa\/"},"modified":"2025-10-27T13:53:33","modified_gmt":"2025-10-27T12:53:33","slug":"azul-juego-mesa","status":"publish","type":"product","link":"https:\/\/d20juegos.com\/en\/product\/azul-juego-mesa\/","title":{"rendered":"AZUL &#8211; JUEGO MESA"},"content":{"rendered":"<p>En Azul, el juego de mesa que se juega con azulejos preciosos que tendr\u00e1s que elegir bien las baldosas y los lugares donde se colocan para puntuar lo m\u00e1ximo posible.<\/p>\n<p>Cuando Manuel I el Afortunado, rey de Portugal, visit\u00f3 el Palacio de la Alhambra, qued\u00f3 cautivado por la imponente belleza de la decoraci\u00f3n, formada por losetas de cer\u00e1mica de procedencia \u00e1rabe a las que llamaban \u201cazulejos\u201d. A\u00fan fascinado por el esplendor del interior de la Alhambra, a su regreso a Portugal orden\u00f3 inmediatamente que las paredes de su palacio en \u00c9vora fueran decoradas del mismo modo. Por ello, debes convertirte en el artista preferido del rey para embellecer las paredes de su palacio.<\/p>","protected":false},"excerpt":{"rendered":"<p>En Azul, el juego de mesa que se juega con azulejos preciosos que tendr\u00e1s que elegir bien las baldosas y los lugares donde se colocan para puntuar lo m\u00e1ximo posible.<\/p>\n<p>Cuando Manuel I el Afortunado, rey de Portugal, visit\u00f3 el Palacio de la Alhambra, qued\u00f3 cautivado por la imponente belleza de la decoraci\u00f3n, formada por losetas de cer\u00e1mica de procedencia \u00e1rabe a las que llamaban \u201cazulejos\u201d. A\u00fan fascinado por el esplendor del interior de la Alhambra, a su regreso a Portugal orden\u00f3 inmediatamente que las paredes de su palacio en \u00c9vora fueran decoradas del mismo modo. Por ello, debes convertirte en el artista preferido del rey para embellecer las paredes de su palacio.<\/p>","protected":false},"featured_media":0,"comment_status":"closed","ping_status":"closed","template":"","meta":{"_acf_changed":false,"site-sidebar-layout":"default","site-content-layout":"","ast-site-content-layout":"default","site-content-style":"default","site-sidebar-style":"default","ast-global-header-display":"","ast-banner-title-visibility":"","ast-main-header-display":"","ast-hfb-above-header-display":"","ast-hfb-below-header-display":"","ast-hfb-mobile-header-display":"","site-post-title":"","ast-breadcrumbs-content":"","ast-featured-img":"","footer-sml-layout":"","theme-transparent-header-meta":"","adv-header-id-meta":"","stick-header-meta":"","header-above-stick-meta":"","header-main-stick-meta":"","header-below-stick-meta":"","astra-migrate-meta-layouts":"default","ast-page-background-enabled":"default","ast-page-background-meta":{"desktop":{"background-color":"var(--ast-global-color-5)","background-image":"","background-repeat":"repeat","background-position":"center center","background-size":"auto","background-attachment":"scroll","background-type":"","background-media":"","overlay-type":"","overlay-color":"","overlay-opacity":"","overlay-gradient":""},"tablet":{"background-color":"","background-image":"","background-repeat":"repeat","background-position":"center center","background-size":"auto","background-attachment":"scroll","background-type":"","background-media":"","overlay-type":"","overlay-color":"","overlay-opacity":"","overlay-gradient":""},"mobile":{"background-color":"","background-image":"","background-repeat":"repeat","background-position":"center center","background-size":"auto","background-attachment":"scroll","background-type":"","background-media":"","overlay-type":"","overlay-color":"","overlay-opacity":"","overlay-gradient":""}},"ast-content-background-meta":{"desktop":{"background-color":"var(--ast-global-color-4)","background-image":"","background-repeat":"repeat","background-position":"center center","background-size":"auto","background-attachment":"scroll","background-type":"","background-media":"","overlay-type":"","overlay-color":"","overlay-opacity":"","overlay-gradient":""},"tablet":{"background-color":"var(--ast-global-color-4)","background-image":"","background-repeat":"repeat","background-position":"center center","background-size":"auto","background-attachment":"scroll","background-type":"","background-media":"","overlay-type":"","overlay-color":"","overlay-opacity":"","overlay-gradient":""},"mobile":{"background-color":"var(--ast-global-color-4)","background-image":"","background-repeat":"repeat","background-position":"center center","background-size":"auto","background-attachment":"scroll","background-type":"","background-media":"","overlay-type":"","overlay-color":"","overlay-opacity":"","overlay-gradient":""}}},"product_brand":[],"product_cat":[148],"product_tag":[],"class_list":{"0":"post-1616","1":"product","2":"type-product","3":"status-publish","5":"product_cat-juegos-de-tablero","6":"desktop-align-left","7":"tablet-align-left","8":"mobile-align-left","10":"first","11":"instock","12":"purchasable","13":"product-type-simple"},"acf":[],"_links":{"self":[{"href":"https:\/\/d20juegos.com\/en\/wp-json\/wp\/v2\/product\/1616","targetHints":{"allow":["GET"]}}],"collection":[{"href":"https:\/\/d20juegos.com\/en\/wp-json\/wp\/v2\/product"}],"about":[{"href":"https:\/\/d20juegos.com\/en\/wp-json\/wp\/v2\/types\/product"}],"replies":[{"embeddable":true,"href":"https:\/\/d20juegos.com\/en\/wp-json\/wp\/v2\/comments?post=1616"}],"wp:attachment":[{"href":"https:\/\/d20juegos.com\/en\/wp-json\/wp\/v2\/media?parent=1616"}],"wp:term":[{"taxonomy":"product_brand","embeddable":true,"href":"https:\/\/d20juegos.com\/en\/wp-json\/wp\/v2\/product_brand?post=1616"},{"taxonomy":"product_cat","embeddable":true,"href":"https:\/\/d20juegos.com\/en\/wp-json\/wp\/v2\/product_cat?post=1616"},{"taxonomy":"product_tag","embeddable":true,"href":"https:\/\/d20juegos.com\/en\/wp-json\/wp\/v2\/product_tag?post=1616"}],"curies":[{"name":"wp","href":"https:\/\/api.w.org\/{rel}","templated":true}]}}