{"id":1622,"date":"2025-10-27T13:53:36","date_gmt":"2025-10-27T12:53:36","guid":{"rendered":"https:\/\/d20juegos.com\/producto\/perspectives-azul\/"},"modified":"2025-10-27T13:53:37","modified_gmt":"2025-10-27T12:53:37","slug":"perspectives-azul","status":"publish","type":"product","link":"https:\/\/d20juegos.com\/en\/product\/perspectives-azul\/","title":{"rendered":"PERSPECTIVES AZUL"},"content":{"rendered":"<p>Perspectives Azul es un juego de mesa donde trabajar\u00e9is en equipo para resolver los casos. Cada jugador tiene informaci\u00f3n fundamental y la tendr\u00e9is que compartir entre todos para ir reconstruyendo el caso y encontrar la soluci\u00f3n final.Perspectives Azul est\u00e1 compuesto por tres casos, cada uno dividido en cuatro partes. Cread conexiones entre fotograf\u00edas, informes, pistas\u2026 pero no mir\u00e9is los documentos del resto de vuestros compa\u00f1eros. \u00bfPodr\u00e9is reunir toda la informaci\u00f3n para solucionar el caso?<\/p>","protected":false},"excerpt":{"rendered":"<p>Perspectives Azul es un juego de mesa donde trabajar\u00e9is en equipo para resolver los casos. Cada jugador tiene informaci\u00f3n fundamental y la tendr\u00e9is que compartir entre todos para ir reconstruyendo el caso y encontrar la soluci\u00f3n final.Perspectives Azul est\u00e1 compuesto por tres casos, cada uno dividido en cuatro partes. Cread conexiones entre fotograf\u00edas, informes, pistas\u2026 pero no mir\u00e9is los documentos del resto de vuestros compa\u00f1eros. \u00bfPodr\u00e9is reunir toda la informaci\u00f3n para solucionar el caso?<\/p>","protected":false},"featured_media":0,"comment_status":"closed","ping_status":"closed","template":"","meta":{"_acf_changed":false,"site-sidebar-layout":"default","site-content-layout":"","ast-site-content-layout":"default","site-content-style":"default","site-sidebar-style":"default","ast-global-header-display":"","ast-banner-title-visibility":"","ast-main-header-display":"","ast-hfb-above-header-display":"","ast-hfb-below-header-display":"","ast-hfb-mobile-header-display":"","site-post-title":"","ast-breadcrumbs-content":"","ast-featured-img":"","footer-sml-layout":"","theme-transparent-header-meta":"","adv-header-id-meta":"","stick-header-meta":"","header-above-stick-meta":"","header-main-stick-meta":"","header-below-stick-meta":"","astra-migrate-meta-layouts":"default","ast-page-background-enabled":"default","ast-page-background-meta":{"desktop":{"background-color":"var(--ast-global-color-5)","background-image":"","background-repeat":"repeat","background-position":"center center","background-size":"auto","background-attachment":"scroll","background-type":"","background-media":"","overlay-type":"","overlay-color":"","overlay-opacity":"","overlay-gradient":""},"tablet":{"background-color":"","background-image":"","background-repeat":"repeat","background-position":"center center","background-size":"auto","background-attachment":"scroll","background-type":"","background-media":"","overlay-type":"","overlay-color":"","overlay-opacity":"","overlay-gradient":""},"mobile":{"background-color":"","background-image":"","background-repeat":"repeat","background-position":"center center","background-size":"auto","background-attachment":"scroll","background-type":"","background-media":"","overlay-type":"","overlay-color":"","overlay-opacity":"","overlay-gradient":""}},"ast-content-background-meta":{"desktop":{"background-color":"var(--ast-global-color-4)","background-image":"","background-repeat":"repeat","background-position":"center center","background-size":"auto","background-attachment":"scroll","background-type":"","background-media":"","overlay-type":"","overlay-color":"","overlay-opacity":"","overlay-gradient":""},"tablet":{"background-color":"var(--ast-global-color-4)","background-image":"","background-repeat":"repeat","background-position":"center center","background-size":"auto","background-attachment":"scroll","background-type":"","background-media":"","overlay-type":"","overlay-color":"","overlay-opacity":"","overlay-gradient":""},"mobile":{"background-color":"var(--ast-global-color-4)","background-image":"","background-repeat":"repeat","background-position":"center center","background-size":"auto","background-attachment":"scroll","background-type":"","background-media":"","overlay-type":"","overlay-color":"","overlay-opacity":"","overlay-gradient":""}}},"product_brand":[],"product_cat":[148],"product_tag":[],"class_list":{"0":"post-1622","1":"product","2":"type-product","3":"status-publish","5":"product_cat-juegos-de-tablero","6":"desktop-align-left","7":"tablet-align-left","8":"mobile-align-left","10":"first","11":"instock","12":"purchasable","13":"product-type-simple"},"acf":[],"_links":{"self":[{"href":"https:\/\/d20juegos.com\/en\/wp-json\/wp\/v2\/product\/1622","targetHints":{"allow":["GET"]}}],"collection":[{"href":"https:\/\/d20juegos.com\/en\/wp-json\/wp\/v2\/product"}],"about":[{"href":"https:\/\/d20juegos.com\/en\/wp-json\/wp\/v2\/types\/product"}],"replies":[{"embeddable":true,"href":"https:\/\/d20juegos.com\/en\/wp-json\/wp\/v2\/comments?post=1622"}],"wp:attachment":[{"href":"https:\/\/d20juegos.com\/en\/wp-json\/wp\/v2\/media?parent=1622"}],"wp:term":[{"taxonomy":"product_brand","embeddable":true,"href":"https:\/\/d20juegos.com\/en\/wp-json\/wp\/v2\/product_brand?post=1622"},{"taxonomy":"product_cat","embeddable":true,"href":"https:\/\/d20juegos.com\/en\/wp-json\/wp\/v2\/product_cat?post=1622"},{"taxonomy":"product_tag","embeddable":true,"href":"https:\/\/d20juegos.com\/en\/wp-json\/wp\/v2\/product_tag?post=1622"}],"curies":[{"name":"wp","href":"https:\/\/api.w.org\/{rel}","templated":true}]}}