{"id":1636,"date":"2025-10-27T13:53:36","date_gmt":"2025-10-27T12:53:36","guid":{"rendered":"https:\/\/d20juegos.com\/producto\/video-game-champion\/"},"modified":"2025-10-27T13:53:41","modified_gmt":"2025-10-27T12:53:41","slug":"video-game-champion","status":"publish","type":"product","link":"https:\/\/d20juegos.com\/en\/product\/video-game-champion\/","title":{"rendered":"VIDEO GAME CHAMPION"},"content":{"rendered":"<p>Los a\u00f1os 90. La Edad de Oro de los videojuegos de 16 bits. \u00a1Una \u00e9poca en la que el sue\u00f1o de todos los ni\u00f1os era ser el campe\u00f3n de los videojuegos!<\/p>\n<p>Tus amigos y t\u00fa ser\u00e9is ni\u00f1os a principios de los a\u00f1os 90 gestionando vuestra energ\u00eda entre conseguir dinero para pasarlo bien, estudiar, comprar revistas, alquilar videojuegos, pedir a vuestros padres videojuegos como regalo y, sobre todo, \u00a1jugar tanto como pod\u00e1is!<\/p>\n<p>\u00bfSer\u00e1s capaz de superar a tus amigos y convertirte en el campe\u00f3n de los videojuegos?<\/p>","protected":false},"excerpt":{"rendered":"<p>Los a\u00f1os 90. La Edad de Oro de los videojuegos de 16 bits. \u00a1Una \u00e9poca en la que el sue\u00f1o de todos los ni\u00f1os era ser el campe\u00f3n de los videojuegos!<\/p>\n<p>Tus amigos y t\u00fa ser\u00e9is ni\u00f1os a principios de los a\u00f1os 90 gestionando vuestra energ\u00eda entre conseguir dinero para pasarlo bien, estudiar, comprar revistas, alquilar videojuegos, pedir a vuestros padres videojuegos como regalo y, sobre todo, \u00a1jugar tanto como pod\u00e1is!<\/p>\n<p>\u00bfSer\u00e1s capaz de superar a tus amigos y convertirte en el campe\u00f3n de los videojuegos?<\/p>","protected":false},"featured_media":0,"comment_status":"closed","ping_status":"closed","template":"","meta":{"_acf_changed":false,"site-sidebar-layout":"default","site-content-layout":"","ast-site-content-layout":"default","site-content-style":"default","site-sidebar-style":"default","ast-global-header-display":"","ast-banner-title-visibility":"","ast-main-header-display":"","ast-hfb-above-header-display":"","ast-hfb-below-header-display":"","ast-hfb-mobile-header-display":"","site-post-title":"","ast-breadcrumbs-content":"","ast-featured-img":"","footer-sml-layout":"","theme-transparent-header-meta":"","adv-header-id-meta":"","stick-header-meta":"","header-above-stick-meta":"","header-main-stick-meta":"","header-below-stick-meta":"","astra-migrate-meta-layouts":"default","ast-page-background-enabled":"default","ast-page-background-meta":{"desktop":{"background-color":"var(--ast-global-color-5)","background-image":"","background-repeat":"repeat","background-position":"center center","background-size":"auto","background-attachment":"scroll","background-type":"","background-media":"","overlay-type":"","overlay-color":"","overlay-opacity":"","overlay-gradient":""},"tablet":{"background-color":"","background-image":"","background-repeat":"repeat","background-position":"center center","background-size":"auto","background-attachment":"scroll","background-type":"","background-media":"","overlay-type":"","overlay-color":"","overlay-opacity":"","overlay-gradient":""},"mobile":{"background-color":"","background-image":"","background-repeat":"repeat","background-position":"center center","background-size":"auto","background-attachment":"scroll","background-type":"","background-media":"","overlay-type":"","overlay-color":"","overlay-opacity":"","overlay-gradient":""}},"ast-content-background-meta":{"desktop":{"background-color":"var(--ast-global-color-4)","background-image":"","background-repeat":"repeat","background-position":"center center","background-size":"auto","background-attachment":"scroll","background-type":"","background-media":"","overlay-type":"","overlay-color":"","overlay-opacity":"","overlay-gradient":""},"tablet":{"background-color":"var(--ast-global-color-4)","background-image":"","background-repeat":"repeat","background-position":"center center","background-size":"auto","background-attachment":"scroll","background-type":"","background-media":"","overlay-type":"","overlay-color":"","overlay-opacity":"","overlay-gradient":""},"mobile":{"background-color":"var(--ast-global-color-4)","background-image":"","background-repeat":"repeat","background-position":"center center","background-size":"auto","background-attachment":"scroll","background-type":"","background-media":"","overlay-type":"","overlay-color":"","overlay-opacity":"","overlay-gradient":""}}},"product_brand":[],"product_cat":[148],"product_tag":[],"class_list":{"0":"post-1636","1":"product","2":"type-product","3":"status-publish","5":"product_cat-juegos-de-tablero","6":"desktop-align-left","7":"tablet-align-left","8":"mobile-align-left","10":"first","11":"instock","12":"purchasable","13":"product-type-simple"},"acf":[],"_links":{"self":[{"href":"https:\/\/d20juegos.com\/en\/wp-json\/wp\/v2\/product\/1636","targetHints":{"allow":["GET"]}}],"collection":[{"href":"https:\/\/d20juegos.com\/en\/wp-json\/wp\/v2\/product"}],"about":[{"href":"https:\/\/d20juegos.com\/en\/wp-json\/wp\/v2\/types\/product"}],"replies":[{"embeddable":true,"href":"https:\/\/d20juegos.com\/en\/wp-json\/wp\/v2\/comments?post=1636"}],"wp:attachment":[{"href":"https:\/\/d20juegos.com\/en\/wp-json\/wp\/v2\/media?parent=1636"}],"wp:term":[{"taxonomy":"product_brand","embeddable":true,"href":"https:\/\/d20juegos.com\/en\/wp-json\/wp\/v2\/product_brand?post=1636"},{"taxonomy":"product_cat","embeddable":true,"href":"https:\/\/d20juegos.com\/en\/wp-json\/wp\/v2\/product_cat?post=1636"},{"taxonomy":"product_tag","embeddable":true,"href":"https:\/\/d20juegos.com\/en\/wp-json\/wp\/v2\/product_tag?post=1636"}],"curies":[{"name":"wp","href":"https:\/\/api.w.org\/{rel}","templated":true}]}}