{"id":1643,"date":"2025-10-27T13:53:45","date_gmt":"2025-10-27T12:53:45","guid":{"rendered":"https:\/\/d20juegos.com\/producto\/tentricks\/"},"modified":"2025-10-27T13:53:47","modified_gmt":"2025-10-27T12:53:47","slug":"tentricks","status":"publish","type":"product","link":"https:\/\/d20juegos.com\/en\/product\/tentricks\/","title":{"rendered":"TENTRICKS"},"content":{"rendered":"<p>Tentricks\u00a0es un juego de mesa donde te transportar\u00e1s al a\u00f1o 2054, donde los juegos de mesa han sido sustituidos por los juegos interneuronales y Tentricks es un juego muy conocido entre los neurogamers. Tu objetivo ser\u00e1 colocar las piezas de Tentricks que te indican las cartas en tu tablero, mientras que evitas que la barra de l\u00edmite alcance tus piezas, porque estar\u00e1s eliminado si eso pasa. Adem\u00e1s, durante la partida podr\u00e1s conseguir fichas de efecto para mejorar tu juego y cambiar los planes de los dem\u00e1s jugadores. \u00a1Evita ser eliminado y ganar\u00e1s la partida!<\/p>","protected":false},"excerpt":{"rendered":"<p>Tentricks\u00a0es un juego de mesa donde te transportar\u00e1s al a\u00f1o 2054, donde los juegos de mesa han sido sustituidos por los juegos interneuronales y Tentricks es un juego muy conocido entre los neurogamers. Tu objetivo ser\u00e1 colocar las piezas de Tentricks que te indican las cartas en tu tablero, mientras que evitas que la barra de l\u00edmite alcance tus piezas, porque estar\u00e1s eliminado si eso pasa. Adem\u00e1s, durante la partida podr\u00e1s conseguir fichas de efecto para mejorar tu juego y cambiar los planes de los dem\u00e1s jugadores. \u00a1Evita ser eliminado y ganar\u00e1s la partida!<\/p>","protected":false},"featured_media":0,"comment_status":"closed","ping_status":"closed","template":"","meta":{"_acf_changed":false,"site-sidebar-layout":"default","site-content-layout":"","ast-site-content-layout":"default","site-content-style":"default","site-sidebar-style":"default","ast-global-header-display":"","ast-banner-title-visibility":"","ast-main-header-display":"","ast-hfb-above-header-display":"","ast-hfb-below-header-display":"","ast-hfb-mobile-header-display":"","site-post-title":"","ast-breadcrumbs-content":"","ast-featured-img":"","footer-sml-layout":"","theme-transparent-header-meta":"","adv-header-id-meta":"","stick-header-meta":"","header-above-stick-meta":"","header-main-stick-meta":"","header-below-stick-meta":"","astra-migrate-meta-layouts":"default","ast-page-background-enabled":"default","ast-page-background-meta":{"desktop":{"background-color":"var(--ast-global-color-5)","background-image":"","background-repeat":"repeat","background-position":"center center","background-size":"auto","background-attachment":"scroll","background-type":"","background-media":"","overlay-type":"","overlay-color":"","overlay-opacity":"","overlay-gradient":""},"tablet":{"background-color":"","background-image":"","background-repeat":"repeat","background-position":"center center","background-size":"auto","background-attachment":"scroll","background-type":"","background-media":"","overlay-type":"","overlay-color":"","overlay-opacity":"","overlay-gradient":""},"mobile":{"background-color":"","background-image":"","background-repeat":"repeat","background-position":"center center","background-size":"auto","background-attachment":"scroll","background-type":"","background-media":"","overlay-type":"","overlay-color":"","overlay-opacity":"","overlay-gradient":""}},"ast-content-background-meta":{"desktop":{"background-color":"var(--ast-global-color-4)","background-image":"","background-repeat":"repeat","background-position":"center center","background-size":"auto","background-attachment":"scroll","background-type":"","background-media":"","overlay-type":"","overlay-color":"","overlay-opacity":"","overlay-gradient":""},"tablet":{"background-color":"var(--ast-global-color-4)","background-image":"","background-repeat":"repeat","background-position":"center center","background-size":"auto","background-attachment":"scroll","background-type":"","background-media":"","overlay-type":"","overlay-color":"","overlay-opacity":"","overlay-gradient":""},"mobile":{"background-color":"var(--ast-global-color-4)","background-image":"","background-repeat":"repeat","background-position":"center center","background-size":"auto","background-attachment":"scroll","background-type":"","background-media":"","overlay-type":"","overlay-color":"","overlay-opacity":"","overlay-gradient":""}}},"product_brand":[],"product_cat":[148],"product_tag":[],"class_list":{"0":"post-1643","1":"product","2":"type-product","3":"status-publish","5":"product_cat-juegos-de-tablero","6":"desktop-align-left","7":"tablet-align-left","8":"mobile-align-left","10":"first","11":"instock","12":"purchasable","13":"product-type-simple"},"acf":[],"_links":{"self":[{"href":"https:\/\/d20juegos.com\/en\/wp-json\/wp\/v2\/product\/1643","targetHints":{"allow":["GET"]}}],"collection":[{"href":"https:\/\/d20juegos.com\/en\/wp-json\/wp\/v2\/product"}],"about":[{"href":"https:\/\/d20juegos.com\/en\/wp-json\/wp\/v2\/types\/product"}],"replies":[{"embeddable":true,"href":"https:\/\/d20juegos.com\/en\/wp-json\/wp\/v2\/comments?post=1643"}],"wp:attachment":[{"href":"https:\/\/d20juegos.com\/en\/wp-json\/wp\/v2\/media?parent=1643"}],"wp:term":[{"taxonomy":"product_brand","embeddable":true,"href":"https:\/\/d20juegos.com\/en\/wp-json\/wp\/v2\/product_brand?post=1643"},{"taxonomy":"product_cat","embeddable":true,"href":"https:\/\/d20juegos.com\/en\/wp-json\/wp\/v2\/product_cat?post=1643"},{"taxonomy":"product_tag","embeddable":true,"href":"https:\/\/d20juegos.com\/en\/wp-json\/wp\/v2\/product_tag?post=1643"}],"curies":[{"name":"wp","href":"https:\/\/api.w.org\/{rel}","templated":true}]}}