{"id":1652,"date":"2025-10-27T13:53:45","date_gmt":"2025-10-27T12:53:45","guid":{"rendered":"https:\/\/d20juegos.com\/producto\/la-famiglia-la-gran-guerra\/"},"modified":"2025-10-27T13:53:52","modified_gmt":"2025-10-27T12:53:52","slug":"la-famiglia-la-gran-guerra","status":"publish","type":"product","link":"https:\/\/d20juegos.com\/en\/product\/la-famiglia-la-gran-guerra\/","title":{"rendered":"LA FAMIGLIA: LA GRAN GUERRA"},"content":{"rendered":"<p>La Famiglia\u00a0es un juego de tablero en el que os enfrentar\u00e9is a una batalla despiadada entre las familias de la Mafia, todo ello para lograr el control de Sicilia. Seis familias mafiosas, cada una de ellas con habilidades especiales, formar\u00e1n parte del juego, el cual se divide en dos fases: Planificaci\u00f3n y Encuentro. Durante la Planificaci\u00f3n, desarrollas tus habilidades y colocas luchadores y \u00f3rdenes secretas en el tablero. En el Encuentro, revelas y ejecutas las \u00f3rdenes, usando tus luchadores y bombas para controlar tantas regiones como sea posible. El equipo que mejor coordine sus habilidades dominar\u00e1 finalmente Sicilia.<\/p>","protected":false},"excerpt":{"rendered":"<p>La Famiglia\u00a0es un juego de tablero en el que os enfrentar\u00e9is a una batalla despiadada entre las familias de la Mafia, todo ello para lograr el control de Sicilia. Seis familias mafiosas, cada una de ellas con habilidades especiales, formar\u00e1n parte del juego, el cual se divide en dos fases: Planificaci\u00f3n y Encuentro. Durante la Planificaci\u00f3n, desarrollas tus habilidades y colocas luchadores y \u00f3rdenes secretas en el tablero. En el Encuentro, revelas y ejecutas las \u00f3rdenes, usando tus luchadores y bombas para controlar tantas regiones como sea posible. El equipo que mejor coordine sus habilidades dominar\u00e1 finalmente Sicilia.<\/p>","protected":false},"featured_media":0,"comment_status":"closed","ping_status":"closed","template":"","meta":{"_acf_changed":false,"site-sidebar-layout":"default","site-content-layout":"","ast-site-content-layout":"default","site-content-style":"default","site-sidebar-style":"default","ast-global-header-display":"","ast-banner-title-visibility":"","ast-main-header-display":"","ast-hfb-above-header-display":"","ast-hfb-below-header-display":"","ast-hfb-mobile-header-display":"","site-post-title":"","ast-breadcrumbs-content":"","ast-featured-img":"","footer-sml-layout":"","theme-transparent-header-meta":"","adv-header-id-meta":"","stick-header-meta":"","header-above-stick-meta":"","header-main-stick-meta":"","header-below-stick-meta":"","astra-migrate-meta-layouts":"default","ast-page-background-enabled":"default","ast-page-background-meta":{"desktop":{"background-color":"var(--ast-global-color-5)","background-image":"","background-repeat":"repeat","background-position":"center center","background-size":"auto","background-attachment":"scroll","background-type":"","background-media":"","overlay-type":"","overlay-color":"","overlay-opacity":"","overlay-gradient":""},"tablet":{"background-color":"","background-image":"","background-repeat":"repeat","background-position":"center center","background-size":"auto","background-attachment":"scroll","background-type":"","background-media":"","overlay-type":"","overlay-color":"","overlay-opacity":"","overlay-gradient":""},"mobile":{"background-color":"","background-image":"","background-repeat":"repeat","background-position":"center center","background-size":"auto","background-attachment":"scroll","background-type":"","background-media":"","overlay-type":"","overlay-color":"","overlay-opacity":"","overlay-gradient":""}},"ast-content-background-meta":{"desktop":{"background-color":"var(--ast-global-color-4)","background-image":"","background-repeat":"repeat","background-position":"center center","background-size":"auto","background-attachment":"scroll","background-type":"","background-media":"","overlay-type":"","overlay-color":"","overlay-opacity":"","overlay-gradient":""},"tablet":{"background-color":"var(--ast-global-color-4)","background-image":"","background-repeat":"repeat","background-position":"center center","background-size":"auto","background-attachment":"scroll","background-type":"","background-media":"","overlay-type":"","overlay-color":"","overlay-opacity":"","overlay-gradient":""},"mobile":{"background-color":"var(--ast-global-color-4)","background-image":"","background-repeat":"repeat","background-position":"center center","background-size":"auto","background-attachment":"scroll","background-type":"","background-media":"","overlay-type":"","overlay-color":"","overlay-opacity":"","overlay-gradient":""}}},"product_brand":[],"product_cat":[148],"product_tag":[],"class_list":{"0":"post-1652","1":"product","2":"type-product","3":"status-publish","5":"product_cat-juegos-de-tablero","6":"desktop-align-left","7":"tablet-align-left","8":"mobile-align-left","10":"first","11":"instock","12":"purchasable","13":"product-type-simple"},"acf":[],"_links":{"self":[{"href":"https:\/\/d20juegos.com\/en\/wp-json\/wp\/v2\/product\/1652","targetHints":{"allow":["GET"]}}],"collection":[{"href":"https:\/\/d20juegos.com\/en\/wp-json\/wp\/v2\/product"}],"about":[{"href":"https:\/\/d20juegos.com\/en\/wp-json\/wp\/v2\/types\/product"}],"replies":[{"embeddable":true,"href":"https:\/\/d20juegos.com\/en\/wp-json\/wp\/v2\/comments?post=1652"}],"wp:attachment":[{"href":"https:\/\/d20juegos.com\/en\/wp-json\/wp\/v2\/media?parent=1652"}],"wp:term":[{"taxonomy":"product_brand","embeddable":true,"href":"https:\/\/d20juegos.com\/en\/wp-json\/wp\/v2\/product_brand?post=1652"},{"taxonomy":"product_cat","embeddable":true,"href":"https:\/\/d20juegos.com\/en\/wp-json\/wp\/v2\/product_cat?post=1652"},{"taxonomy":"product_tag","embeddable":true,"href":"https:\/\/d20juegos.com\/en\/wp-json\/wp\/v2\/product_tag?post=1652"}],"curies":[{"name":"wp","href":"https:\/\/api.w.org\/{rel}","templated":true}]}}