{"id":1673,"date":"2025-10-27T13:53:57","date_gmt":"2025-10-27T12:53:57","guid":{"rendered":"https:\/\/d20juegos.com\/producto\/rock-hard\/"},"modified":"2025-10-27T13:54:07","modified_gmt":"2025-10-27T12:54:07","slug":"rock-hard","status":"publish","type":"product","link":"https:\/\/d20juegos.com\/en\/product\/rock-hard\/","title":{"rendered":"ROCK HARD"},"content":{"rendered":"<p>Hard Rock es un juego de mesa donde ser\u00e1s un m\u00fasico que sue\u00f1a con triunfar con su grupo. Ensayar\u00e1s, dar\u00e1s conciertos, escribir\u00e1s canciones y promocionar\u00e1s a tu grupo, y as\u00ed conseguir\u00e1s un gran \u00e9xito y fama para convertirte en el mejor artista novel del a\u00f1o. Hard Rock se juega en nueve rondas, cada una representa un d\u00eda t\u00edpico de abril a diciembre de 1977. Aumenta tu reputaci\u00f3n, tus chuletas y tus canciones para ganar bonificaciones de producci\u00f3n, actuaci\u00f3n y publicidad, consigue contratos discogr\u00e1ficos, gana derechos de autor y pasa el rato en los after-hours m\u00e1s modernos. \u00a1Ganar\u00e1s cuando hayas acumulado la mayor cantidad de fama!<\/p>","protected":false},"excerpt":{"rendered":"<p>Hard Rock es un juego de mesa donde ser\u00e1s un m\u00fasico que sue\u00f1a con triunfar con su grupo. Ensayar\u00e1s, dar\u00e1s conciertos, escribir\u00e1s canciones y promocionar\u00e1s a tu grupo, y as\u00ed conseguir\u00e1s un gran \u00e9xito y fama para convertirte en el mejor artista novel del a\u00f1o. Hard Rock se juega en nueve rondas, cada una representa un d\u00eda t\u00edpico de abril a diciembre de 1977. Aumenta tu reputaci\u00f3n, tus chuletas y tus canciones para ganar bonificaciones de producci\u00f3n, actuaci\u00f3n y publicidad, consigue contratos discogr\u00e1ficos, gana derechos de autor y pasa el rato en los after-hours m\u00e1s modernos. \u00a1Ganar\u00e1s cuando hayas acumulado la mayor cantidad de fama!<\/p>","protected":false},"featured_media":0,"comment_status":"closed","ping_status":"closed","template":"","meta":{"_acf_changed":false,"site-sidebar-layout":"default","site-content-layout":"","ast-site-content-layout":"default","site-content-style":"default","site-sidebar-style":"default","ast-global-header-display":"","ast-banner-title-visibility":"","ast-main-header-display":"","ast-hfb-above-header-display":"","ast-hfb-below-header-display":"","ast-hfb-mobile-header-display":"","site-post-title":"","ast-breadcrumbs-content":"","ast-featured-img":"","footer-sml-layout":"","theme-transparent-header-meta":"","adv-header-id-meta":"","stick-header-meta":"","header-above-stick-meta":"","header-main-stick-meta":"","header-below-stick-meta":"","astra-migrate-meta-layouts":"default","ast-page-background-enabled":"default","ast-page-background-meta":{"desktop":{"background-color":"var(--ast-global-color-5)","background-image":"","background-repeat":"repeat","background-position":"center center","background-size":"auto","background-attachment":"scroll","background-type":"","background-media":"","overlay-type":"","overlay-color":"","overlay-opacity":"","overlay-gradient":""},"tablet":{"background-color":"","background-image":"","background-repeat":"repeat","background-position":"center center","background-size":"auto","background-attachment":"scroll","background-type":"","background-media":"","overlay-type":"","overlay-color":"","overlay-opacity":"","overlay-gradient":""},"mobile":{"background-color":"","background-image":"","background-repeat":"repeat","background-position":"center center","background-size":"auto","background-attachment":"scroll","background-type":"","background-media":"","overlay-type":"","overlay-color":"","overlay-opacity":"","overlay-gradient":""}},"ast-content-background-meta":{"desktop":{"background-color":"var(--ast-global-color-4)","background-image":"","background-repeat":"repeat","background-position":"center center","background-size":"auto","background-attachment":"scroll","background-type":"","background-media":"","overlay-type":"","overlay-color":"","overlay-opacity":"","overlay-gradient":""},"tablet":{"background-color":"var(--ast-global-color-4)","background-image":"","background-repeat":"repeat","background-position":"center center","background-size":"auto","background-attachment":"scroll","background-type":"","background-media":"","overlay-type":"","overlay-color":"","overlay-opacity":"","overlay-gradient":""},"mobile":{"background-color":"var(--ast-global-color-4)","background-image":"","background-repeat":"repeat","background-position":"center center","background-size":"auto","background-attachment":"scroll","background-type":"","background-media":"","overlay-type":"","overlay-color":"","overlay-opacity":"","overlay-gradient":""}}},"product_brand":[],"product_cat":[148],"product_tag":[],"class_list":{"0":"post-1673","1":"product","2":"type-product","3":"status-publish","5":"product_cat-juegos-de-tablero","6":"desktop-align-left","7":"tablet-align-left","8":"mobile-align-left","10":"first","11":"instock","12":"purchasable","13":"product-type-simple"},"acf":[],"_links":{"self":[{"href":"https:\/\/d20juegos.com\/en\/wp-json\/wp\/v2\/product\/1673","targetHints":{"allow":["GET"]}}],"collection":[{"href":"https:\/\/d20juegos.com\/en\/wp-json\/wp\/v2\/product"}],"about":[{"href":"https:\/\/d20juegos.com\/en\/wp-json\/wp\/v2\/types\/product"}],"replies":[{"embeddable":true,"href":"https:\/\/d20juegos.com\/en\/wp-json\/wp\/v2\/comments?post=1673"}],"wp:attachment":[{"href":"https:\/\/d20juegos.com\/en\/wp-json\/wp\/v2\/media?parent=1673"}],"wp:term":[{"taxonomy":"product_brand","embeddable":true,"href":"https:\/\/d20juegos.com\/en\/wp-json\/wp\/v2\/product_brand?post=1673"},{"taxonomy":"product_cat","embeddable":true,"href":"https:\/\/d20juegos.com\/en\/wp-json\/wp\/v2\/product_cat?post=1673"},{"taxonomy":"product_tag","embeddable":true,"href":"https:\/\/d20juegos.com\/en\/wp-json\/wp\/v2\/product_tag?post=1673"}],"curies":[{"name":"wp","href":"https:\/\/api.w.org\/{rel}","templated":true}]}}