{"id":1674,"date":"2025-10-27T13:53:57","date_gmt":"2025-10-27T12:53:57","guid":{"rendered":"https:\/\/d20juegos.com\/producto\/las-ruinas-perdidas-de-arnak-lideres-de-la-expedicion\/"},"modified":"2025-10-27T13:54:08","modified_gmt":"2025-10-27T12:54:08","slug":"las-ruinas-perdidas-de-arnak-lideres-de-la-expedicion","status":"publish","type":"product","link":"https:\/\/d20juegos.com\/en\/product\/las-ruinas-perdidas-de-arnak-lideres-de-la-expedicion\/","title":{"rendered":"LAS RUINAS PERDIDAS DE ARNAK: L\u00cdDERES DE LA EXPEDICI\u00d3N"},"content":{"rendered":"<p>L\u00edderes de la Expedici\u00f3n es una expansi\u00f3n para el juego b\u00e1sico Las Ruinas Perdidas de Arnak con nuevos contenidos para ampliar la diversi\u00f3n de tus partidas. Adem\u00e1s, esta expansi\u00f3n a\u00f1ade un componente asim\u00e9trico al inicio de la partida, otorga habilidades \u00fanicas para cada jugador, nuevas cartas de objetos y artefactos, guardianes in\u00e9ditos y rutas de investigaci\u00f3n alternativas. Disfruta al m\u00e1ximo de las aventuras de Arnak.<\/p>","protected":false},"excerpt":{"rendered":"<p>L\u00edderes de la Expedici\u00f3n es una expansi\u00f3n para el juego b\u00e1sico Las Ruinas Perdidas de Arnak con nuevos contenidos para ampliar la diversi\u00f3n de tus partidas. Adem\u00e1s, esta expansi\u00f3n a\u00f1ade un componente asim\u00e9trico al inicio de la partida, otorga habilidades \u00fanicas para cada jugador, nuevas cartas de objetos y artefactos, guardianes in\u00e9ditos y rutas de investigaci\u00f3n alternativas. Disfruta al m\u00e1ximo de las aventuras de Arnak.<\/p>","protected":false},"featured_media":0,"comment_status":"closed","ping_status":"closed","template":"","meta":{"_acf_changed":false,"site-sidebar-layout":"default","site-content-layout":"","ast-site-content-layout":"default","site-content-style":"default","site-sidebar-style":"default","ast-global-header-display":"","ast-banner-title-visibility":"","ast-main-header-display":"","ast-hfb-above-header-display":"","ast-hfb-below-header-display":"","ast-hfb-mobile-header-display":"","site-post-title":"","ast-breadcrumbs-content":"","ast-featured-img":"","footer-sml-layout":"","theme-transparent-header-meta":"","adv-header-id-meta":"","stick-header-meta":"","header-above-stick-meta":"","header-main-stick-meta":"","header-below-stick-meta":"","astra-migrate-meta-layouts":"default","ast-page-background-enabled":"default","ast-page-background-meta":{"desktop":{"background-color":"var(--ast-global-color-5)","background-image":"","background-repeat":"repeat","background-position":"center center","background-size":"auto","background-attachment":"scroll","background-type":"","background-media":"","overlay-type":"","overlay-color":"","overlay-opacity":"","overlay-gradient":""},"tablet":{"background-color":"","background-image":"","background-repeat":"repeat","background-position":"center center","background-size":"auto","background-attachment":"scroll","background-type":"","background-media":"","overlay-type":"","overlay-color":"","overlay-opacity":"","overlay-gradient":""},"mobile":{"background-color":"","background-image":"","background-repeat":"repeat","background-position":"center center","background-size":"auto","background-attachment":"scroll","background-type":"","background-media":"","overlay-type":"","overlay-color":"","overlay-opacity":"","overlay-gradient":""}},"ast-content-background-meta":{"desktop":{"background-color":"var(--ast-global-color-4)","background-image":"","background-repeat":"repeat","background-position":"center center","background-size":"auto","background-attachment":"scroll","background-type":"","background-media":"","overlay-type":"","overlay-color":"","overlay-opacity":"","overlay-gradient":""},"tablet":{"background-color":"var(--ast-global-color-4)","background-image":"","background-repeat":"repeat","background-position":"center center","background-size":"auto","background-attachment":"scroll","background-type":"","background-media":"","overlay-type":"","overlay-color":"","overlay-opacity":"","overlay-gradient":""},"mobile":{"background-color":"var(--ast-global-color-4)","background-image":"","background-repeat":"repeat","background-position":"center center","background-size":"auto","background-attachment":"scroll","background-type":"","background-media":"","overlay-type":"","overlay-color":"","overlay-opacity":"","overlay-gradient":""}}},"product_brand":[],"product_cat":[148],"product_tag":[],"class_list":{"0":"post-1674","1":"product","2":"type-product","3":"status-publish","5":"product_cat-juegos-de-tablero","6":"desktop-align-left","7":"tablet-align-left","8":"mobile-align-left","10":"first","11":"instock","12":"purchasable","13":"product-type-simple"},"acf":[],"_links":{"self":[{"href":"https:\/\/d20juegos.com\/en\/wp-json\/wp\/v2\/product\/1674","targetHints":{"allow":["GET"]}}],"collection":[{"href":"https:\/\/d20juegos.com\/en\/wp-json\/wp\/v2\/product"}],"about":[{"href":"https:\/\/d20juegos.com\/en\/wp-json\/wp\/v2\/types\/product"}],"replies":[{"embeddable":true,"href":"https:\/\/d20juegos.com\/en\/wp-json\/wp\/v2\/comments?post=1674"}],"wp:attachment":[{"href":"https:\/\/d20juegos.com\/en\/wp-json\/wp\/v2\/media?parent=1674"}],"wp:term":[{"taxonomy":"product_brand","embeddable":true,"href":"https:\/\/d20juegos.com\/en\/wp-json\/wp\/v2\/product_brand?post=1674"},{"taxonomy":"product_cat","embeddable":true,"href":"https:\/\/d20juegos.com\/en\/wp-json\/wp\/v2\/product_cat?post=1674"},{"taxonomy":"product_tag","embeddable":true,"href":"https:\/\/d20juegos.com\/en\/wp-json\/wp\/v2\/product_tag?post=1674"}],"curies":[{"name":"wp","href":"https:\/\/api.w.org\/{rel}","templated":true}]}}