{"id":1692,"date":"2025-10-27T13:54:13","date_gmt":"2025-10-27T12:54:13","guid":{"rendered":"https:\/\/d20juegos.com\/producto\/tiny-turbo-cars\/"},"modified":"2025-10-27T13:54:20","modified_gmt":"2025-10-27T12:54:20","slug":"tiny-turbo-cars","status":"publish","type":"product","link":"https:\/\/d20juegos.com\/en\/product\/tiny-turbo-cars\/","title":{"rendered":"TINY TURBO CARS"},"content":{"rendered":"<p>Tiny Turbo Cars es un juego de tablero en el que participar\u00e1s con tu peque\u00f1o coche de juguete en una emocionante carrera. Los jugadores tendr\u00e9is que abriros paso a trav\u00e9s de los controladores de rompecabezas, creando la secuencia de las acciones que quer\u00e9is que realice vuestro coche. Tendr\u00e1s que ir lo suficientemente r\u00e1pido como para ganar la carrera, pero tambi\u00e9n con el suficiente control como para no cometer errores, recibir da\u00f1os y perder energ\u00eda, lo cual ralentizar\u00e1 vuestra carrera. Intenta ser el primer jugador en cruzar la l\u00ednea de meta.<\/p>","protected":false},"excerpt":{"rendered":"<p>Tiny Turbo Cars es un juego de tablero en el que participar\u00e1s con tu peque\u00f1o coche de juguete en una emocionante carrera. Los jugadores tendr\u00e9is que abriros paso a trav\u00e9s de los controladores de rompecabezas, creando la secuencia de las acciones que quer\u00e9is que realice vuestro coche. Tendr\u00e1s que ir lo suficientemente r\u00e1pido como para ganar la carrera, pero tambi\u00e9n con el suficiente control como para no cometer errores, recibir da\u00f1os y perder energ\u00eda, lo cual ralentizar\u00e1 vuestra carrera. Intenta ser el primer jugador en cruzar la l\u00ednea de meta.<\/p>","protected":false},"featured_media":0,"comment_status":"closed","ping_status":"closed","template":"","meta":{"_acf_changed":false,"site-sidebar-layout":"default","site-content-layout":"","ast-site-content-layout":"default","site-content-style":"default","site-sidebar-style":"default","ast-global-header-display":"","ast-banner-title-visibility":"","ast-main-header-display":"","ast-hfb-above-header-display":"","ast-hfb-below-header-display":"","ast-hfb-mobile-header-display":"","site-post-title":"","ast-breadcrumbs-content":"","ast-featured-img":"","footer-sml-layout":"","theme-transparent-header-meta":"","adv-header-id-meta":"","stick-header-meta":"","header-above-stick-meta":"","header-main-stick-meta":"","header-below-stick-meta":"","astra-migrate-meta-layouts":"default","ast-page-background-enabled":"default","ast-page-background-meta":{"desktop":{"background-color":"var(--ast-global-color-5)","background-image":"","background-repeat":"repeat","background-position":"center center","background-size":"auto","background-attachment":"scroll","background-type":"","background-media":"","overlay-type":"","overlay-color":"","overlay-opacity":"","overlay-gradient":""},"tablet":{"background-color":"","background-image":"","background-repeat":"repeat","background-position":"center center","background-size":"auto","background-attachment":"scroll","background-type":"","background-media":"","overlay-type":"","overlay-color":"","overlay-opacity":"","overlay-gradient":""},"mobile":{"background-color":"","background-image":"","background-repeat":"repeat","background-position":"center center","background-size":"auto","background-attachment":"scroll","background-type":"","background-media":"","overlay-type":"","overlay-color":"","overlay-opacity":"","overlay-gradient":""}},"ast-content-background-meta":{"desktop":{"background-color":"var(--ast-global-color-4)","background-image":"","background-repeat":"repeat","background-position":"center center","background-size":"auto","background-attachment":"scroll","background-type":"","background-media":"","overlay-type":"","overlay-color":"","overlay-opacity":"","overlay-gradient":""},"tablet":{"background-color":"var(--ast-global-color-4)","background-image":"","background-repeat":"repeat","background-position":"center center","background-size":"auto","background-attachment":"scroll","background-type":"","background-media":"","overlay-type":"","overlay-color":"","overlay-opacity":"","overlay-gradient":""},"mobile":{"background-color":"var(--ast-global-color-4)","background-image":"","background-repeat":"repeat","background-position":"center center","background-size":"auto","background-attachment":"scroll","background-type":"","background-media":"","overlay-type":"","overlay-color":"","overlay-opacity":"","overlay-gradient":""}}},"product_brand":[],"product_cat":[148],"product_tag":[],"class_list":{"0":"post-1692","1":"product","2":"type-product","3":"status-publish","5":"product_cat-juegos-de-tablero","6":"desktop-align-left","7":"tablet-align-left","8":"mobile-align-left","10":"first","11":"instock","12":"purchasable","13":"product-type-simple"},"acf":[],"_links":{"self":[{"href":"https:\/\/d20juegos.com\/en\/wp-json\/wp\/v2\/product\/1692","targetHints":{"allow":["GET"]}}],"collection":[{"href":"https:\/\/d20juegos.com\/en\/wp-json\/wp\/v2\/product"}],"about":[{"href":"https:\/\/d20juegos.com\/en\/wp-json\/wp\/v2\/types\/product"}],"replies":[{"embeddable":true,"href":"https:\/\/d20juegos.com\/en\/wp-json\/wp\/v2\/comments?post=1692"}],"wp:attachment":[{"href":"https:\/\/d20juegos.com\/en\/wp-json\/wp\/v2\/media?parent=1692"}],"wp:term":[{"taxonomy":"product_brand","embeddable":true,"href":"https:\/\/d20juegos.com\/en\/wp-json\/wp\/v2\/product_brand?post=1692"},{"taxonomy":"product_cat","embeddable":true,"href":"https:\/\/d20juegos.com\/en\/wp-json\/wp\/v2\/product_cat?post=1692"},{"taxonomy":"product_tag","embeddable":true,"href":"https:\/\/d20juegos.com\/en\/wp-json\/wp\/v2\/product_tag?post=1692"}],"curies":[{"name":"wp","href":"https:\/\/api.w.org\/{rel}","templated":true}]}}