{"id":1693,"date":"2025-10-27T13:54:13","date_gmt":"2025-10-27T12:54:13","guid":{"rendered":"https:\/\/d20juegos.com\/producto\/ubongo-classic\/"},"modified":"2025-10-27T13:54:20","modified_gmt":"2025-10-27T12:54:20","slug":"ubongo-classic","status":"publish","type":"product","link":"https:\/\/d20juegos.com\/en\/product\/ubongo-classic\/","title":{"rendered":"UBONGO CLASSIC!"},"content":{"rendered":"<p>Cada jugador tendr\u00e1 una plantilla y 12 piezas. Un jugador tirar\u00e1 el dado y le dar\u00e1 la vuelta al reloj de arena. El s\u00edmbolo que aparezca en el dado indicar\u00e1 qu\u00e9 piezas se deben utilizar. Luego cada jugador intentar\u00e1 completar su figura tan deprisa como pueda con las piezas correspondientes. El m\u00e1s r\u00e1pido deber\u00e1 gritar \u201c\u00a1Ubongo!\u201d cuando haya terminado y luego podr\u00e1 mover su ficha y coger dos gemas. El resto de jugadores deber\u00e1n seguir jugando sin detenerse: mientras el reloj de arena siga corriendo todav\u00eda tendr\u00e1n tiempo de completar la plantilla y as\u00ed conseguir un par de gemas. Al final, el jugador que tenga m\u00e1s gemas de un mismo color ser\u00e1 el ganador de la partida. Y no siempre habr\u00e1 un ganador.<\/p>","protected":false},"excerpt":{"rendered":"<p>Cada jugador tendr\u00e1 una plantilla y 12 piezas. Un jugador tirar\u00e1 el dado y le dar\u00e1 la vuelta al reloj de arena. El s\u00edmbolo que aparezca en el dado indicar\u00e1 qu\u00e9 piezas se deben utilizar. Luego cada jugador intentar\u00e1 completar su figura tan deprisa como pueda con las piezas correspondientes. El m\u00e1s r\u00e1pido deber\u00e1 gritar \u201c\u00a1Ubongo!\u201d cuando haya terminado y luego podr\u00e1 mover su ficha y coger dos gemas. El resto de jugadores deber\u00e1n seguir jugando sin detenerse: mientras el reloj de arena siga corriendo todav\u00eda tendr\u00e1n tiempo de completar la plantilla y as\u00ed conseguir un par de gemas. Al final, el jugador que tenga m\u00e1s gemas de un mismo color ser\u00e1 el ganador de la partida. Y no siempre habr\u00e1 un ganador.<\/p>","protected":false},"featured_media":0,"comment_status":"closed","ping_status":"closed","template":"","meta":{"_acf_changed":false,"site-sidebar-layout":"default","site-content-layout":"","ast-site-content-layout":"default","site-content-style":"default","site-sidebar-style":"default","ast-global-header-display":"","ast-banner-title-visibility":"","ast-main-header-display":"","ast-hfb-above-header-display":"","ast-hfb-below-header-display":"","ast-hfb-mobile-header-display":"","site-post-title":"","ast-breadcrumbs-content":"","ast-featured-img":"","footer-sml-layout":"","theme-transparent-header-meta":"","adv-header-id-meta":"","stick-header-meta":"","header-above-stick-meta":"","header-main-stick-meta":"","header-below-stick-meta":"","astra-migrate-meta-layouts":"default","ast-page-background-enabled":"default","ast-page-background-meta":{"desktop":{"background-color":"var(--ast-global-color-5)","background-image":"","background-repeat":"repeat","background-position":"center center","background-size":"auto","background-attachment":"scroll","background-type":"","background-media":"","overlay-type":"","overlay-color":"","overlay-opacity":"","overlay-gradient":""},"tablet":{"background-color":"","background-image":"","background-repeat":"repeat","background-position":"center center","background-size":"auto","background-attachment":"scroll","background-type":"","background-media":"","overlay-type":"","overlay-color":"","overlay-opacity":"","overlay-gradient":""},"mobile":{"background-color":"","background-image":"","background-repeat":"repeat","background-position":"center center","background-size":"auto","background-attachment":"scroll","background-type":"","background-media":"","overlay-type":"","overlay-color":"","overlay-opacity":"","overlay-gradient":""}},"ast-content-background-meta":{"desktop":{"background-color":"var(--ast-global-color-4)","background-image":"","background-repeat":"repeat","background-position":"center center","background-size":"auto","background-attachment":"scroll","background-type":"","background-media":"","overlay-type":"","overlay-color":"","overlay-opacity":"","overlay-gradient":""},"tablet":{"background-color":"var(--ast-global-color-4)","background-image":"","background-repeat":"repeat","background-position":"center center","background-size":"auto","background-attachment":"scroll","background-type":"","background-media":"","overlay-type":"","overlay-color":"","overlay-opacity":"","overlay-gradient":""},"mobile":{"background-color":"var(--ast-global-color-4)","background-image":"","background-repeat":"repeat","background-position":"center center","background-size":"auto","background-attachment":"scroll","background-type":"","background-media":"","overlay-type":"","overlay-color":"","overlay-opacity":"","overlay-gradient":""}}},"product_brand":[],"product_cat":[148],"product_tag":[],"class_list":{"0":"post-1693","1":"product","2":"type-product","3":"status-publish","5":"product_cat-juegos-de-tablero","6":"desktop-align-left","7":"tablet-align-left","8":"mobile-align-left","10":"first","11":"instock","12":"purchasable","13":"product-type-simple"},"acf":[],"_links":{"self":[{"href":"https:\/\/d20juegos.com\/en\/wp-json\/wp\/v2\/product\/1693","targetHints":{"allow":["GET"]}}],"collection":[{"href":"https:\/\/d20juegos.com\/en\/wp-json\/wp\/v2\/product"}],"about":[{"href":"https:\/\/d20juegos.com\/en\/wp-json\/wp\/v2\/types\/product"}],"replies":[{"embeddable":true,"href":"https:\/\/d20juegos.com\/en\/wp-json\/wp\/v2\/comments?post=1693"}],"wp:attachment":[{"href":"https:\/\/d20juegos.com\/en\/wp-json\/wp\/v2\/media?parent=1693"}],"wp:term":[{"taxonomy":"product_brand","embeddable":true,"href":"https:\/\/d20juegos.com\/en\/wp-json\/wp\/v2\/product_brand?post=1693"},{"taxonomy":"product_cat","embeddable":true,"href":"https:\/\/d20juegos.com\/en\/wp-json\/wp\/v2\/product_cat?post=1693"},{"taxonomy":"product_tag","embeddable":true,"href":"https:\/\/d20juegos.com\/en\/wp-json\/wp\/v2\/product_tag?post=1693"}],"curies":[{"name":"wp","href":"https:\/\/api.w.org\/{rel}","templated":true}]}}