{"id":1704,"date":"2025-10-27T13:54:25","date_gmt":"2025-10-27T12:54:25","guid":{"rendered":"https:\/\/d20juegos.com\/producto\/dungeon-raiders-nuevo\/"},"modified":"2025-10-27T13:54:29","modified_gmt":"2025-10-27T12:54:29","slug":"dungeon-raiders-nuevo","status":"publish","type":"product","link":"https:\/\/d20juegos.com\/en\/product\/dungeon-raiders-nuevo\/","title":{"rendered":"DUNGEON RAIDERS (NEW)"},"content":{"rendered":"<p>Los h\u00e9roes de Dungeon Raiders sortear\u00e1n todo tipo de amenazas a lo largo de su camino: guardias goblins, esqueletos, troles, dragones, fosos con pinchos, lava ardiente. Con suerte encontrar\u00e1n alguna recompensa en forma de oro, pociones curativas o tal vez objetos m\u00e1gicos. Si los usan con sabidur\u00eda, tal vez lleguen a enfrentarse al monstruo final sin estar demasiado maltrechos. Este \u00faltimo detalle es importante, porque el personaje que haya acumulado un mayor n\u00famero de heridas quedar\u00e1 descartado como candidato a ganar el juego. Y los dem\u00e1s\u2026 bueno, de aquellos que consigan salir de la mazmorra, el ganador de la partida de Dungeon Raiders ser\u00e1 el que haya acumulado m\u00e1s oro. \u00bfQui\u00e9n conseguir\u00e1 salir de la mazmorra con vida y m\u00e1s rico que los dem\u00e1s?<\/p>","protected":false},"excerpt":{"rendered":"<p>Los h\u00e9roes de Dungeon Raiders sortear\u00e1n todo tipo de amenazas a lo largo de su camino: guardias goblins, esqueletos, troles, dragones, fosos con pinchos, lava ardiente. Con suerte encontrar\u00e1n alguna recompensa en forma de oro, pociones curativas o tal vez objetos m\u00e1gicos. Si los usan con sabidur\u00eda, tal vez lleguen a enfrentarse al monstruo final sin estar demasiado maltrechos. Este \u00faltimo detalle es importante, porque el personaje que haya acumulado un mayor n\u00famero de heridas quedar\u00e1 descartado como candidato a ganar el juego. Y los dem\u00e1s\u2026 bueno, de aquellos que consigan salir de la mazmorra, el ganador de la partida de Dungeon Raiders ser\u00e1 el que haya acumulado m\u00e1s oro. \u00bfQui\u00e9n conseguir\u00e1 salir de la mazmorra con vida y m\u00e1s rico que los dem\u00e1s?<\/p>","protected":false},"featured_media":0,"comment_status":"closed","ping_status":"closed","template":"","meta":{"_acf_changed":false,"site-sidebar-layout":"default","site-content-layout":"","ast-site-content-layout":"default","site-content-style":"default","site-sidebar-style":"default","ast-global-header-display":"","ast-banner-title-visibility":"","ast-main-header-display":"","ast-hfb-above-header-display":"","ast-hfb-below-header-display":"","ast-hfb-mobile-header-display":"","site-post-title":"","ast-breadcrumbs-content":"","ast-featured-img":"","footer-sml-layout":"","theme-transparent-header-meta":"","adv-header-id-meta":"","stick-header-meta":"","header-above-stick-meta":"","header-main-stick-meta":"","header-below-stick-meta":"","astra-migrate-meta-layouts":"default","ast-page-background-enabled":"default","ast-page-background-meta":{"desktop":{"background-color":"var(--ast-global-color-5)","background-image":"","background-repeat":"repeat","background-position":"center center","background-size":"auto","background-attachment":"scroll","background-type":"","background-media":"","overlay-type":"","overlay-color":"","overlay-opacity":"","overlay-gradient":""},"tablet":{"background-color":"","background-image":"","background-repeat":"repeat","background-position":"center center","background-size":"auto","background-attachment":"scroll","background-type":"","background-media":"","overlay-type":"","overlay-color":"","overlay-opacity":"","overlay-gradient":""},"mobile":{"background-color":"","background-image":"","background-repeat":"repeat","background-position":"center center","background-size":"auto","background-attachment":"scroll","background-type":"","background-media":"","overlay-type":"","overlay-color":"","overlay-opacity":"","overlay-gradient":""}},"ast-content-background-meta":{"desktop":{"background-color":"var(--ast-global-color-4)","background-image":"","background-repeat":"repeat","background-position":"center center","background-size":"auto","background-attachment":"scroll","background-type":"","background-media":"","overlay-type":"","overlay-color":"","overlay-opacity":"","overlay-gradient":""},"tablet":{"background-color":"var(--ast-global-color-4)","background-image":"","background-repeat":"repeat","background-position":"center center","background-size":"auto","background-attachment":"scroll","background-type":"","background-media":"","overlay-type":"","overlay-color":"","overlay-opacity":"","overlay-gradient":""},"mobile":{"background-color":"var(--ast-global-color-4)","background-image":"","background-repeat":"repeat","background-position":"center center","background-size":"auto","background-attachment":"scroll","background-type":"","background-media":"","overlay-type":"","overlay-color":"","overlay-opacity":"","overlay-gradient":""}}},"product_brand":[],"product_cat":[149],"product_tag":[],"class_list":{"0":"post-1704","1":"product","2":"type-product","3":"status-publish","5":"product_cat-juegos-de-cartas","6":"desktop-align-left","7":"tablet-align-left","8":"mobile-align-left","10":"first","11":"instock","12":"purchasable","13":"product-type-simple"},"acf":[],"_links":{"self":[{"href":"https:\/\/d20juegos.com\/en\/wp-json\/wp\/v2\/product\/1704","targetHints":{"allow":["GET"]}}],"collection":[{"href":"https:\/\/d20juegos.com\/en\/wp-json\/wp\/v2\/product"}],"about":[{"href":"https:\/\/d20juegos.com\/en\/wp-json\/wp\/v2\/types\/product"}],"replies":[{"embeddable":true,"href":"https:\/\/d20juegos.com\/en\/wp-json\/wp\/v2\/comments?post=1704"}],"wp:attachment":[{"href":"https:\/\/d20juegos.com\/en\/wp-json\/wp\/v2\/media?parent=1704"}],"wp:term":[{"taxonomy":"product_brand","embeddable":true,"href":"https:\/\/d20juegos.com\/en\/wp-json\/wp\/v2\/product_brand?post=1704"},{"taxonomy":"product_cat","embeddable":true,"href":"https:\/\/d20juegos.com\/en\/wp-json\/wp\/v2\/product_cat?post=1704"},{"taxonomy":"product_tag","embeddable":true,"href":"https:\/\/d20juegos.com\/en\/wp-json\/wp\/v2\/product_tag?post=1704"}],"curies":[{"name":"wp","href":"https:\/\/api.w.org\/{rel}","templated":true}]}}