{"id":1730,"date":"2025-10-27T13:54:40","date_gmt":"2025-10-27T12:54:40","guid":{"rendered":"https:\/\/d20juegos.com\/producto\/go-nuts\/"},"modified":"2025-10-27T13:54:45","modified_gmt":"2025-10-27T12:54:45","slug":"go-nuts","status":"publish","type":"product","link":"https:\/\/d20juegos.com\/en\/product\/go-nuts\/","title":{"rendered":"GO NUTS!"},"content":{"rendered":"<p>Go Nuts es un juego de dados donde el objetivo es acumular puntos de bellota lo m\u00e1s r\u00e1pido posible. En cada turno, el jugador activo coge cinco dados ardilla y los lanza. Los dados que revelen coches se retiran del juego, mientras que las bellotas valen un punto. Tras cada tirada, puedes decidir si parar y acumular los puntos de bellota o volver a tirar. Si s\u00f3lo salen ardillas en los dados, pierden los puntos acumulados en ese turno y deben gritar \u201c\u00a1Vu\u00e9lvete loco!\u201d, lanzando los cinco dados lo m\u00e1s r\u00e1pido posible y gritando el n\u00famero total de bellotas lanzadas seg\u00fan avanzan. Los dem\u00e1s, deber\u00e9is tirar simult\u00e1neamente un dado de perro cada uno, que ense\u00f1a una caseta de perro en cinco caras y un perro en una. Cuando un oponente tira un perro, el jugador ladra, y cuando todos los oponentes han ladrado, el jugador en activo para de lanzar y punt\u00faa todas las bellotas tiradas en esa ronda especial de \u201cvolverse loco\u201d.  \u00a1Os turnar\u00e9is hasta que alguien consiga cincuenta o m\u00e1s puntos, para ganar la partida!<\/p>","protected":false},"excerpt":{"rendered":"<p>Go Nuts es un juego de dados donde el objetivo es acumular puntos de bellota lo m\u00e1s r\u00e1pido posible. En cada turno, el jugador activo coge cinco dados ardilla y los lanza. Los dados que revelen coches se retiran del juego, mientras que las bellotas valen un punto. Tras cada tirada, puedes decidir si parar y acumular los puntos de bellota o volver a tirar. Si s\u00f3lo salen ardillas en los dados, pierden los puntos acumulados en ese turno y deben gritar \u201c\u00a1Vu\u00e9lvete loco!\u201d, lanzando los cinco dados lo m\u00e1s r\u00e1pido posible y gritando el n\u00famero total de bellotas lanzadas seg\u00fan avanzan. Los dem\u00e1s, deber\u00e9is tirar simult\u00e1neamente un dado de perro cada uno, que ense\u00f1a una caseta de perro en cinco caras y un perro en una. Cuando un oponente tira un perro, el jugador ladra, y cuando todos los oponentes han ladrado, el jugador en activo para de lanzar y punt\u00faa todas las bellotas tiradas en esa ronda especial de \u201cvolverse loco\u201d.  \u00a1Os turnar\u00e9is hasta que alguien consiga cincuenta o m\u00e1s puntos, para ganar la partida!<\/p>","protected":false},"featured_media":0,"comment_status":"closed","ping_status":"closed","template":"","meta":{"_acf_changed":false,"site-sidebar-layout":"default","site-content-layout":"","ast-site-content-layout":"default","site-content-style":"default","site-sidebar-style":"default","ast-global-header-display":"","ast-banner-title-visibility":"","ast-main-header-display":"","ast-hfb-above-header-display":"","ast-hfb-below-header-display":"","ast-hfb-mobile-header-display":"","site-post-title":"","ast-breadcrumbs-content":"","ast-featured-img":"","footer-sml-layout":"","theme-transparent-header-meta":"","adv-header-id-meta":"","stick-header-meta":"","header-above-stick-meta":"","header-main-stick-meta":"","header-below-stick-meta":"","astra-migrate-meta-layouts":"default","ast-page-background-enabled":"default","ast-page-background-meta":{"desktop":{"background-color":"var(--ast-global-color-5)","background-image":"","background-repeat":"repeat","background-position":"center center","background-size":"auto","background-attachment":"scroll","background-type":"","background-media":"","overlay-type":"","overlay-color":"","overlay-opacity":"","overlay-gradient":""},"tablet":{"background-color":"","background-image":"","background-repeat":"repeat","background-position":"center center","background-size":"auto","background-attachment":"scroll","background-type":"","background-media":"","overlay-type":"","overlay-color":"","overlay-opacity":"","overlay-gradient":""},"mobile":{"background-color":"","background-image":"","background-repeat":"repeat","background-position":"center center","background-size":"auto","background-attachment":"scroll","background-type":"","background-media":"","overlay-type":"","overlay-color":"","overlay-opacity":"","overlay-gradient":""}},"ast-content-background-meta":{"desktop":{"background-color":"var(--ast-global-color-4)","background-image":"","background-repeat":"repeat","background-position":"center center","background-size":"auto","background-attachment":"scroll","background-type":"","background-media":"","overlay-type":"","overlay-color":"","overlay-opacity":"","overlay-gradient":""},"tablet":{"background-color":"var(--ast-global-color-4)","background-image":"","background-repeat":"repeat","background-position":"center center","background-size":"auto","background-attachment":"scroll","background-type":"","background-media":"","overlay-type":"","overlay-color":"","overlay-opacity":"","overlay-gradient":""},"mobile":{"background-color":"var(--ast-global-color-4)","background-image":"","background-repeat":"repeat","background-position":"center center","background-size":"auto","background-attachment":"scroll","background-type":"","background-media":"","overlay-type":"","overlay-color":"","overlay-opacity":"","overlay-gradient":""}}},"product_brand":[],"product_cat":[149],"product_tag":[],"class_list":{"0":"post-1730","1":"product","2":"type-product","3":"status-publish","5":"product_cat-juegos-de-cartas","6":"desktop-align-left","7":"tablet-align-left","8":"mobile-align-left","10":"first","11":"instock","12":"purchasable","13":"product-type-simple"},"acf":[],"_links":{"self":[{"href":"https:\/\/d20juegos.com\/en\/wp-json\/wp\/v2\/product\/1730","targetHints":{"allow":["GET"]}}],"collection":[{"href":"https:\/\/d20juegos.com\/en\/wp-json\/wp\/v2\/product"}],"about":[{"href":"https:\/\/d20juegos.com\/en\/wp-json\/wp\/v2\/types\/product"}],"replies":[{"embeddable":true,"href":"https:\/\/d20juegos.com\/en\/wp-json\/wp\/v2\/comments?post=1730"}],"wp:attachment":[{"href":"https:\/\/d20juegos.com\/en\/wp-json\/wp\/v2\/media?parent=1730"}],"wp:term":[{"taxonomy":"product_brand","embeddable":true,"href":"https:\/\/d20juegos.com\/en\/wp-json\/wp\/v2\/product_brand?post=1730"},{"taxonomy":"product_cat","embeddable":true,"href":"https:\/\/d20juegos.com\/en\/wp-json\/wp\/v2\/product_cat?post=1730"},{"taxonomy":"product_tag","embeddable":true,"href":"https:\/\/d20juegos.com\/en\/wp-json\/wp\/v2\/product_tag?post=1730"}],"curies":[{"name":"wp","href":"https:\/\/api.w.org\/{rel}","templated":true}]}}