{"id":1750,"date":"2025-10-27T13:54:50","date_gmt":"2025-10-27T12:54:50","guid":{"rendered":"https:\/\/d20juegos.com\/producto\/gallina\/"},"modified":"2025-10-27T13:54:54","modified_gmt":"2025-10-27T12:54:54","slug":"gallina","status":"publish","type":"product","link":"https:\/\/d20juegos.com\/en\/product\/gallina\/","title":{"rendered":"GALLINA!"},"content":{"rendered":"<p>\u00a1Gallina! es un juego de cartas donde tentar\u00e1s a la suerte y descubrir\u00e1s qui\u00e9n es el m\u00e1s gallina de todos. Uno a uno ir\u00e9is girando las cartas de vuestro mont\u00f3n, as\u00ed que hay dos opciones: girar otra carta arriesg\u00e1ndote y posiblemente llev\u00e1ndote todas las cartas del centro con lo que obtendr\u00e1s puntos negativos o, por el contrario, asegurarte y coger la primera carta del mont\u00f3n en su lugar. \u00a1Si te arriesgas, te gritar\u00e1n \u201c\u00a1Gallina!\u201d y la decisi\u00f3n ser\u00e1 m\u00e1s dif\u00edcil a\u00fan!<\/p>","protected":false},"excerpt":{"rendered":"<p>\u00a1Gallina! es un juego de cartas donde tentar\u00e1s a la suerte y descubrir\u00e1s qui\u00e9n es el m\u00e1s gallina de todos. Uno a uno ir\u00e9is girando las cartas de vuestro mont\u00f3n, as\u00ed que hay dos opciones: girar otra carta arriesg\u00e1ndote y posiblemente llev\u00e1ndote todas las cartas del centro con lo que obtendr\u00e1s puntos negativos o, por el contrario, asegurarte y coger la primera carta del mont\u00f3n en su lugar. \u00a1Si te arriesgas, te gritar\u00e1n \u201c\u00a1Gallina!\u201d y la decisi\u00f3n ser\u00e1 m\u00e1s dif\u00edcil a\u00fan!<\/p>","protected":false},"featured_media":0,"comment_status":"closed","ping_status":"closed","template":"","meta":{"_acf_changed":false,"site-sidebar-layout":"default","site-content-layout":"","ast-site-content-layout":"default","site-content-style":"default","site-sidebar-style":"default","ast-global-header-display":"","ast-banner-title-visibility":"","ast-main-header-display":"","ast-hfb-above-header-display":"","ast-hfb-below-header-display":"","ast-hfb-mobile-header-display":"","site-post-title":"","ast-breadcrumbs-content":"","ast-featured-img":"","footer-sml-layout":"","theme-transparent-header-meta":"","adv-header-id-meta":"","stick-header-meta":"","header-above-stick-meta":"","header-main-stick-meta":"","header-below-stick-meta":"","astra-migrate-meta-layouts":"default","ast-page-background-enabled":"default","ast-page-background-meta":{"desktop":{"background-color":"var(--ast-global-color-5)","background-image":"","background-repeat":"repeat","background-position":"center center","background-size":"auto","background-attachment":"scroll","background-type":"","background-media":"","overlay-type":"","overlay-color":"","overlay-opacity":"","overlay-gradient":""},"tablet":{"background-color":"","background-image":"","background-repeat":"repeat","background-position":"center center","background-size":"auto","background-attachment":"scroll","background-type":"","background-media":"","overlay-type":"","overlay-color":"","overlay-opacity":"","overlay-gradient":""},"mobile":{"background-color":"","background-image":"","background-repeat":"repeat","background-position":"center center","background-size":"auto","background-attachment":"scroll","background-type":"","background-media":"","overlay-type":"","overlay-color":"","overlay-opacity":"","overlay-gradient":""}},"ast-content-background-meta":{"desktop":{"background-color":"var(--ast-global-color-4)","background-image":"","background-repeat":"repeat","background-position":"center center","background-size":"auto","background-attachment":"scroll","background-type":"","background-media":"","overlay-type":"","overlay-color":"","overlay-opacity":"","overlay-gradient":""},"tablet":{"background-color":"var(--ast-global-color-4)","background-image":"","background-repeat":"repeat","background-position":"center center","background-size":"auto","background-attachment":"scroll","background-type":"","background-media":"","overlay-type":"","overlay-color":"","overlay-opacity":"","overlay-gradient":""},"mobile":{"background-color":"var(--ast-global-color-4)","background-image":"","background-repeat":"repeat","background-position":"center center","background-size":"auto","background-attachment":"scroll","background-type":"","background-media":"","overlay-type":"","overlay-color":"","overlay-opacity":"","overlay-gradient":""}}},"product_brand":[],"product_cat":[149],"product_tag":[],"class_list":{"0":"post-1750","1":"product","2":"type-product","3":"status-publish","5":"product_cat-juegos-de-cartas","6":"desktop-align-left","7":"tablet-align-left","8":"mobile-align-left","10":"first","11":"instock","12":"purchasable","13":"product-type-simple"},"acf":[],"_links":{"self":[{"href":"https:\/\/d20juegos.com\/en\/wp-json\/wp\/v2\/product\/1750","targetHints":{"allow":["GET"]}}],"collection":[{"href":"https:\/\/d20juegos.com\/en\/wp-json\/wp\/v2\/product"}],"about":[{"href":"https:\/\/d20juegos.com\/en\/wp-json\/wp\/v2\/types\/product"}],"replies":[{"embeddable":true,"href":"https:\/\/d20juegos.com\/en\/wp-json\/wp\/v2\/comments?post=1750"}],"wp:attachment":[{"href":"https:\/\/d20juegos.com\/en\/wp-json\/wp\/v2\/media?parent=1750"}],"wp:term":[{"taxonomy":"product_brand","embeddable":true,"href":"https:\/\/d20juegos.com\/en\/wp-json\/wp\/v2\/product_brand?post=1750"},{"taxonomy":"product_cat","embeddable":true,"href":"https:\/\/d20juegos.com\/en\/wp-json\/wp\/v2\/product_cat?post=1750"},{"taxonomy":"product_tag","embeddable":true,"href":"https:\/\/d20juegos.com\/en\/wp-json\/wp\/v2\/product_tag?post=1750"}],"curies":[{"name":"wp","href":"https:\/\/api.w.org\/{rel}","templated":true}]}}