{"id":1772,"date":"2025-10-27T13:54:58","date_gmt":"2025-10-27T12:54:58","guid":{"rendered":"https:\/\/d20juegos.com\/producto\/monster-match\/"},"modified":"2025-10-27T13:55:03","modified_gmt":"2025-10-27T12:55:03","slug":"monster-match","status":"publish","type":"product","link":"https:\/\/d20juegos.com\/en\/product\/monster-match\/","title":{"rendered":"MONSTER MATCH"},"content":{"rendered":"<p>Monster Math te traslada a Sprinkleton, \u00a1la capital mundial del donut!, donde ha surgido un problemilla: la ciudad ha sido invadida por hambrientos monstruos que est\u00e1n arrasando con todos los donuts. Ay\u00fadanos a atrapar a estas torpes bestias para poder echarlas de la ciudad.<\/p>\n<p>\u00bfC\u00f3mo se juega a Monster Math?<\/p>\n<p>Barajad las cartas de monstruo y colocad 10 boca arriba sobre la mesa y la carta de Poff en el centro.<br \/>\nLas cartas de monstruo puntuar\u00e1n seg\u00fan los donuts que tengan en la ilustraci\u00f3n.<br \/>\nEn cada turno se tiran los dados con n\u00fameros y partes del cuerpo y hay que se\u00f1alar el monstruo con la cantidad de ojos, brazos etc, que se indique.<br \/>\nSi lo que sale en los dados no es posible se\u00f1alarlo en los monstruos que est\u00e1n en la mesa, se se\u00f1ala a Poff, y se reponen las cartas de nuevo.<br \/>\nSe juegan diferentes rondas hasta que se acaban las cartas y quien tenga m\u00e1s donuts con los monstruos que ha conseguido, ha ganado.<br \/>\n\u00a1R\u00e1pido y divertido para toda la familia!<\/p>","protected":false},"excerpt":{"rendered":"<p>Monster Math te traslada a Sprinkleton, \u00a1la capital mundial del donut!, donde ha surgido un problemilla: la ciudad ha sido invadida por hambrientos monstruos que est\u00e1n arrasando con todos los donuts. Ay\u00fadanos a atrapar a estas torpes bestias para poder echarlas de la ciudad.<\/p>\n<p>\u00bfC\u00f3mo se juega a Monster Math?<\/p>\n<p>Barajad las cartas de monstruo y colocad 10 boca arriba sobre la mesa y la carta de Poff en el centro.<br \/>\nLas cartas de monstruo puntuar\u00e1n seg\u00fan los donuts que tengan en la ilustraci\u00f3n.<br \/>\nEn cada turno se tiran los dados con n\u00fameros y partes del cuerpo y hay que se\u00f1alar el monstruo con la cantidad de ojos, brazos etc, que se indique.<br \/>\nSi lo que sale en los dados no es posible se\u00f1alarlo en los monstruos que est\u00e1n en la mesa, se se\u00f1ala a Poff, y se reponen las cartas de nuevo.<br \/>\nSe juegan diferentes rondas hasta que se acaban las cartas y quien tenga m\u00e1s donuts con los monstruos que ha conseguido, ha ganado.<br \/>\n\u00a1R\u00e1pido y divertido para toda la familia!<\/p>","protected":false},"featured_media":0,"comment_status":"closed","ping_status":"closed","template":"","meta":{"_acf_changed":false,"site-sidebar-layout":"default","site-content-layout":"","ast-site-content-layout":"default","site-content-style":"default","site-sidebar-style":"default","ast-global-header-display":"","ast-banner-title-visibility":"","ast-main-header-display":"","ast-hfb-above-header-display":"","ast-hfb-below-header-display":"","ast-hfb-mobile-header-display":"","site-post-title":"","ast-breadcrumbs-content":"","ast-featured-img":"","footer-sml-layout":"","theme-transparent-header-meta":"","adv-header-id-meta":"","stick-header-meta":"","header-above-stick-meta":"","header-main-stick-meta":"","header-below-stick-meta":"","astra-migrate-meta-layouts":"default","ast-page-background-enabled":"default","ast-page-background-meta":{"desktop":{"background-color":"var(--ast-global-color-5)","background-image":"","background-repeat":"repeat","background-position":"center center","background-size":"auto","background-attachment":"scroll","background-type":"","background-media":"","overlay-type":"","overlay-color":"","overlay-opacity":"","overlay-gradient":""},"tablet":{"background-color":"","background-image":"","background-repeat":"repeat","background-position":"center center","background-size":"auto","background-attachment":"scroll","background-type":"","background-media":"","overlay-type":"","overlay-color":"","overlay-opacity":"","overlay-gradient":""},"mobile":{"background-color":"","background-image":"","background-repeat":"repeat","background-position":"center center","background-size":"auto","background-attachment":"scroll","background-type":"","background-media":"","overlay-type":"","overlay-color":"","overlay-opacity":"","overlay-gradient":""}},"ast-content-background-meta":{"desktop":{"background-color":"var(--ast-global-color-4)","background-image":"","background-repeat":"repeat","background-position":"center center","background-size":"auto","background-attachment":"scroll","background-type":"","background-media":"","overlay-type":"","overlay-color":"","overlay-opacity":"","overlay-gradient":""},"tablet":{"background-color":"var(--ast-global-color-4)","background-image":"","background-repeat":"repeat","background-position":"center center","background-size":"auto","background-attachment":"scroll","background-type":"","background-media":"","overlay-type":"","overlay-color":"","overlay-opacity":"","overlay-gradient":""},"mobile":{"background-color":"var(--ast-global-color-4)","background-image":"","background-repeat":"repeat","background-position":"center center","background-size":"auto","background-attachment":"scroll","background-type":"","background-media":"","overlay-type":"","overlay-color":"","overlay-opacity":"","overlay-gradient":""}}},"product_brand":[],"product_cat":[149],"product_tag":[],"class_list":{"0":"post-1772","1":"product","2":"type-product","3":"status-publish","5":"product_cat-juegos-de-cartas","6":"desktop-align-left","7":"tablet-align-left","8":"mobile-align-left","10":"first","11":"instock","12":"purchasable","13":"product-type-simple"},"acf":[],"_links":{"self":[{"href":"https:\/\/d20juegos.com\/en\/wp-json\/wp\/v2\/product\/1772","targetHints":{"allow":["GET"]}}],"collection":[{"href":"https:\/\/d20juegos.com\/en\/wp-json\/wp\/v2\/product"}],"about":[{"href":"https:\/\/d20juegos.com\/en\/wp-json\/wp\/v2\/types\/product"}],"replies":[{"embeddable":true,"href":"https:\/\/d20juegos.com\/en\/wp-json\/wp\/v2\/comments?post=1772"}],"wp:attachment":[{"href":"https:\/\/d20juegos.com\/en\/wp-json\/wp\/v2\/media?parent=1772"}],"wp:term":[{"taxonomy":"product_brand","embeddable":true,"href":"https:\/\/d20juegos.com\/en\/wp-json\/wp\/v2\/product_brand?post=1772"},{"taxonomy":"product_cat","embeddable":true,"href":"https:\/\/d20juegos.com\/en\/wp-json\/wp\/v2\/product_cat?post=1772"},{"taxonomy":"product_tag","embeddable":true,"href":"https:\/\/d20juegos.com\/en\/wp-json\/wp\/v2\/product_tag?post=1772"}],"curies":[{"name":"wp","href":"https:\/\/api.w.org\/{rel}","templated":true}]}}