{"id":1774,"date":"2025-10-27T13:54:58","date_gmt":"2025-10-27T12:54:58","guid":{"rendered":"https:\/\/d20juegos.com\/producto\/the-mind\/"},"modified":"2025-10-27T13:55:03","modified_gmt":"2025-10-27T12:55:03","slug":"the-mind","status":"publish","type":"product","link":"https:\/\/d20juegos.com\/en\/product\/the-mind\/","title":{"rendered":"THE MIND"},"content":{"rendered":"<p>\u00a1M\u00e1s que un simple juego!<\/p>\n<p>Es un experimento, un viaje, un juego sencillo que os har\u00e1 descubrir la asombrosa experiencia del esp\u00edritu de equipo. Deber\u00e9is superar todos los niveles jugando las cartas en orden para ganar la partida, pero no podr\u00e9is poneros de acuerdo, ni intercambiar informaci\u00f3n.<\/p>\n<p>Incre\u00edble, pero funciona: siempre y cuando un\u00e1is vuestras mentes\u2026<\/p>\n<p>Nominado al Spiel des Jahres 2018 y ganador del As d\u2019Or al mejor juego en Francia, The Mind es un juego inclasificable\u2026 simplemente, \u00a1ten\u00e9is que probarlo!<\/p>","protected":false},"excerpt":{"rendered":"<p>\u00a1M\u00e1s que un simple juego!<\/p>\n<p>Es un experimento, un viaje, un juego sencillo que os har\u00e1 descubrir la asombrosa experiencia del esp\u00edritu de equipo. Deber\u00e9is superar todos los niveles jugando las cartas en orden para ganar la partida, pero no podr\u00e9is poneros de acuerdo, ni intercambiar informaci\u00f3n.<\/p>\n<p>Incre\u00edble, pero funciona: siempre y cuando un\u00e1is vuestras mentes\u2026<\/p>\n<p>Nominado al Spiel des Jahres 2018 y ganador del As d\u2019Or al mejor juego en Francia, The Mind es un juego inclasificable\u2026 simplemente, \u00a1ten\u00e9is que probarlo!<\/p>","protected":false},"featured_media":0,"comment_status":"closed","ping_status":"closed","template":"","meta":{"_acf_changed":false,"site-sidebar-layout":"default","site-content-layout":"","ast-site-content-layout":"default","site-content-style":"default","site-sidebar-style":"default","ast-global-header-display":"","ast-banner-title-visibility":"","ast-main-header-display":"","ast-hfb-above-header-display":"","ast-hfb-below-header-display":"","ast-hfb-mobile-header-display":"","site-post-title":"","ast-breadcrumbs-content":"","ast-featured-img":"","footer-sml-layout":"","theme-transparent-header-meta":"","adv-header-id-meta":"","stick-header-meta":"","header-above-stick-meta":"","header-main-stick-meta":"","header-below-stick-meta":"","astra-migrate-meta-layouts":"default","ast-page-background-enabled":"default","ast-page-background-meta":{"desktop":{"background-color":"var(--ast-global-color-5)","background-image":"","background-repeat":"repeat","background-position":"center center","background-size":"auto","background-attachment":"scroll","background-type":"","background-media":"","overlay-type":"","overlay-color":"","overlay-opacity":"","overlay-gradient":""},"tablet":{"background-color":"","background-image":"","background-repeat":"repeat","background-position":"center center","background-size":"auto","background-attachment":"scroll","background-type":"","background-media":"","overlay-type":"","overlay-color":"","overlay-opacity":"","overlay-gradient":""},"mobile":{"background-color":"","background-image":"","background-repeat":"repeat","background-position":"center center","background-size":"auto","background-attachment":"scroll","background-type":"","background-media":"","overlay-type":"","overlay-color":"","overlay-opacity":"","overlay-gradient":""}},"ast-content-background-meta":{"desktop":{"background-color":"var(--ast-global-color-4)","background-image":"","background-repeat":"repeat","background-position":"center center","background-size":"auto","background-attachment":"scroll","background-type":"","background-media":"","overlay-type":"","overlay-color":"","overlay-opacity":"","overlay-gradient":""},"tablet":{"background-color":"var(--ast-global-color-4)","background-image":"","background-repeat":"repeat","background-position":"center center","background-size":"auto","background-attachment":"scroll","background-type":"","background-media":"","overlay-type":"","overlay-color":"","overlay-opacity":"","overlay-gradient":""},"mobile":{"background-color":"var(--ast-global-color-4)","background-image":"","background-repeat":"repeat","background-position":"center center","background-size":"auto","background-attachment":"scroll","background-type":"","background-media":"","overlay-type":"","overlay-color":"","overlay-opacity":"","overlay-gradient":""}}},"product_brand":[],"product_cat":[149],"product_tag":[],"class_list":{"0":"post-1774","1":"product","2":"type-product","3":"status-publish","5":"product_cat-juegos-de-cartas","6":"desktop-align-left","7":"tablet-align-left","8":"mobile-align-left","10":"first","11":"instock","12":"purchasable","13":"product-type-simple"},"acf":[],"_links":{"self":[{"href":"https:\/\/d20juegos.com\/en\/wp-json\/wp\/v2\/product\/1774","targetHints":{"allow":["GET"]}}],"collection":[{"href":"https:\/\/d20juegos.com\/en\/wp-json\/wp\/v2\/product"}],"about":[{"href":"https:\/\/d20juegos.com\/en\/wp-json\/wp\/v2\/types\/product"}],"replies":[{"embeddable":true,"href":"https:\/\/d20juegos.com\/en\/wp-json\/wp\/v2\/comments?post=1774"}],"wp:attachment":[{"href":"https:\/\/d20juegos.com\/en\/wp-json\/wp\/v2\/media?parent=1774"}],"wp:term":[{"taxonomy":"product_brand","embeddable":true,"href":"https:\/\/d20juegos.com\/en\/wp-json\/wp\/v2\/product_brand?post=1774"},{"taxonomy":"product_cat","embeddable":true,"href":"https:\/\/d20juegos.com\/en\/wp-json\/wp\/v2\/product_cat?post=1774"},{"taxonomy":"product_tag","embeddable":true,"href":"https:\/\/d20juegos.com\/en\/wp-json\/wp\/v2\/product_tag?post=1774"}],"curies":[{"name":"wp","href":"https:\/\/api.w.org\/{rel}","templated":true}]}}