{"id":1775,"date":"2025-10-27T13:54:58","date_gmt":"2025-10-27T12:54:58","guid":{"rendered":"https:\/\/d20juegos.com\/producto\/qwixx\/"},"modified":"2025-10-27T13:55:03","modified_gmt":"2025-10-27T12:55:03","slug":"qwixx","status":"publish","type":"product","link":"https:\/\/d20juegos.com\/en\/product\/qwixx\/","title":{"rendered":"QWIXX"},"content":{"rendered":"<p>Qwixx es el cl\u00e1sico juego de dados que dio inicio a la fiebre de los juegos \u00abRoll &#038; Write\u00bb. Dados que se lanzan y resultados que llevar a tu hoja de partida. No en vano, fue nominado a los Spiel des Jahres (los premios m\u00e1s prestigiosos para los juegos de mesa), algo muy poco habitual en un juego de estas caracter\u00edsticas<\/p>\n<p>En Qwixx tienes que tachar tantos n\u00fameros como puedas, aunque no sea tu turno. Pero por cu\u00e1l n\u00famero decidirte ya es asunto tuyo. Ganar la partida no s\u00f3lo depende de tu suerte con los dados, sino de tu rapidez e intuici\u00f3n para elegir la jugada correcta.<\/p>\n<p>\u00bfQui\u00e9n cometer\u00e1 el primer error? \u00bfQui\u00e9n ser\u00e1 el primero en cerrar dos filas? No te dejes llevar por la tensi\u00f3n y los nervios y conc\u00e9ntrate en Qwixx.<\/p>","protected":false},"excerpt":{"rendered":"<p>Qwixx es el cl\u00e1sico juego de dados que dio inicio a la fiebre de los juegos \u00abRoll &#038; Write\u00bb. Dados que se lanzan y resultados que llevar a tu hoja de partida. No en vano, fue nominado a los Spiel des Jahres (los premios m\u00e1s prestigiosos para los juegos de mesa), algo muy poco habitual en un juego de estas caracter\u00edsticas<\/p>\n<p>En Qwixx tienes que tachar tantos n\u00fameros como puedas, aunque no sea tu turno. Pero por cu\u00e1l n\u00famero decidirte ya es asunto tuyo. Ganar la partida no s\u00f3lo depende de tu suerte con los dados, sino de tu rapidez e intuici\u00f3n para elegir la jugada correcta.<\/p>\n<p>\u00bfQui\u00e9n cometer\u00e1 el primer error? \u00bfQui\u00e9n ser\u00e1 el primero en cerrar dos filas? No te dejes llevar por la tensi\u00f3n y los nervios y conc\u00e9ntrate en Qwixx.<\/p>","protected":false},"featured_media":0,"comment_status":"closed","ping_status":"closed","template":"","meta":{"_acf_changed":false,"site-sidebar-layout":"default","site-content-layout":"","ast-site-content-layout":"default","site-content-style":"default","site-sidebar-style":"default","ast-global-header-display":"","ast-banner-title-visibility":"","ast-main-header-display":"","ast-hfb-above-header-display":"","ast-hfb-below-header-display":"","ast-hfb-mobile-header-display":"","site-post-title":"","ast-breadcrumbs-content":"","ast-featured-img":"","footer-sml-layout":"","theme-transparent-header-meta":"","adv-header-id-meta":"","stick-header-meta":"","header-above-stick-meta":"","header-main-stick-meta":"","header-below-stick-meta":"","astra-migrate-meta-layouts":"default","ast-page-background-enabled":"default","ast-page-background-meta":{"desktop":{"background-color":"var(--ast-global-color-5)","background-image":"","background-repeat":"repeat","background-position":"center center","background-size":"auto","background-attachment":"scroll","background-type":"","background-media":"","overlay-type":"","overlay-color":"","overlay-opacity":"","overlay-gradient":""},"tablet":{"background-color":"","background-image":"","background-repeat":"repeat","background-position":"center center","background-size":"auto","background-attachment":"scroll","background-type":"","background-media":"","overlay-type":"","overlay-color":"","overlay-opacity":"","overlay-gradient":""},"mobile":{"background-color":"","background-image":"","background-repeat":"repeat","background-position":"center center","background-size":"auto","background-attachment":"scroll","background-type":"","background-media":"","overlay-type":"","overlay-color":"","overlay-opacity":"","overlay-gradient":""}},"ast-content-background-meta":{"desktop":{"background-color":"var(--ast-global-color-4)","background-image":"","background-repeat":"repeat","background-position":"center center","background-size":"auto","background-attachment":"scroll","background-type":"","background-media":"","overlay-type":"","overlay-color":"","overlay-opacity":"","overlay-gradient":""},"tablet":{"background-color":"var(--ast-global-color-4)","background-image":"","background-repeat":"repeat","background-position":"center center","background-size":"auto","background-attachment":"scroll","background-type":"","background-media":"","overlay-type":"","overlay-color":"","overlay-opacity":"","overlay-gradient":""},"mobile":{"background-color":"var(--ast-global-color-4)","background-image":"","background-repeat":"repeat","background-position":"center center","background-size":"auto","background-attachment":"scroll","background-type":"","background-media":"","overlay-type":"","overlay-color":"","overlay-opacity":"","overlay-gradient":""}}},"product_brand":[],"product_cat":[149],"product_tag":[],"class_list":{"0":"post-1775","1":"product","2":"type-product","3":"status-publish","5":"product_cat-juegos-de-cartas","6":"desktop-align-left","7":"tablet-align-left","8":"mobile-align-left","10":"first","11":"instock","12":"purchasable","13":"product-type-simple"},"acf":[],"_links":{"self":[{"href":"https:\/\/d20juegos.com\/en\/wp-json\/wp\/v2\/product\/1775","targetHints":{"allow":["GET"]}}],"collection":[{"href":"https:\/\/d20juegos.com\/en\/wp-json\/wp\/v2\/product"}],"about":[{"href":"https:\/\/d20juegos.com\/en\/wp-json\/wp\/v2\/types\/product"}],"replies":[{"embeddable":true,"href":"https:\/\/d20juegos.com\/en\/wp-json\/wp\/v2\/comments?post=1775"}],"wp:attachment":[{"href":"https:\/\/d20juegos.com\/en\/wp-json\/wp\/v2\/media?parent=1775"}],"wp:term":[{"taxonomy":"product_brand","embeddable":true,"href":"https:\/\/d20juegos.com\/en\/wp-json\/wp\/v2\/product_brand?post=1775"},{"taxonomy":"product_cat","embeddable":true,"href":"https:\/\/d20juegos.com\/en\/wp-json\/wp\/v2\/product_cat?post=1775"},{"taxonomy":"product_tag","embeddable":true,"href":"https:\/\/d20juegos.com\/en\/wp-json\/wp\/v2\/product_tag?post=1775"}],"curies":[{"name":"wp","href":"https:\/\/api.w.org\/{rel}","templated":true}]}}