{"id":1779,"date":"2025-10-27T13:54:58","date_gmt":"2025-10-27T12:54:58","guid":{"rendered":"https:\/\/d20juegos.com\/producto\/motor-city\/"},"modified":"2025-10-27T13:55:05","modified_gmt":"2025-10-27T12:55:05","slug":"motor-city","status":"publish","type":"product","link":"https:\/\/d20juegos.com\/en\/product\/motor-city\/","title":{"rendered":"MOTOR CITY"},"content":{"rendered":"<p>Motor City es un juego de tablero en el que tendr\u00e1s que gestionar una f\u00e1brica de autom\u00f3viles, en la \u00e9poca del apogeo de la ciudad de Detroit. En tus dos hojas de control realizar\u00e1s tus tareas, reflejar\u00e1s tus avances para ganar bonus e ir\u00e1s desarrollando toda la cadena de fabricaci\u00f3n de los coches cl\u00e1sicos americanos. El jugador que consiga m\u00e1s puntos, habr\u00e1 obtenido la victoria. Adem\u00e1s, este juego cuenta con un modo solitario en el que intentar\u00e1s superar tu propia puntuaci\u00f3n contra un auditor que dibuja dados y bloquea zonas de tu hoja.<\/p>","protected":false},"excerpt":{"rendered":"<p>Motor City es un juego de tablero en el que tendr\u00e1s que gestionar una f\u00e1brica de autom\u00f3viles, en la \u00e9poca del apogeo de la ciudad de Detroit. En tus dos hojas de control realizar\u00e1s tus tareas, reflejar\u00e1s tus avances para ganar bonus e ir\u00e1s desarrollando toda la cadena de fabricaci\u00f3n de los coches cl\u00e1sicos americanos. El jugador que consiga m\u00e1s puntos, habr\u00e1 obtenido la victoria. Adem\u00e1s, este juego cuenta con un modo solitario en el que intentar\u00e1s superar tu propia puntuaci\u00f3n contra un auditor que dibuja dados y bloquea zonas de tu hoja.<\/p>","protected":false},"featured_media":0,"comment_status":"closed","ping_status":"closed","template":"","meta":{"_acf_changed":false,"site-sidebar-layout":"default","site-content-layout":"","ast-site-content-layout":"default","site-content-style":"default","site-sidebar-style":"default","ast-global-header-display":"","ast-banner-title-visibility":"","ast-main-header-display":"","ast-hfb-above-header-display":"","ast-hfb-below-header-display":"","ast-hfb-mobile-header-display":"","site-post-title":"","ast-breadcrumbs-content":"","ast-featured-img":"","footer-sml-layout":"","theme-transparent-header-meta":"","adv-header-id-meta":"","stick-header-meta":"","header-above-stick-meta":"","header-main-stick-meta":"","header-below-stick-meta":"","astra-migrate-meta-layouts":"default","ast-page-background-enabled":"default","ast-page-background-meta":{"desktop":{"background-color":"var(--ast-global-color-5)","background-image":"","background-repeat":"repeat","background-position":"center center","background-size":"auto","background-attachment":"scroll","background-type":"","background-media":"","overlay-type":"","overlay-color":"","overlay-opacity":"","overlay-gradient":""},"tablet":{"background-color":"","background-image":"","background-repeat":"repeat","background-position":"center center","background-size":"auto","background-attachment":"scroll","background-type":"","background-media":"","overlay-type":"","overlay-color":"","overlay-opacity":"","overlay-gradient":""},"mobile":{"background-color":"","background-image":"","background-repeat":"repeat","background-position":"center center","background-size":"auto","background-attachment":"scroll","background-type":"","background-media":"","overlay-type":"","overlay-color":"","overlay-opacity":"","overlay-gradient":""}},"ast-content-background-meta":{"desktop":{"background-color":"var(--ast-global-color-4)","background-image":"","background-repeat":"repeat","background-position":"center center","background-size":"auto","background-attachment":"scroll","background-type":"","background-media":"","overlay-type":"","overlay-color":"","overlay-opacity":"","overlay-gradient":""},"tablet":{"background-color":"var(--ast-global-color-4)","background-image":"","background-repeat":"repeat","background-position":"center center","background-size":"auto","background-attachment":"scroll","background-type":"","background-media":"","overlay-type":"","overlay-color":"","overlay-opacity":"","overlay-gradient":""},"mobile":{"background-color":"var(--ast-global-color-4)","background-image":"","background-repeat":"repeat","background-position":"center center","background-size":"auto","background-attachment":"scroll","background-type":"","background-media":"","overlay-type":"","overlay-color":"","overlay-opacity":"","overlay-gradient":""}}},"product_brand":[],"product_cat":[149],"product_tag":[],"class_list":{"0":"post-1779","1":"product","2":"type-product","3":"status-publish","5":"product_cat-juegos-de-cartas","6":"desktop-align-left","7":"tablet-align-left","8":"mobile-align-left","10":"first","11":"instock","12":"purchasable","13":"product-type-simple"},"acf":[],"_links":{"self":[{"href":"https:\/\/d20juegos.com\/en\/wp-json\/wp\/v2\/product\/1779","targetHints":{"allow":["GET"]}}],"collection":[{"href":"https:\/\/d20juegos.com\/en\/wp-json\/wp\/v2\/product"}],"about":[{"href":"https:\/\/d20juegos.com\/en\/wp-json\/wp\/v2\/types\/product"}],"replies":[{"embeddable":true,"href":"https:\/\/d20juegos.com\/en\/wp-json\/wp\/v2\/comments?post=1779"}],"wp:attachment":[{"href":"https:\/\/d20juegos.com\/en\/wp-json\/wp\/v2\/media?parent=1779"}],"wp:term":[{"taxonomy":"product_brand","embeddable":true,"href":"https:\/\/d20juegos.com\/en\/wp-json\/wp\/v2\/product_brand?post=1779"},{"taxonomy":"product_cat","embeddable":true,"href":"https:\/\/d20juegos.com\/en\/wp-json\/wp\/v2\/product_cat?post=1779"},{"taxonomy":"product_tag","embeddable":true,"href":"https:\/\/d20juegos.com\/en\/wp-json\/wp\/v2\/product_tag?post=1779"}],"curies":[{"name":"wp","href":"https:\/\/api.w.org\/{rel}","templated":true}]}}