{"id":1792,"date":"2025-10-27T13:55:07","date_gmt":"2025-10-27T12:55:07","guid":{"rendered":"https:\/\/d20juegos.com\/producto\/martes-13\/"},"modified":"2025-10-27T13:55:11","modified_gmt":"2025-10-27T12:55:11","slug":"martes-13","status":"publish","type":"product","link":"https:\/\/d20juegos.com\/en\/product\/martes-13\/","title":{"rendered":"MARTES 13"},"content":{"rendered":"<p>\u00a1Que la suerte te acompa\u00f1e!<\/p>\n<p>Gatos negros, espejos rotos, escaleras\u2026 Si eres una persona supersticiosa, esto te sonar\u00e1 familiar.<\/p>\n<p>En Martes 13 trataremos de ahuyentar la mala suerte intentando coger el m\u00ednimo de cartas posibles del \u00e1rea central de juego. Cuantas m\u00e1s cartas tengamos enfrente al terminar la ronda, mayor ser\u00e1 nuestro acumulado de puntos y m\u00e1s nos perjudicar\u00e1. Aunque si nos hacemos con la mayor\u00eda de cartas de un determinado objeto, conseguiremos librarnos de ellas.<\/p>\n<p>En este divertid\u00edsimo filler, tendremos que ir jugando las cartas de nuestra mano hasta quedarnos sin. En nuestro turno nos descartaremos de la carta que queramos y la colocaremos en la pila del color correspondiente calculando la suma de la pila. Si la suma es mayor de 13, deberemos coger todas las cartas del mont\u00f3n excepto la nuestra.<\/p>","protected":false},"excerpt":{"rendered":"<p>\u00a1Que la suerte te acompa\u00f1e!<\/p>\n<p>Gatos negros, espejos rotos, escaleras\u2026 Si eres una persona supersticiosa, esto te sonar\u00e1 familiar.<\/p>\n<p>En Martes 13 trataremos de ahuyentar la mala suerte intentando coger el m\u00ednimo de cartas posibles del \u00e1rea central de juego. Cuantas m\u00e1s cartas tengamos enfrente al terminar la ronda, mayor ser\u00e1 nuestro acumulado de puntos y m\u00e1s nos perjudicar\u00e1. Aunque si nos hacemos con la mayor\u00eda de cartas de un determinado objeto, conseguiremos librarnos de ellas.<\/p>\n<p>En este divertid\u00edsimo filler, tendremos que ir jugando las cartas de nuestra mano hasta quedarnos sin. En nuestro turno nos descartaremos de la carta que queramos y la colocaremos en la pila del color correspondiente calculando la suma de la pila. Si la suma es mayor de 13, deberemos coger todas las cartas del mont\u00f3n excepto la nuestra.<\/p>","protected":false},"featured_media":0,"comment_status":"closed","ping_status":"closed","template":"","meta":{"_acf_changed":false,"site-sidebar-layout":"default","site-content-layout":"","ast-site-content-layout":"default","site-content-style":"default","site-sidebar-style":"default","ast-global-header-display":"","ast-banner-title-visibility":"","ast-main-header-display":"","ast-hfb-above-header-display":"","ast-hfb-below-header-display":"","ast-hfb-mobile-header-display":"","site-post-title":"","ast-breadcrumbs-content":"","ast-featured-img":"","footer-sml-layout":"","theme-transparent-header-meta":"","adv-header-id-meta":"","stick-header-meta":"","header-above-stick-meta":"","header-main-stick-meta":"","header-below-stick-meta":"","astra-migrate-meta-layouts":"default","ast-page-background-enabled":"default","ast-page-background-meta":{"desktop":{"background-color":"var(--ast-global-color-5)","background-image":"","background-repeat":"repeat","background-position":"center center","background-size":"auto","background-attachment":"scroll","background-type":"","background-media":"","overlay-type":"","overlay-color":"","overlay-opacity":"","overlay-gradient":""},"tablet":{"background-color":"","background-image":"","background-repeat":"repeat","background-position":"center center","background-size":"auto","background-attachment":"scroll","background-type":"","background-media":"","overlay-type":"","overlay-color":"","overlay-opacity":"","overlay-gradient":""},"mobile":{"background-color":"","background-image":"","background-repeat":"repeat","background-position":"center center","background-size":"auto","background-attachment":"scroll","background-type":"","background-media":"","overlay-type":"","overlay-color":"","overlay-opacity":"","overlay-gradient":""}},"ast-content-background-meta":{"desktop":{"background-color":"var(--ast-global-color-4)","background-image":"","background-repeat":"repeat","background-position":"center center","background-size":"auto","background-attachment":"scroll","background-type":"","background-media":"","overlay-type":"","overlay-color":"","overlay-opacity":"","overlay-gradient":""},"tablet":{"background-color":"var(--ast-global-color-4)","background-image":"","background-repeat":"repeat","background-position":"center center","background-size":"auto","background-attachment":"scroll","background-type":"","background-media":"","overlay-type":"","overlay-color":"","overlay-opacity":"","overlay-gradient":""},"mobile":{"background-color":"var(--ast-global-color-4)","background-image":"","background-repeat":"repeat","background-position":"center center","background-size":"auto","background-attachment":"scroll","background-type":"","background-media":"","overlay-type":"","overlay-color":"","overlay-opacity":"","overlay-gradient":""}}},"product_brand":[],"product_cat":[149],"product_tag":[],"class_list":{"0":"post-1792","1":"product","2":"type-product","3":"status-publish","5":"product_cat-juegos-de-cartas","6":"desktop-align-left","7":"tablet-align-left","8":"mobile-align-left","10":"first","11":"instock","12":"purchasable","13":"product-type-simple"},"acf":[],"_links":{"self":[{"href":"https:\/\/d20juegos.com\/en\/wp-json\/wp\/v2\/product\/1792","targetHints":{"allow":["GET"]}}],"collection":[{"href":"https:\/\/d20juegos.com\/en\/wp-json\/wp\/v2\/product"}],"about":[{"href":"https:\/\/d20juegos.com\/en\/wp-json\/wp\/v2\/types\/product"}],"replies":[{"embeddable":true,"href":"https:\/\/d20juegos.com\/en\/wp-json\/wp\/v2\/comments?post=1792"}],"wp:attachment":[{"href":"https:\/\/d20juegos.com\/en\/wp-json\/wp\/v2\/media?parent=1792"}],"wp:term":[{"taxonomy":"product_brand","embeddable":true,"href":"https:\/\/d20juegos.com\/en\/wp-json\/wp\/v2\/product_brand?post=1792"},{"taxonomy":"product_cat","embeddable":true,"href":"https:\/\/d20juegos.com\/en\/wp-json\/wp\/v2\/product_cat?post=1792"},{"taxonomy":"product_tag","embeddable":true,"href":"https:\/\/d20juegos.com\/en\/wp-json\/wp\/v2\/product_tag?post=1792"}],"curies":[{"name":"wp","href":"https:\/\/api.w.org\/{rel}","templated":true}]}}