{"id":1794,"date":"2025-10-27T13:55:07","date_gmt":"2025-10-27T12:55:07","guid":{"rendered":"https:\/\/d20juegos.com\/producto\/nobel-run\/"},"modified":"2025-10-27T13:55:11","modified_gmt":"2025-10-27T12:55:11","slug":"nobel-run","status":"publish","type":"product","link":"https:\/\/d20juegos.com\/en\/product\/nobel-run\/","title":{"rendered":"NOBEL RUN"},"content":{"rendered":"<p>\u00a1La carrera cient\u00edfica es dura pero apasionante!<\/p>\n<p>En Nobel Run gestionar\u00e1s tu propio equipo de investigaci\u00f3n para ganar el Premio Nobel. Para ello, deber\u00e1s conseguir financiaci\u00f3n a trav\u00e9s de proyectos, contratar personal y publicar art\u00edculos en revistas cient\u00edficas. Inventoras y cient\u00edficas de primer nivel te ayudar\u00e1n en tu objetivo \u00bfSer\u00e1s capaz de lograrlo antes que el resto?<\/p>\n<p>Nobel Run es un juego de construcci\u00f3n de mazos en el que debes construir tu propia carrera cient\u00edfica en pos del Premio Nobel. El objetivo de la partida es ser la primera persona en conseguir reunir 20 puntos de prestigio con su equipo de investigaci\u00f3n.<\/p>","protected":false},"excerpt":{"rendered":"<p>\u00a1La carrera cient\u00edfica es dura pero apasionante!<\/p>\n<p>En Nobel Run gestionar\u00e1s tu propio equipo de investigaci\u00f3n para ganar el Premio Nobel. Para ello, deber\u00e1s conseguir financiaci\u00f3n a trav\u00e9s de proyectos, contratar personal y publicar art\u00edculos en revistas cient\u00edficas. Inventoras y cient\u00edficas de primer nivel te ayudar\u00e1n en tu objetivo \u00bfSer\u00e1s capaz de lograrlo antes que el resto?<\/p>\n<p>Nobel Run es un juego de construcci\u00f3n de mazos en el que debes construir tu propia carrera cient\u00edfica en pos del Premio Nobel. El objetivo de la partida es ser la primera persona en conseguir reunir 20 puntos de prestigio con su equipo de investigaci\u00f3n.<\/p>","protected":false},"featured_media":0,"comment_status":"closed","ping_status":"closed","template":"","meta":{"_acf_changed":false,"site-sidebar-layout":"default","site-content-layout":"","ast-site-content-layout":"default","site-content-style":"default","site-sidebar-style":"default","ast-global-header-display":"","ast-banner-title-visibility":"","ast-main-header-display":"","ast-hfb-above-header-display":"","ast-hfb-below-header-display":"","ast-hfb-mobile-header-display":"","site-post-title":"","ast-breadcrumbs-content":"","ast-featured-img":"","footer-sml-layout":"","theme-transparent-header-meta":"","adv-header-id-meta":"","stick-header-meta":"","header-above-stick-meta":"","header-main-stick-meta":"","header-below-stick-meta":"","astra-migrate-meta-layouts":"default","ast-page-background-enabled":"default","ast-page-background-meta":{"desktop":{"background-color":"var(--ast-global-color-5)","background-image":"","background-repeat":"repeat","background-position":"center center","background-size":"auto","background-attachment":"scroll","background-type":"","background-media":"","overlay-type":"","overlay-color":"","overlay-opacity":"","overlay-gradient":""},"tablet":{"background-color":"","background-image":"","background-repeat":"repeat","background-position":"center center","background-size":"auto","background-attachment":"scroll","background-type":"","background-media":"","overlay-type":"","overlay-color":"","overlay-opacity":"","overlay-gradient":""},"mobile":{"background-color":"","background-image":"","background-repeat":"repeat","background-position":"center center","background-size":"auto","background-attachment":"scroll","background-type":"","background-media":"","overlay-type":"","overlay-color":"","overlay-opacity":"","overlay-gradient":""}},"ast-content-background-meta":{"desktop":{"background-color":"var(--ast-global-color-4)","background-image":"","background-repeat":"repeat","background-position":"center center","background-size":"auto","background-attachment":"scroll","background-type":"","background-media":"","overlay-type":"","overlay-color":"","overlay-opacity":"","overlay-gradient":""},"tablet":{"background-color":"var(--ast-global-color-4)","background-image":"","background-repeat":"repeat","background-position":"center center","background-size":"auto","background-attachment":"scroll","background-type":"","background-media":"","overlay-type":"","overlay-color":"","overlay-opacity":"","overlay-gradient":""},"mobile":{"background-color":"var(--ast-global-color-4)","background-image":"","background-repeat":"repeat","background-position":"center center","background-size":"auto","background-attachment":"scroll","background-type":"","background-media":"","overlay-type":"","overlay-color":"","overlay-opacity":"","overlay-gradient":""}}},"product_brand":[],"product_cat":[149],"product_tag":[],"class_list":{"0":"post-1794","1":"product","2":"type-product","3":"status-publish","5":"product_cat-juegos-de-cartas","6":"desktop-align-left","7":"tablet-align-left","8":"mobile-align-left","10":"first","11":"instock","12":"purchasable","13":"product-type-simple"},"acf":[],"_links":{"self":[{"href":"https:\/\/d20juegos.com\/en\/wp-json\/wp\/v2\/product\/1794","targetHints":{"allow":["GET"]}}],"collection":[{"href":"https:\/\/d20juegos.com\/en\/wp-json\/wp\/v2\/product"}],"about":[{"href":"https:\/\/d20juegos.com\/en\/wp-json\/wp\/v2\/types\/product"}],"replies":[{"embeddable":true,"href":"https:\/\/d20juegos.com\/en\/wp-json\/wp\/v2\/comments?post=1794"}],"wp:attachment":[{"href":"https:\/\/d20juegos.com\/en\/wp-json\/wp\/v2\/media?parent=1794"}],"wp:term":[{"taxonomy":"product_brand","embeddable":true,"href":"https:\/\/d20juegos.com\/en\/wp-json\/wp\/v2\/product_brand?post=1794"},{"taxonomy":"product_cat","embeddable":true,"href":"https:\/\/d20juegos.com\/en\/wp-json\/wp\/v2\/product_cat?post=1794"},{"taxonomy":"product_tag","embeddable":true,"href":"https:\/\/d20juegos.com\/en\/wp-json\/wp\/v2\/product_tag?post=1794"}],"curies":[{"name":"wp","href":"https:\/\/api.w.org\/{rel}","templated":true}]}}