{"id":1796,"date":"2025-10-27T13:55:07","date_gmt":"2025-10-27T12:55:07","guid":{"rendered":"https:\/\/d20juegos.com\/producto\/identidad-secreta\/"},"modified":"2025-10-27T13:55:12","modified_gmt":"2025-10-27T12:55:12","slug":"identidad-secreta","status":"publish","type":"product","link":"https:\/\/d20juegos.com\/en\/product\/identidad-secreta\/","title":{"rendered":"IDENTIDAD SECRETA"},"content":{"rendered":"<p>Identidad Secreta es un juego de tablero en el que tendr\u00e9is que adivinar qu\u00e9 personaje esconde el resto de los participantes. Cuando comienza la partida, tendr\u00e1s una carta clave que indica tu identidad, entre los ocho personajes diferentes de la mesa. A trav\u00e9s de cartas \u00abpicto\u00bb, con iconos, intentar\u00e1s dar pistas sobre tu personale para que los dem\u00e1s adivinen qui\u00e9n eres, mientras adininas al mismo tiempo el personaje que esconden los dem\u00e1s. Quien haya obtenido m\u00e1s puntos, habr\u00e1 ganado la partida.<\/p>","protected":false},"excerpt":{"rendered":"<p>Identidad Secreta es un juego de tablero en el que tendr\u00e9is que adivinar qu\u00e9 personaje esconde el resto de los participantes. Cuando comienza la partida, tendr\u00e1s una carta clave que indica tu identidad, entre los ocho personajes diferentes de la mesa. A trav\u00e9s de cartas \u00abpicto\u00bb, con iconos, intentar\u00e1s dar pistas sobre tu personale para que los dem\u00e1s adivinen qui\u00e9n eres, mientras adininas al mismo tiempo el personaje que esconden los dem\u00e1s. Quien haya obtenido m\u00e1s puntos, habr\u00e1 ganado la partida.<\/p>","protected":false},"featured_media":0,"comment_status":"closed","ping_status":"closed","template":"","meta":{"_acf_changed":false,"site-sidebar-layout":"default","site-content-layout":"","ast-site-content-layout":"default","site-content-style":"default","site-sidebar-style":"default","ast-global-header-display":"","ast-banner-title-visibility":"","ast-main-header-display":"","ast-hfb-above-header-display":"","ast-hfb-below-header-display":"","ast-hfb-mobile-header-display":"","site-post-title":"","ast-breadcrumbs-content":"","ast-featured-img":"","footer-sml-layout":"","theme-transparent-header-meta":"","adv-header-id-meta":"","stick-header-meta":"","header-above-stick-meta":"","header-main-stick-meta":"","header-below-stick-meta":"","astra-migrate-meta-layouts":"default","ast-page-background-enabled":"default","ast-page-background-meta":{"desktop":{"background-color":"var(--ast-global-color-5)","background-image":"","background-repeat":"repeat","background-position":"center center","background-size":"auto","background-attachment":"scroll","background-type":"","background-media":"","overlay-type":"","overlay-color":"","overlay-opacity":"","overlay-gradient":""},"tablet":{"background-color":"","background-image":"","background-repeat":"repeat","background-position":"center center","background-size":"auto","background-attachment":"scroll","background-type":"","background-media":"","overlay-type":"","overlay-color":"","overlay-opacity":"","overlay-gradient":""},"mobile":{"background-color":"","background-image":"","background-repeat":"repeat","background-position":"center center","background-size":"auto","background-attachment":"scroll","background-type":"","background-media":"","overlay-type":"","overlay-color":"","overlay-opacity":"","overlay-gradient":""}},"ast-content-background-meta":{"desktop":{"background-color":"var(--ast-global-color-4)","background-image":"","background-repeat":"repeat","background-position":"center center","background-size":"auto","background-attachment":"scroll","background-type":"","background-media":"","overlay-type":"","overlay-color":"","overlay-opacity":"","overlay-gradient":""},"tablet":{"background-color":"var(--ast-global-color-4)","background-image":"","background-repeat":"repeat","background-position":"center center","background-size":"auto","background-attachment":"scroll","background-type":"","background-media":"","overlay-type":"","overlay-color":"","overlay-opacity":"","overlay-gradient":""},"mobile":{"background-color":"var(--ast-global-color-4)","background-image":"","background-repeat":"repeat","background-position":"center center","background-size":"auto","background-attachment":"scroll","background-type":"","background-media":"","overlay-type":"","overlay-color":"","overlay-opacity":"","overlay-gradient":""}}},"product_brand":[],"product_cat":[149],"product_tag":[],"class_list":{"0":"post-1796","1":"product","2":"type-product","3":"status-publish","5":"product_cat-juegos-de-cartas","6":"desktop-align-left","7":"tablet-align-left","8":"mobile-align-left","10":"first","11":"instock","12":"purchasable","13":"product-type-simple"},"acf":[],"_links":{"self":[{"href":"https:\/\/d20juegos.com\/en\/wp-json\/wp\/v2\/product\/1796","targetHints":{"allow":["GET"]}}],"collection":[{"href":"https:\/\/d20juegos.com\/en\/wp-json\/wp\/v2\/product"}],"about":[{"href":"https:\/\/d20juegos.com\/en\/wp-json\/wp\/v2\/types\/product"}],"replies":[{"embeddable":true,"href":"https:\/\/d20juegos.com\/en\/wp-json\/wp\/v2\/comments?post=1796"}],"wp:attachment":[{"href":"https:\/\/d20juegos.com\/en\/wp-json\/wp\/v2\/media?parent=1796"}],"wp:term":[{"taxonomy":"product_brand","embeddable":true,"href":"https:\/\/d20juegos.com\/en\/wp-json\/wp\/v2\/product_brand?post=1796"},{"taxonomy":"product_cat","embeddable":true,"href":"https:\/\/d20juegos.com\/en\/wp-json\/wp\/v2\/product_cat?post=1796"},{"taxonomy":"product_tag","embeddable":true,"href":"https:\/\/d20juegos.com\/en\/wp-json\/wp\/v2\/product_tag?post=1796"}],"curies":[{"name":"wp","href":"https:\/\/api.w.org\/{rel}","templated":true}]}}