{"id":1799,"date":"2025-10-27T13:55:07","date_gmt":"2025-10-27T12:55:07","guid":{"rendered":"https:\/\/d20juegos.com\/producto\/mind-up\/"},"modified":"2025-10-27T13:55:13","modified_gmt":"2025-10-27T12:55:13","slug":"mind-up","status":"publish","type":"product","link":"https:\/\/d20juegos.com\/en\/product\/mind-up\/","title":{"rendered":"MIND UP"},"content":{"rendered":"<p>Mind Up es un sencillo juego de cartas en el que tendr\u00e1s que revelar una carta de tu mano y colocarla debajo de la fila central (en orden ascendente) y despu\u00e9s a\u00f1adir a tu mano de cartas la que est\u00e9 en la misma posici\u00f3n. Si ya tienes cartas del mismo color, col\u00f3cala sobre ellas y, si no, col\u00f3cala en la siguiente columna vac\u00eda. Es un juego r\u00e1pido y sencillo en el que tendr\u00e1s que usar tu ingenio para conseguir las cartas que m\u00e1s te interesen y te tendr\u00e1s que fijar tambi\u00e9n en tus oponentes para saber qu\u00e9 carta te conviene jugar.<\/p>","protected":false},"excerpt":{"rendered":"<p>Mind Up es un sencillo juego de cartas en el que tendr\u00e1s que revelar una carta de tu mano y colocarla debajo de la fila central (en orden ascendente) y despu\u00e9s a\u00f1adir a tu mano de cartas la que est\u00e9 en la misma posici\u00f3n. Si ya tienes cartas del mismo color, col\u00f3cala sobre ellas y, si no, col\u00f3cala en la siguiente columna vac\u00eda. Es un juego r\u00e1pido y sencillo en el que tendr\u00e1s que usar tu ingenio para conseguir las cartas que m\u00e1s te interesen y te tendr\u00e1s que fijar tambi\u00e9n en tus oponentes para saber qu\u00e9 carta te conviene jugar.<\/p>","protected":false},"featured_media":0,"comment_status":"closed","ping_status":"closed","template":"","meta":{"_acf_changed":false,"site-sidebar-layout":"default","site-content-layout":"","ast-site-content-layout":"default","site-content-style":"default","site-sidebar-style":"default","ast-global-header-display":"","ast-banner-title-visibility":"","ast-main-header-display":"","ast-hfb-above-header-display":"","ast-hfb-below-header-display":"","ast-hfb-mobile-header-display":"","site-post-title":"","ast-breadcrumbs-content":"","ast-featured-img":"","footer-sml-layout":"","theme-transparent-header-meta":"","adv-header-id-meta":"","stick-header-meta":"","header-above-stick-meta":"","header-main-stick-meta":"","header-below-stick-meta":"","astra-migrate-meta-layouts":"default","ast-page-background-enabled":"default","ast-page-background-meta":{"desktop":{"background-color":"var(--ast-global-color-5)","background-image":"","background-repeat":"repeat","background-position":"center center","background-size":"auto","background-attachment":"scroll","background-type":"","background-media":"","overlay-type":"","overlay-color":"","overlay-opacity":"","overlay-gradient":""},"tablet":{"background-color":"","background-image":"","background-repeat":"repeat","background-position":"center center","background-size":"auto","background-attachment":"scroll","background-type":"","background-media":"","overlay-type":"","overlay-color":"","overlay-opacity":"","overlay-gradient":""},"mobile":{"background-color":"","background-image":"","background-repeat":"repeat","background-position":"center center","background-size":"auto","background-attachment":"scroll","background-type":"","background-media":"","overlay-type":"","overlay-color":"","overlay-opacity":"","overlay-gradient":""}},"ast-content-background-meta":{"desktop":{"background-color":"var(--ast-global-color-4)","background-image":"","background-repeat":"repeat","background-position":"center center","background-size":"auto","background-attachment":"scroll","background-type":"","background-media":"","overlay-type":"","overlay-color":"","overlay-opacity":"","overlay-gradient":""},"tablet":{"background-color":"var(--ast-global-color-4)","background-image":"","background-repeat":"repeat","background-position":"center center","background-size":"auto","background-attachment":"scroll","background-type":"","background-media":"","overlay-type":"","overlay-color":"","overlay-opacity":"","overlay-gradient":""},"mobile":{"background-color":"var(--ast-global-color-4)","background-image":"","background-repeat":"repeat","background-position":"center center","background-size":"auto","background-attachment":"scroll","background-type":"","background-media":"","overlay-type":"","overlay-color":"","overlay-opacity":"","overlay-gradient":""}}},"product_brand":[],"product_cat":[149],"product_tag":[],"class_list":{"0":"post-1799","1":"product","2":"type-product","3":"status-publish","5":"product_cat-juegos-de-cartas","6":"desktop-align-left","7":"tablet-align-left","8":"mobile-align-left","10":"first","11":"instock","12":"purchasable","13":"product-type-simple"},"acf":[],"_links":{"self":[{"href":"https:\/\/d20juegos.com\/en\/wp-json\/wp\/v2\/product\/1799","targetHints":{"allow":["GET"]}}],"collection":[{"href":"https:\/\/d20juegos.com\/en\/wp-json\/wp\/v2\/product"}],"about":[{"href":"https:\/\/d20juegos.com\/en\/wp-json\/wp\/v2\/types\/product"}],"replies":[{"embeddable":true,"href":"https:\/\/d20juegos.com\/en\/wp-json\/wp\/v2\/comments?post=1799"}],"wp:attachment":[{"href":"https:\/\/d20juegos.com\/en\/wp-json\/wp\/v2\/media?parent=1799"}],"wp:term":[{"taxonomy":"product_brand","embeddable":true,"href":"https:\/\/d20juegos.com\/en\/wp-json\/wp\/v2\/product_brand?post=1799"},{"taxonomy":"product_cat","embeddable":true,"href":"https:\/\/d20juegos.com\/en\/wp-json\/wp\/v2\/product_cat?post=1799"},{"taxonomy":"product_tag","embeddable":true,"href":"https:\/\/d20juegos.com\/en\/wp-json\/wp\/v2\/product_tag?post=1799"}],"curies":[{"name":"wp","href":"https:\/\/api.w.org\/{rel}","templated":true}]}}