{"id":1802,"date":"2025-10-27T13:55:15","date_gmt":"2025-10-27T12:55:15","guid":{"rendered":"https:\/\/d20juegos.com\/producto\/res-publica\/"},"modified":"2025-10-27T13:55:15","modified_gmt":"2025-10-27T12:55:15","slug":"res-publica","status":"publish","type":"product","link":"https:\/\/d20juegos.com\/en\/product\/res-publica\/","title":{"rendered":"RES PUBLICA"},"content":{"rendered":"<p>Res Publica es un juego de cartas basado en el comercio y gesti\u00f3n de cartas con el objetivo de fundar asentamientos y ciudades impulsando el progreso cultural y tecnol\u00f3gico. Para fundar un asentamiento, ense\u00f1a cinco cartas del mismo Clan. Esto te dar\u00e1 tres puntos y podr\u00e1s robar una carta de Civilizaci\u00f3n en cada turno. Re\u00fane cinco cartas de Civilizaci\u00f3n iguales para fundar una Ciudad y ten en cuenta que los m\u00e1s r\u00e1pidos obtendr\u00e1n las Ciudades m\u00e1s valiosas. Las partidas de este juego se componen de rondas, donde cada uno realizar\u00e1 su turno, hasta que alguien robe la \u00faltima carta de Civilizaci\u00f3n, y despu\u00e9s cada uno juega un \u00faltimo turno y se punt\u00faa. Se juega empezando por el jugador inicial y en sentido horario, y cada uno juega su turno. En tu turno podr\u00e1s hacer los siguientes pasos en orden, o pasar: o comercializar con otros jugadores (opcional) o progresar con cartas de tu mano (opcional tambi\u00e9n) con: cambio de 5 cartas de Clan por un Asentamiento, cambio de 5 cartas de Civilizaci\u00f3n por una CIudad, cambio de 2 monjes por una Altar o cambio de 2 libros por una Biblioteca. Lo que s\u00ed es obligatorio es reponer y terminar el turno: roba una carta de Clan, roba una carta de Civilizaci\u00f3n por cada Asentamiento y podr\u00e1s robar hasta 3 cartas, contando con la de Clan y la de Civilizaci\u00f3n. \u00a1Qui\u00e9n desarrolle mejor su clan, ganar\u00e1!<\/p>","protected":false},"excerpt":{"rendered":"<p>Res Publica es un juego de cartas basado en el comercio y gesti\u00f3n de cartas con el objetivo de fundar asentamientos y ciudades impulsando el progreso cultural y tecnol\u00f3gico. Para fundar un asentamiento, ense\u00f1a cinco cartas del mismo Clan. Esto te dar\u00e1 tres puntos y podr\u00e1s robar una carta de Civilizaci\u00f3n en cada turno. Re\u00fane cinco cartas de Civilizaci\u00f3n iguales para fundar una Ciudad y ten en cuenta que los m\u00e1s r\u00e1pidos obtendr\u00e1n las Ciudades m\u00e1s valiosas. Las partidas de este juego se componen de rondas, donde cada uno realizar\u00e1 su turno, hasta que alguien robe la \u00faltima carta de Civilizaci\u00f3n, y despu\u00e9s cada uno juega un \u00faltimo turno y se punt\u00faa. Se juega empezando por el jugador inicial y en sentido horario, y cada uno juega su turno. En tu turno podr\u00e1s hacer los siguientes pasos en orden, o pasar: o comercializar con otros jugadores (opcional) o progresar con cartas de tu mano (opcional tambi\u00e9n) con: cambio de 5 cartas de Clan por un Asentamiento, cambio de 5 cartas de Civilizaci\u00f3n por una CIudad, cambio de 2 monjes por una Altar o cambio de 2 libros por una Biblioteca. Lo que s\u00ed es obligatorio es reponer y terminar el turno: roba una carta de Clan, roba una carta de Civilizaci\u00f3n por cada Asentamiento y podr\u00e1s robar hasta 3 cartas, contando con la de Clan y la de Civilizaci\u00f3n. \u00a1Qui\u00e9n desarrolle mejor su clan, ganar\u00e1!<\/p>","protected":false},"featured_media":0,"comment_status":"closed","ping_status":"closed","template":"","meta":{"_acf_changed":false,"site-sidebar-layout":"default","site-content-layout":"","ast-site-content-layout":"default","site-content-style":"default","site-sidebar-style":"default","ast-global-header-display":"","ast-banner-title-visibility":"","ast-main-header-display":"","ast-hfb-above-header-display":"","ast-hfb-below-header-display":"","ast-hfb-mobile-header-display":"","site-post-title":"","ast-breadcrumbs-content":"","ast-featured-img":"","footer-sml-layout":"","theme-transparent-header-meta":"","adv-header-id-meta":"","stick-header-meta":"","header-above-stick-meta":"","header-main-stick-meta":"","header-below-stick-meta":"","astra-migrate-meta-layouts":"default","ast-page-background-enabled":"default","ast-page-background-meta":{"desktop":{"background-color":"var(--ast-global-color-5)","background-image":"","background-repeat":"repeat","background-position":"center center","background-size":"auto","background-attachment":"scroll","background-type":"","background-media":"","overlay-type":"","overlay-color":"","overlay-opacity":"","overlay-gradient":""},"tablet":{"background-color":"","background-image":"","background-repeat":"repeat","background-position":"center center","background-size":"auto","background-attachment":"scroll","background-type":"","background-media":"","overlay-type":"","overlay-color":"","overlay-opacity":"","overlay-gradient":""},"mobile":{"background-color":"","background-image":"","background-repeat":"repeat","background-position":"center center","background-size":"auto","background-attachment":"scroll","background-type":"","background-media":"","overlay-type":"","overlay-color":"","overlay-opacity":"","overlay-gradient":""}},"ast-content-background-meta":{"desktop":{"background-color":"var(--ast-global-color-4)","background-image":"","background-repeat":"repeat","background-position":"center center","background-size":"auto","background-attachment":"scroll","background-type":"","background-media":"","overlay-type":"","overlay-color":"","overlay-opacity":"","overlay-gradient":""},"tablet":{"background-color":"var(--ast-global-color-4)","background-image":"","background-repeat":"repeat","background-position":"center center","background-size":"auto","background-attachment":"scroll","background-type":"","background-media":"","overlay-type":"","overlay-color":"","overlay-opacity":"","overlay-gradient":""},"mobile":{"background-color":"var(--ast-global-color-4)","background-image":"","background-repeat":"repeat","background-position":"center center","background-size":"auto","background-attachment":"scroll","background-type":"","background-media":"","overlay-type":"","overlay-color":"","overlay-opacity":"","overlay-gradient":""}}},"product_brand":[],"product_cat":[149],"product_tag":[],"class_list":{"0":"post-1802","1":"product","2":"type-product","3":"status-publish","5":"product_cat-juegos-de-cartas","6":"desktop-align-left","7":"tablet-align-left","8":"mobile-align-left","10":"first","11":"instock","12":"purchasable","13":"product-type-simple"},"acf":[],"_links":{"self":[{"href":"https:\/\/d20juegos.com\/en\/wp-json\/wp\/v2\/product\/1802","targetHints":{"allow":["GET"]}}],"collection":[{"href":"https:\/\/d20juegos.com\/en\/wp-json\/wp\/v2\/product"}],"about":[{"href":"https:\/\/d20juegos.com\/en\/wp-json\/wp\/v2\/types\/product"}],"replies":[{"embeddable":true,"href":"https:\/\/d20juegos.com\/en\/wp-json\/wp\/v2\/comments?post=1802"}],"wp:attachment":[{"href":"https:\/\/d20juegos.com\/en\/wp-json\/wp\/v2\/media?parent=1802"}],"wp:term":[{"taxonomy":"product_brand","embeddable":true,"href":"https:\/\/d20juegos.com\/en\/wp-json\/wp\/v2\/product_brand?post=1802"},{"taxonomy":"product_cat","embeddable":true,"href":"https:\/\/d20juegos.com\/en\/wp-json\/wp\/v2\/product_cat?post=1802"},{"taxonomy":"product_tag","embeddable":true,"href":"https:\/\/d20juegos.com\/en\/wp-json\/wp\/v2\/product_tag?post=1802"}],"curies":[{"name":"wp","href":"https:\/\/api.w.org\/{rel}","templated":true}]}}