{"id":1804,"date":"2025-10-27T13:55:15","date_gmt":"2025-10-27T12:55:15","guid":{"rendered":"https:\/\/d20juegos.com\/producto\/cartas-motamo-junior\/"},"modified":"2025-10-27T13:55:15","modified_gmt":"2025-10-27T12:55:15","slug":"cartas-motamo-junior","status":"publish","type":"product","link":"https:\/\/d20juegos.com\/en\/product\/cartas-motamo-junior\/","title":{"rendered":"CARTAS MOTAMO JUNIOR"},"content":{"rendered":"<p>Cartas MotaMo Junior es un divertido juego de cartas para ni\u00f1os en el que la concentraci\u00f3n y la conexi\u00f3n son imprescindibles para lograr que tu compa\u00f1ero de juego adivine todas las palabras. Un primer juego de habilidad ling\u00fc\u00edstica y memoria para jugar en familia. \u00a1Disfruta y aprende!<\/p>\n<p>Juego de habilidad ling\u00fc\u00edstica para jugar en equipo. Es un juego que est\u00e1 basado en ilustraciones por lo que no es necesario que los peques a\u00fan sepan leer. Hay objetos, personajes, animales&#8230; que tendr\u00e1 que adivinar tu compa\u00f1ero de equipo. Si aciertas las 4 palabras se lleva la carta y el equipo que consiga 5 cartas ser\u00e1 el ganador.<\/p>","protected":false},"excerpt":{"rendered":"<p>Cartas MotaMo Junior es un divertido juego de cartas para ni\u00f1os en el que la concentraci\u00f3n y la conexi\u00f3n son imprescindibles para lograr que tu compa\u00f1ero de juego adivine todas las palabras. Un primer juego de habilidad ling\u00fc\u00edstica y memoria para jugar en familia. \u00a1Disfruta y aprende!<\/p>\n<p>Juego de habilidad ling\u00fc\u00edstica para jugar en equipo. Es un juego que est\u00e1 basado en ilustraciones por lo que no es necesario que los peques a\u00fan sepan leer. Hay objetos, personajes, animales&#8230; que tendr\u00e1 que adivinar tu compa\u00f1ero de equipo. Si aciertas las 4 palabras se lleva la carta y el equipo que consiga 5 cartas ser\u00e1 el ganador.<\/p>","protected":false},"featured_media":0,"comment_status":"closed","ping_status":"closed","template":"","meta":{"_acf_changed":false,"site-sidebar-layout":"default","site-content-layout":"","ast-site-content-layout":"default","site-content-style":"default","site-sidebar-style":"default","ast-global-header-display":"","ast-banner-title-visibility":"","ast-main-header-display":"","ast-hfb-above-header-display":"","ast-hfb-below-header-display":"","ast-hfb-mobile-header-display":"","site-post-title":"","ast-breadcrumbs-content":"","ast-featured-img":"","footer-sml-layout":"","theme-transparent-header-meta":"","adv-header-id-meta":"","stick-header-meta":"","header-above-stick-meta":"","header-main-stick-meta":"","header-below-stick-meta":"","astra-migrate-meta-layouts":"default","ast-page-background-enabled":"default","ast-page-background-meta":{"desktop":{"background-color":"var(--ast-global-color-5)","background-image":"","background-repeat":"repeat","background-position":"center center","background-size":"auto","background-attachment":"scroll","background-type":"","background-media":"","overlay-type":"","overlay-color":"","overlay-opacity":"","overlay-gradient":""},"tablet":{"background-color":"","background-image":"","background-repeat":"repeat","background-position":"center center","background-size":"auto","background-attachment":"scroll","background-type":"","background-media":"","overlay-type":"","overlay-color":"","overlay-opacity":"","overlay-gradient":""},"mobile":{"background-color":"","background-image":"","background-repeat":"repeat","background-position":"center center","background-size":"auto","background-attachment":"scroll","background-type":"","background-media":"","overlay-type":"","overlay-color":"","overlay-opacity":"","overlay-gradient":""}},"ast-content-background-meta":{"desktop":{"background-color":"var(--ast-global-color-4)","background-image":"","background-repeat":"repeat","background-position":"center center","background-size":"auto","background-attachment":"scroll","background-type":"","background-media":"","overlay-type":"","overlay-color":"","overlay-opacity":"","overlay-gradient":""},"tablet":{"background-color":"var(--ast-global-color-4)","background-image":"","background-repeat":"repeat","background-position":"center center","background-size":"auto","background-attachment":"scroll","background-type":"","background-media":"","overlay-type":"","overlay-color":"","overlay-opacity":"","overlay-gradient":""},"mobile":{"background-color":"var(--ast-global-color-4)","background-image":"","background-repeat":"repeat","background-position":"center center","background-size":"auto","background-attachment":"scroll","background-type":"","background-media":"","overlay-type":"","overlay-color":"","overlay-opacity":"","overlay-gradient":""}}},"product_brand":[],"product_cat":[149],"product_tag":[],"class_list":{"0":"post-1804","1":"product","2":"type-product","3":"status-publish","5":"product_cat-juegos-de-cartas","6":"desktop-align-left","7":"tablet-align-left","8":"mobile-align-left","10":"first","11":"instock","12":"purchasable","13":"product-type-simple"},"acf":[],"_links":{"self":[{"href":"https:\/\/d20juegos.com\/en\/wp-json\/wp\/v2\/product\/1804","targetHints":{"allow":["GET"]}}],"collection":[{"href":"https:\/\/d20juegos.com\/en\/wp-json\/wp\/v2\/product"}],"about":[{"href":"https:\/\/d20juegos.com\/en\/wp-json\/wp\/v2\/types\/product"}],"replies":[{"embeddable":true,"href":"https:\/\/d20juegos.com\/en\/wp-json\/wp\/v2\/comments?post=1804"}],"wp:attachment":[{"href":"https:\/\/d20juegos.com\/en\/wp-json\/wp\/v2\/media?parent=1804"}],"wp:term":[{"taxonomy":"product_brand","embeddable":true,"href":"https:\/\/d20juegos.com\/en\/wp-json\/wp\/v2\/product_brand?post=1804"},{"taxonomy":"product_cat","embeddable":true,"href":"https:\/\/d20juegos.com\/en\/wp-json\/wp\/v2\/product_cat?post=1804"},{"taxonomy":"product_tag","embeddable":true,"href":"https:\/\/d20juegos.com\/en\/wp-json\/wp\/v2\/product_tag?post=1804"}],"curies":[{"name":"wp","href":"https:\/\/api.w.org\/{rel}","templated":true}]}}