{"id":1805,"date":"2025-10-27T13:55:15","date_gmt":"2025-10-27T12:55:15","guid":{"rendered":"https:\/\/d20juegos.com\/producto\/cartas-motamo\/"},"modified":"2025-10-27T13:55:16","modified_gmt":"2025-10-27T12:55:16","slug":"cartas-motamo","status":"publish","type":"product","link":"https:\/\/d20juegos.com\/en\/product\/cartas-motamo\/","title":{"rendered":"CARTAS MOTAMO"},"content":{"rendered":"<p>Cartas MotaMo es un juego de cartas para ni\u00f1os con el que podr\u00e1n desarrollar su memoria y sus habilidades ling\u00fc\u00edsticas a la vez que se lo pasan en grande. Un juego en equipo con objetos, personajes, animales&#8230; que tendr\u00e1 que adivinar junto a su compa\u00f1ero de equipo. \u00a1Divertirse y aprender es posible!<\/p>\n<p>El objetivo del juego es que tus compa\u00f1eros adivinen las 6 im\u00e1genes de la carta usando \u00fanicamente una palabra. Si acierta las 6 palabras \u00a1ganar\u00e9is la carta! Ganar\u00e1 el equipo que antes consiga hacerse con 5 cartas distintas.<\/p>","protected":false},"excerpt":{"rendered":"<p>Cartas MotaMo es un juego de cartas para ni\u00f1os con el que podr\u00e1n desarrollar su memoria y sus habilidades ling\u00fc\u00edsticas a la vez que se lo pasan en grande. Un juego en equipo con objetos, personajes, animales&#8230; que tendr\u00e1 que adivinar junto a su compa\u00f1ero de equipo. \u00a1Divertirse y aprender es posible!<\/p>\n<p>El objetivo del juego es que tus compa\u00f1eros adivinen las 6 im\u00e1genes de la carta usando \u00fanicamente una palabra. Si acierta las 6 palabras \u00a1ganar\u00e9is la carta! Ganar\u00e1 el equipo que antes consiga hacerse con 5 cartas distintas.<\/p>","protected":false},"featured_media":0,"comment_status":"closed","ping_status":"closed","template":"","meta":{"_acf_changed":false,"site-sidebar-layout":"default","site-content-layout":"","ast-site-content-layout":"default","site-content-style":"default","site-sidebar-style":"default","ast-global-header-display":"","ast-banner-title-visibility":"","ast-main-header-display":"","ast-hfb-above-header-display":"","ast-hfb-below-header-display":"","ast-hfb-mobile-header-display":"","site-post-title":"","ast-breadcrumbs-content":"","ast-featured-img":"","footer-sml-layout":"","theme-transparent-header-meta":"","adv-header-id-meta":"","stick-header-meta":"","header-above-stick-meta":"","header-main-stick-meta":"","header-below-stick-meta":"","astra-migrate-meta-layouts":"default","ast-page-background-enabled":"default","ast-page-background-meta":{"desktop":{"background-color":"var(--ast-global-color-5)","background-image":"","background-repeat":"repeat","background-position":"center center","background-size":"auto","background-attachment":"scroll","background-type":"","background-media":"","overlay-type":"","overlay-color":"","overlay-opacity":"","overlay-gradient":""},"tablet":{"background-color":"","background-image":"","background-repeat":"repeat","background-position":"center center","background-size":"auto","background-attachment":"scroll","background-type":"","background-media":"","overlay-type":"","overlay-color":"","overlay-opacity":"","overlay-gradient":""},"mobile":{"background-color":"","background-image":"","background-repeat":"repeat","background-position":"center center","background-size":"auto","background-attachment":"scroll","background-type":"","background-media":"","overlay-type":"","overlay-color":"","overlay-opacity":"","overlay-gradient":""}},"ast-content-background-meta":{"desktop":{"background-color":"var(--ast-global-color-4)","background-image":"","background-repeat":"repeat","background-position":"center center","background-size":"auto","background-attachment":"scroll","background-type":"","background-media":"","overlay-type":"","overlay-color":"","overlay-opacity":"","overlay-gradient":""},"tablet":{"background-color":"var(--ast-global-color-4)","background-image":"","background-repeat":"repeat","background-position":"center center","background-size":"auto","background-attachment":"scroll","background-type":"","background-media":"","overlay-type":"","overlay-color":"","overlay-opacity":"","overlay-gradient":""},"mobile":{"background-color":"var(--ast-global-color-4)","background-image":"","background-repeat":"repeat","background-position":"center center","background-size":"auto","background-attachment":"scroll","background-type":"","background-media":"","overlay-type":"","overlay-color":"","overlay-opacity":"","overlay-gradient":""}}},"product_brand":[],"product_cat":[149],"product_tag":[],"class_list":{"0":"post-1805","1":"product","2":"type-product","3":"status-publish","5":"product_cat-juegos-de-cartas","6":"desktop-align-left","7":"tablet-align-left","8":"mobile-align-left","10":"first","11":"instock","12":"purchasable","13":"product-type-simple"},"acf":[],"_links":{"self":[{"href":"https:\/\/d20juegos.com\/en\/wp-json\/wp\/v2\/product\/1805","targetHints":{"allow":["GET"]}}],"collection":[{"href":"https:\/\/d20juegos.com\/en\/wp-json\/wp\/v2\/product"}],"about":[{"href":"https:\/\/d20juegos.com\/en\/wp-json\/wp\/v2\/types\/product"}],"replies":[{"embeddable":true,"href":"https:\/\/d20juegos.com\/en\/wp-json\/wp\/v2\/comments?post=1805"}],"wp:attachment":[{"href":"https:\/\/d20juegos.com\/en\/wp-json\/wp\/v2\/media?parent=1805"}],"wp:term":[{"taxonomy":"product_brand","embeddable":true,"href":"https:\/\/d20juegos.com\/en\/wp-json\/wp\/v2\/product_brand?post=1805"},{"taxonomy":"product_cat","embeddable":true,"href":"https:\/\/d20juegos.com\/en\/wp-json\/wp\/v2\/product_cat?post=1805"},{"taxonomy":"product_tag","embeddable":true,"href":"https:\/\/d20juegos.com\/en\/wp-json\/wp\/v2\/product_tag?post=1805"}],"curies":[{"name":"wp","href":"https:\/\/api.w.org\/{rel}","templated":true}]}}