{"id":1810,"date":"2025-10-27T13:55:15","date_gmt":"2025-10-27T12:55:15","guid":{"rendered":"https:\/\/d20juegos.com\/producto\/cartas-savana\/"},"modified":"2025-10-27T13:55:17","modified_gmt":"2025-10-27T12:55:17","slug":"cartas-savana","status":"publish","type":"product","link":"https:\/\/d20juegos.com\/en\/product\/cartas-savana\/","title":{"rendered":"CARTAS SAVANA"},"content":{"rendered":"<p>Cartas Savana es un juego de cartas para ni\u00f1os con el que os podr\u00e9is divertiros con esta versi\u00f3n selv\u00e1tica de los juegos de bazas de toda la vida. Tendr\u00e9is que jugar vuestras cartas inteligentemente para haceros con la mayor cantidad de puntos posible si quer\u00e9is ganar la partida\u2026 Diversi\u00f3n y aprendizaje todo en uno.<\/p>\n<p>Preparaci\u00f3n de la partida: Se reparten todas las cartas entre los jugadores. Existen 4 familias de animales elefantes, leones, hienas y cebras. Algunos animales tienen puntos positivos (estrellas verdes), algunos puntos negativos (estrellas rojas) y otros nada. Las cebras son los comodines. Los jugadores deben ordenarse sus cartas primero por familias y seguidamente por n\u00fameros, de menor a mayor.<\/p>\n<p>Jugar es muy sencillo: El objetivo es ganar el m\u00e1ximo de estrellas verdes, por lo tanto, habr\u00e1 manos que nos interesar\u00e1 ganar y otras perder. El primer jugador, juega una carta y el siguiente tiene que jugar otra y as\u00ed sucesivamente hasta terminar una ronda. Las cartas a jugar deben ser de la misma familia de animales o bien una carta cebra Cuando todos hayan jugado una carta, el que tenga el n\u00famero m\u00e1s alto (de la familia o de la cebra) gana la mano. Ese jugador, coger\u00e1 las cartas y las colocar\u00e1 delante suyo y boca abajo.<\/p>\n<p>Algunas cartas cebra tienen acciones a realizar al final del turno. Cuando ning\u00fan jugador tiene cartas en la mano, cada uno suma sus estrellas verdes y resta las rojas y el que tenga m\u00e1s puntos, gana.<\/p>","protected":false},"excerpt":{"rendered":"<p>Cartas Savana es un juego de cartas para ni\u00f1os con el que os podr\u00e9is divertiros con esta versi\u00f3n selv\u00e1tica de los juegos de bazas de toda la vida. Tendr\u00e9is que jugar vuestras cartas inteligentemente para haceros con la mayor cantidad de puntos posible si quer\u00e9is ganar la partida\u2026 Diversi\u00f3n y aprendizaje todo en uno.<\/p>\n<p>Preparaci\u00f3n de la partida: Se reparten todas las cartas entre los jugadores. Existen 4 familias de animales elefantes, leones, hienas y cebras. Algunos animales tienen puntos positivos (estrellas verdes), algunos puntos negativos (estrellas rojas) y otros nada. Las cebras son los comodines. Los jugadores deben ordenarse sus cartas primero por familias y seguidamente por n\u00fameros, de menor a mayor.<\/p>\n<p>Jugar es muy sencillo: El objetivo es ganar el m\u00e1ximo de estrellas verdes, por lo tanto, habr\u00e1 manos que nos interesar\u00e1 ganar y otras perder. El primer jugador, juega una carta y el siguiente tiene que jugar otra y as\u00ed sucesivamente hasta terminar una ronda. Las cartas a jugar deben ser de la misma familia de animales o bien una carta cebra Cuando todos hayan jugado una carta, el que tenga el n\u00famero m\u00e1s alto (de la familia o de la cebra) gana la mano. Ese jugador, coger\u00e1 las cartas y las colocar\u00e1 delante suyo y boca abajo.<\/p>\n<p>Algunas cartas cebra tienen acciones a realizar al final del turno. Cuando ning\u00fan jugador tiene cartas en la mano, cada uno suma sus estrellas verdes y resta las rojas y el que tenga m\u00e1s puntos, gana.<\/p>","protected":false},"featured_media":0,"comment_status":"closed","ping_status":"closed","template":"","meta":{"_acf_changed":false,"site-sidebar-layout":"default","site-content-layout":"","ast-site-content-layout":"default","site-content-style":"default","site-sidebar-style":"default","ast-global-header-display":"","ast-banner-title-visibility":"","ast-main-header-display":"","ast-hfb-above-header-display":"","ast-hfb-below-header-display":"","ast-hfb-mobile-header-display":"","site-post-title":"","ast-breadcrumbs-content":"","ast-featured-img":"","footer-sml-layout":"","theme-transparent-header-meta":"","adv-header-id-meta":"","stick-header-meta":"","header-above-stick-meta":"","header-main-stick-meta":"","header-below-stick-meta":"","astra-migrate-meta-layouts":"default","ast-page-background-enabled":"default","ast-page-background-meta":{"desktop":{"background-color":"var(--ast-global-color-5)","background-image":"","background-repeat":"repeat","background-position":"center center","background-size":"auto","background-attachment":"scroll","background-type":"","background-media":"","overlay-type":"","overlay-color":"","overlay-opacity":"","overlay-gradient":""},"tablet":{"background-color":"","background-image":"","background-repeat":"repeat","background-position":"center center","background-size":"auto","background-attachment":"scroll","background-type":"","background-media":"","overlay-type":"","overlay-color":"","overlay-opacity":"","overlay-gradient":""},"mobile":{"background-color":"","background-image":"","background-repeat":"repeat","background-position":"center center","background-size":"auto","background-attachment":"scroll","background-type":"","background-media":"","overlay-type":"","overlay-color":"","overlay-opacity":"","overlay-gradient":""}},"ast-content-background-meta":{"desktop":{"background-color":"var(--ast-global-color-4)","background-image":"","background-repeat":"repeat","background-position":"center center","background-size":"auto","background-attachment":"scroll","background-type":"","background-media":"","overlay-type":"","overlay-color":"","overlay-opacity":"","overlay-gradient":""},"tablet":{"background-color":"var(--ast-global-color-4)","background-image":"","background-repeat":"repeat","background-position":"center center","background-size":"auto","background-attachment":"scroll","background-type":"","background-media":"","overlay-type":"","overlay-color":"","overlay-opacity":"","overlay-gradient":""},"mobile":{"background-color":"var(--ast-global-color-4)","background-image":"","background-repeat":"repeat","background-position":"center center","background-size":"auto","background-attachment":"scroll","background-type":"","background-media":"","overlay-type":"","overlay-color":"","overlay-opacity":"","overlay-gradient":""}}},"product_brand":[],"product_cat":[149],"product_tag":[],"class_list":{"0":"post-1810","1":"product","2":"type-product","3":"status-publish","5":"product_cat-juegos-de-cartas","6":"desktop-align-left","7":"tablet-align-left","8":"mobile-align-left","10":"first","11":"instock","12":"purchasable","13":"product-type-simple"},"acf":[],"_links":{"self":[{"href":"https:\/\/d20juegos.com\/en\/wp-json\/wp\/v2\/product\/1810","targetHints":{"allow":["GET"]}}],"collection":[{"href":"https:\/\/d20juegos.com\/en\/wp-json\/wp\/v2\/product"}],"about":[{"href":"https:\/\/d20juegos.com\/en\/wp-json\/wp\/v2\/types\/product"}],"replies":[{"embeddable":true,"href":"https:\/\/d20juegos.com\/en\/wp-json\/wp\/v2\/comments?post=1810"}],"wp:attachment":[{"href":"https:\/\/d20juegos.com\/en\/wp-json\/wp\/v2\/media?parent=1810"}],"wp:term":[{"taxonomy":"product_brand","embeddable":true,"href":"https:\/\/d20juegos.com\/en\/wp-json\/wp\/v2\/product_brand?post=1810"},{"taxonomy":"product_cat","embeddable":true,"href":"https:\/\/d20juegos.com\/en\/wp-json\/wp\/v2\/product_cat?post=1810"},{"taxonomy":"product_tag","embeddable":true,"href":"https:\/\/d20juegos.com\/en\/wp-json\/wp\/v2\/product_tag?post=1810"}],"curies":[{"name":"wp","href":"https:\/\/api.w.org\/{rel}","templated":true}]}}