{"id":1839,"date":"2025-10-27T13:55:22","date_gmt":"2025-10-27T12:55:22","guid":{"rendered":"https:\/\/d20juegos.com\/producto\/viernes-solitario\/"},"modified":"2025-10-27T13:55:26","modified_gmt":"2025-10-27T12:55:26","slug":"viernes-solitario","status":"publish","type":"product","link":"https:\/\/d20juegos.com\/en\/product\/viernes-solitario\/","title":{"rendered":"VIERNES SOLITARIO"},"content":{"rendered":"<p>Robinson ha naufragado en tu isla y tendr\u00e1s que ayudarle a luchar contra multitud de peligros. Al principio, Robinson no es muy h\u00e1bil, pero con cada enfrentamiento que supera mejora sus habilidades. Las derrotas tambi\u00e9n le ayudan a deshacerse de sus malos h\u00e1bitos. No obstante, la vida en la isla es agotadora, por lo que Robinson no s\u00f3lo gana experiencia durante su aventura, sino que tambi\u00e9n se hace mayor y se vuelve torpe. En este juego, Robinson est\u00e1 representado por un mazo de cartas con diferentes comportamientos. \u00a1Tendr\u00e1s que conseguir las mejores cartas para que Robinson pueda vencer cuando finalmente se enfrente a los temibles piratas!<\/p>","protected":false},"excerpt":{"rendered":"<p>Robinson ha naufragado en tu isla y tendr\u00e1s que ayudarle a luchar contra multitud de peligros. Al principio, Robinson no es muy h\u00e1bil, pero con cada enfrentamiento que supera mejora sus habilidades. Las derrotas tambi\u00e9n le ayudan a deshacerse de sus malos h\u00e1bitos. No obstante, la vida en la isla es agotadora, por lo que Robinson no s\u00f3lo gana experiencia durante su aventura, sino que tambi\u00e9n se hace mayor y se vuelve torpe. En este juego, Robinson est\u00e1 representado por un mazo de cartas con diferentes comportamientos. \u00a1Tendr\u00e1s que conseguir las mejores cartas para que Robinson pueda vencer cuando finalmente se enfrente a los temibles piratas!<\/p>","protected":false},"featured_media":0,"comment_status":"closed","ping_status":"closed","template":"","meta":{"_acf_changed":false,"site-sidebar-layout":"default","site-content-layout":"","ast-site-content-layout":"default","site-content-style":"default","site-sidebar-style":"default","ast-global-header-display":"","ast-banner-title-visibility":"","ast-main-header-display":"","ast-hfb-above-header-display":"","ast-hfb-below-header-display":"","ast-hfb-mobile-header-display":"","site-post-title":"","ast-breadcrumbs-content":"","ast-featured-img":"","footer-sml-layout":"","theme-transparent-header-meta":"","adv-header-id-meta":"","stick-header-meta":"","header-above-stick-meta":"","header-main-stick-meta":"","header-below-stick-meta":"","astra-migrate-meta-layouts":"default","ast-page-background-enabled":"default","ast-page-background-meta":{"desktop":{"background-color":"var(--ast-global-color-5)","background-image":"","background-repeat":"repeat","background-position":"center center","background-size":"auto","background-attachment":"scroll","background-type":"","background-media":"","overlay-type":"","overlay-color":"","overlay-opacity":"","overlay-gradient":""},"tablet":{"background-color":"","background-image":"","background-repeat":"repeat","background-position":"center center","background-size":"auto","background-attachment":"scroll","background-type":"","background-media":"","overlay-type":"","overlay-color":"","overlay-opacity":"","overlay-gradient":""},"mobile":{"background-color":"","background-image":"","background-repeat":"repeat","background-position":"center center","background-size":"auto","background-attachment":"scroll","background-type":"","background-media":"","overlay-type":"","overlay-color":"","overlay-opacity":"","overlay-gradient":""}},"ast-content-background-meta":{"desktop":{"background-color":"var(--ast-global-color-4)","background-image":"","background-repeat":"repeat","background-position":"center center","background-size":"auto","background-attachment":"scroll","background-type":"","background-media":"","overlay-type":"","overlay-color":"","overlay-opacity":"","overlay-gradient":""},"tablet":{"background-color":"var(--ast-global-color-4)","background-image":"","background-repeat":"repeat","background-position":"center center","background-size":"auto","background-attachment":"scroll","background-type":"","background-media":"","overlay-type":"","overlay-color":"","overlay-opacity":"","overlay-gradient":""},"mobile":{"background-color":"var(--ast-global-color-4)","background-image":"","background-repeat":"repeat","background-position":"center center","background-size":"auto","background-attachment":"scroll","background-type":"","background-media":"","overlay-type":"","overlay-color":"","overlay-opacity":"","overlay-gradient":""}}},"product_brand":[],"product_cat":[149],"product_tag":[],"class_list":{"0":"post-1839","1":"product","2":"type-product","3":"status-publish","5":"product_cat-juegos-de-cartas","6":"desktop-align-left","7":"tablet-align-left","8":"mobile-align-left","10":"first","11":"instock","12":"purchasable","13":"product-type-simple"},"acf":[],"_links":{"self":[{"href":"https:\/\/d20juegos.com\/en\/wp-json\/wp\/v2\/product\/1839","targetHints":{"allow":["GET"]}}],"collection":[{"href":"https:\/\/d20juegos.com\/en\/wp-json\/wp\/v2\/product"}],"about":[{"href":"https:\/\/d20juegos.com\/en\/wp-json\/wp\/v2\/types\/product"}],"replies":[{"embeddable":true,"href":"https:\/\/d20juegos.com\/en\/wp-json\/wp\/v2\/comments?post=1839"}],"wp:attachment":[{"href":"https:\/\/d20juegos.com\/en\/wp-json\/wp\/v2\/media?parent=1839"}],"wp:term":[{"taxonomy":"product_brand","embeddable":true,"href":"https:\/\/d20juegos.com\/en\/wp-json\/wp\/v2\/product_brand?post=1839"},{"taxonomy":"product_cat","embeddable":true,"href":"https:\/\/d20juegos.com\/en\/wp-json\/wp\/v2\/product_cat?post=1839"},{"taxonomy":"product_tag","embeddable":true,"href":"https:\/\/d20juegos.com\/en\/wp-json\/wp\/v2\/product_tag?post=1839"}],"curies":[{"name":"wp","href":"https:\/\/api.w.org\/{rel}","templated":true}]}}