{"id":1840,"date":"2025-10-27T13:55:28","date_gmt":"2025-10-27T12:55:28","guid":{"rendered":"https:\/\/d20juegos.com\/producto\/samurai-sword\/"},"modified":"2025-10-27T13:55:28","modified_gmt":"2025-10-27T12:55:28","slug":"samurai-sword","status":"publish","type":"product","link":"https:\/\/d20juegos.com\/en\/product\/samurai-sword\/","title":{"rendered":"SAMURAI SWORD"},"content":{"rendered":"<p>En el reino del Sol Naciente, los leales samur\u00e1is protegen al shogun, su comandante y se\u00f1or. Los astutos ninjas intentan subvertir el orden del imperio por todos los medios. La hoja de la katana reluce en el campo de batalla. Un solitario ronin trama su venganza. \u00bfLograr\u00e1s obtener la victoria desenmascarando a tus enemigos sin dejar de honrar el camino del guerrero? Samurai Sword es un juego independiente de la l\u00ednea BANG! Game System, que emplea de forma innovadora las mec\u00e1nicas originales del juego del Salvaje Oeste m\u00e1s vendido del mundo.<\/p>","protected":false},"excerpt":{"rendered":"<p>En el reino del Sol Naciente, los leales samur\u00e1is protegen al shogun, su comandante y se\u00f1or. Los astutos ninjas intentan subvertir el orden del imperio por todos los medios. La hoja de la katana reluce en el campo de batalla. Un solitario ronin trama su venganza. \u00bfLograr\u00e1s obtener la victoria desenmascarando a tus enemigos sin dejar de honrar el camino del guerrero? Samurai Sword es un juego independiente de la l\u00ednea BANG! Game System, que emplea de forma innovadora las mec\u00e1nicas originales del juego del Salvaje Oeste m\u00e1s vendido del mundo.<\/p>","protected":false},"featured_media":0,"comment_status":"closed","ping_status":"closed","template":"","meta":{"_acf_changed":false,"site-sidebar-layout":"default","site-content-layout":"","ast-site-content-layout":"default","site-content-style":"default","site-sidebar-style":"default","ast-global-header-display":"","ast-banner-title-visibility":"","ast-main-header-display":"","ast-hfb-above-header-display":"","ast-hfb-below-header-display":"","ast-hfb-mobile-header-display":"","site-post-title":"","ast-breadcrumbs-content":"","ast-featured-img":"","footer-sml-layout":"","theme-transparent-header-meta":"","adv-header-id-meta":"","stick-header-meta":"","header-above-stick-meta":"","header-main-stick-meta":"","header-below-stick-meta":"","astra-migrate-meta-layouts":"default","ast-page-background-enabled":"default","ast-page-background-meta":{"desktop":{"background-color":"var(--ast-global-color-5)","background-image":"","background-repeat":"repeat","background-position":"center center","background-size":"auto","background-attachment":"scroll","background-type":"","background-media":"","overlay-type":"","overlay-color":"","overlay-opacity":"","overlay-gradient":""},"tablet":{"background-color":"","background-image":"","background-repeat":"repeat","background-position":"center center","background-size":"auto","background-attachment":"scroll","background-type":"","background-media":"","overlay-type":"","overlay-color":"","overlay-opacity":"","overlay-gradient":""},"mobile":{"background-color":"","background-image":"","background-repeat":"repeat","background-position":"center center","background-size":"auto","background-attachment":"scroll","background-type":"","background-media":"","overlay-type":"","overlay-color":"","overlay-opacity":"","overlay-gradient":""}},"ast-content-background-meta":{"desktop":{"background-color":"var(--ast-global-color-4)","background-image":"","background-repeat":"repeat","background-position":"center center","background-size":"auto","background-attachment":"scroll","background-type":"","background-media":"","overlay-type":"","overlay-color":"","overlay-opacity":"","overlay-gradient":""},"tablet":{"background-color":"var(--ast-global-color-4)","background-image":"","background-repeat":"repeat","background-position":"center center","background-size":"auto","background-attachment":"scroll","background-type":"","background-media":"","overlay-type":"","overlay-color":"","overlay-opacity":"","overlay-gradient":""},"mobile":{"background-color":"var(--ast-global-color-4)","background-image":"","background-repeat":"repeat","background-position":"center center","background-size":"auto","background-attachment":"scroll","background-type":"","background-media":"","overlay-type":"","overlay-color":"","overlay-opacity":"","overlay-gradient":""}}},"product_brand":[],"product_cat":[149],"product_tag":[],"class_list":{"0":"post-1840","1":"product","2":"type-product","3":"status-publish","5":"product_cat-juegos-de-cartas","6":"desktop-align-left","7":"tablet-align-left","8":"mobile-align-left","10":"first","11":"instock","12":"purchasable","13":"product-type-simple"},"acf":[],"_links":{"self":[{"href":"https:\/\/d20juegos.com\/en\/wp-json\/wp\/v2\/product\/1840","targetHints":{"allow":["GET"]}}],"collection":[{"href":"https:\/\/d20juegos.com\/en\/wp-json\/wp\/v2\/product"}],"about":[{"href":"https:\/\/d20juegos.com\/en\/wp-json\/wp\/v2\/types\/product"}],"replies":[{"embeddable":true,"href":"https:\/\/d20juegos.com\/en\/wp-json\/wp\/v2\/comments?post=1840"}],"wp:attachment":[{"href":"https:\/\/d20juegos.com\/en\/wp-json\/wp\/v2\/media?parent=1840"}],"wp:term":[{"taxonomy":"product_brand","embeddable":true,"href":"https:\/\/d20juegos.com\/en\/wp-json\/wp\/v2\/product_brand?post=1840"},{"taxonomy":"product_cat","embeddable":true,"href":"https:\/\/d20juegos.com\/en\/wp-json\/wp\/v2\/product_cat?post=1840"},{"taxonomy":"product_tag","embeddable":true,"href":"https:\/\/d20juegos.com\/en\/wp-json\/wp\/v2\/product_tag?post=1840"}],"curies":[{"name":"wp","href":"https:\/\/api.w.org\/{rel}","templated":true}]}}