{"id":1868,"date":"2025-10-27T13:55:37","date_gmt":"2025-10-27T12:55:37","guid":{"rendered":"https:\/\/d20juegos.com\/producto\/los-hombres-lobo-de-castronegro\/"},"modified":"2025-10-27T13:55:39","modified_gmt":"2025-10-27T12:55:39","slug":"los-hombres-lobo-de-castronegro","status":"publish","type":"product","link":"https:\/\/d20juegos.com\/en\/product\/los-hombres-lobo-de-castronegro\/","title":{"rendered":"LOS HOMBRES LOBO DE CASTRONEGRO"},"content":{"rendered":"<p>En lo m\u00e1s profundo del bosque, la peque\u00f1a aldea de Castronegro es, desde hace alg\u00fan tiempo, presa de los Hombres Lobo. Todas las noches, algunos habitantes de la aldea, convertidos en Hombres Lobo por un extra\u00f1o fen\u00f3meno, asesinan a sus vecinos. Los supervivientes deben superar su miedo para poder erradicar esta plaga venida de la noche de los tiempos, antes de que la aldea pierda sus \u00faltimos habitantes.<\/p>\n<p>En Hombres Lobo de Castronegro grupos de hasta dieciocho jugadores se convierten en los habitantes del pueblo y colaboran para librarlo de la amenaza de un grupo de malvados hombres lobo. Pero claro, estos seres viles y despiadados se ocultan entre ellos vali\u00e9ndose durante el d\u00eda de su forma humana. Por la noche todo es distinto, los humanos est\u00e1n a su merced y no dudan en atacarles. El resultado de todos estos ingredientes es un juego de deducci\u00f3n social con suficientes dosis de intriga, interpretaci\u00f3n, faroles y sospechas para que t\u00fa y tus amigos no pod\u00e1is parar de jugarlo. Pero uno de vosotros tiene que ser el narrador, un papel que llevar\u00e1 el peso de la narraci\u00f3n y que os guiar\u00e1 por una historia terrible y apasionante.<\/p>\n<p>Un juego de f\u00e1cil aprendizaje, ideal para pasar un buen rato. \u00a1Cuidado! Os arriesg\u00e1is a estar jugando hora tras hora.<\/p>","protected":false},"excerpt":{"rendered":"<p>En lo m\u00e1s profundo del bosque, la peque\u00f1a aldea de Castronegro es, desde hace alg\u00fan tiempo, presa de los Hombres Lobo. Todas las noches, algunos habitantes de la aldea, convertidos en Hombres Lobo por un extra\u00f1o fen\u00f3meno, asesinan a sus vecinos. Los supervivientes deben superar su miedo para poder erradicar esta plaga venida de la noche de los tiempos, antes de que la aldea pierda sus \u00faltimos habitantes.<\/p>\n<p>En Hombres Lobo de Castronegro grupos de hasta dieciocho jugadores se convierten en los habitantes del pueblo y colaboran para librarlo de la amenaza de un grupo de malvados hombres lobo. Pero claro, estos seres viles y despiadados se ocultan entre ellos vali\u00e9ndose durante el d\u00eda de su forma humana. Por la noche todo es distinto, los humanos est\u00e1n a su merced y no dudan en atacarles. El resultado de todos estos ingredientes es un juego de deducci\u00f3n social con suficientes dosis de intriga, interpretaci\u00f3n, faroles y sospechas para que t\u00fa y tus amigos no pod\u00e1is parar de jugarlo. Pero uno de vosotros tiene que ser el narrador, un papel que llevar\u00e1 el peso de la narraci\u00f3n y que os guiar\u00e1 por una historia terrible y apasionante.<\/p>\n<p>Un juego de f\u00e1cil aprendizaje, ideal para pasar un buen rato. \u00a1Cuidado! Os arriesg\u00e1is a estar jugando hora tras hora.<\/p>","protected":false},"featured_media":0,"comment_status":"closed","ping_status":"closed","template":"","meta":{"_acf_changed":false,"site-sidebar-layout":"default","site-content-layout":"","ast-site-content-layout":"default","site-content-style":"default","site-sidebar-style":"default","ast-global-header-display":"","ast-banner-title-visibility":"","ast-main-header-display":"","ast-hfb-above-header-display":"","ast-hfb-below-header-display":"","ast-hfb-mobile-header-display":"","site-post-title":"","ast-breadcrumbs-content":"","ast-featured-img":"","footer-sml-layout":"","theme-transparent-header-meta":"","adv-header-id-meta":"","stick-header-meta":"","header-above-stick-meta":"","header-main-stick-meta":"","header-below-stick-meta":"","astra-migrate-meta-layouts":"default","ast-page-background-enabled":"default","ast-page-background-meta":{"desktop":{"background-color":"var(--ast-global-color-5)","background-image":"","background-repeat":"repeat","background-position":"center center","background-size":"auto","background-attachment":"scroll","background-type":"","background-media":"","overlay-type":"","overlay-color":"","overlay-opacity":"","overlay-gradient":""},"tablet":{"background-color":"","background-image":"","background-repeat":"repeat","background-position":"center center","background-size":"auto","background-attachment":"scroll","background-type":"","background-media":"","overlay-type":"","overlay-color":"","overlay-opacity":"","overlay-gradient":""},"mobile":{"background-color":"","background-image":"","background-repeat":"repeat","background-position":"center center","background-size":"auto","background-attachment":"scroll","background-type":"","background-media":"","overlay-type":"","overlay-color":"","overlay-opacity":"","overlay-gradient":""}},"ast-content-background-meta":{"desktop":{"background-color":"var(--ast-global-color-4)","background-image":"","background-repeat":"repeat","background-position":"center center","background-size":"auto","background-attachment":"scroll","background-type":"","background-media":"","overlay-type":"","overlay-color":"","overlay-opacity":"","overlay-gradient":""},"tablet":{"background-color":"var(--ast-global-color-4)","background-image":"","background-repeat":"repeat","background-position":"center center","background-size":"auto","background-attachment":"scroll","background-type":"","background-media":"","overlay-type":"","overlay-color":"","overlay-opacity":"","overlay-gradient":""},"mobile":{"background-color":"var(--ast-global-color-4)","background-image":"","background-repeat":"repeat","background-position":"center center","background-size":"auto","background-attachment":"scroll","background-type":"","background-media":"","overlay-type":"","overlay-color":"","overlay-opacity":"","overlay-gradient":""}}},"product_brand":[],"product_cat":[149],"product_tag":[],"class_list":{"0":"post-1868","1":"product","2":"type-product","3":"status-publish","5":"product_cat-juegos-de-cartas","6":"desktop-align-left","7":"tablet-align-left","8":"mobile-align-left","10":"first","11":"instock","12":"purchasable","13":"product-type-simple"},"acf":[],"_links":{"self":[{"href":"https:\/\/d20juegos.com\/en\/wp-json\/wp\/v2\/product\/1868","targetHints":{"allow":["GET"]}}],"collection":[{"href":"https:\/\/d20juegos.com\/en\/wp-json\/wp\/v2\/product"}],"about":[{"href":"https:\/\/d20juegos.com\/en\/wp-json\/wp\/v2\/types\/product"}],"replies":[{"embeddable":true,"href":"https:\/\/d20juegos.com\/en\/wp-json\/wp\/v2\/comments?post=1868"}],"wp:attachment":[{"href":"https:\/\/d20juegos.com\/en\/wp-json\/wp\/v2\/media?parent=1868"}],"wp:term":[{"taxonomy":"product_brand","embeddable":true,"href":"https:\/\/d20juegos.com\/en\/wp-json\/wp\/v2\/product_brand?post=1868"},{"taxonomy":"product_cat","embeddable":true,"href":"https:\/\/d20juegos.com\/en\/wp-json\/wp\/v2\/product_cat?post=1868"},{"taxonomy":"product_tag","embeddable":true,"href":"https:\/\/d20juegos.com\/en\/wp-json\/wp\/v2\/product_tag?post=1868"}],"curies":[{"name":"wp","href":"https:\/\/api.w.org\/{rel}","templated":true}]}}