{"id":1878,"date":"2025-10-27T13:55:37","date_gmt":"2025-10-27T12:55:37","guid":{"rendered":"https:\/\/d20juegos.com\/producto\/focus\/"},"modified":"2025-10-27T13:55:41","modified_gmt":"2025-10-27T12:55:41","slug":"focus","status":"publish","type":"product","link":"https:\/\/d20juegos.com\/en\/product\/focus\/","title":{"rendered":"FOCUS"},"content":{"rendered":"<p>Focus es un juego de cartas donde necesitar\u00e1s tener una gran habilidad comunicativa para ganar. El \u00fanico problema es que no puede hablar\u2026 Para que el Dr. Watson logre distraer a Sherlock Holmes, ha creado este juego. Tendr\u00e1s que cooperar para deducir y asociar ideas en este juego donde viajar\u00e1s por las historias de Sherlock Holmes. Disfruta de sus 168 ilustraciones y sus tres modelos de juego. Tu objetivo ser\u00e1 retirar todas las cartas del juego menos tu carta secreta y la de tu compa\u00f1ero. Jugar\u00e1s as\u00ed: intenta que tu compa\u00f1ero adivine tu carta secreta. Despu\u00e9s, cuando sea tu turno, retira una carta para darle una pista,pero ten cuidado porque si retiras su carta secreta, la partida se acaba\u2026<\/p>","protected":false},"excerpt":{"rendered":"<p>Focus es un juego de cartas donde necesitar\u00e1s tener una gran habilidad comunicativa para ganar. El \u00fanico problema es que no puede hablar\u2026 Para que el Dr. Watson logre distraer a Sherlock Holmes, ha creado este juego. Tendr\u00e1s que cooperar para deducir y asociar ideas en este juego donde viajar\u00e1s por las historias de Sherlock Holmes. Disfruta de sus 168 ilustraciones y sus tres modelos de juego. Tu objetivo ser\u00e1 retirar todas las cartas del juego menos tu carta secreta y la de tu compa\u00f1ero. Jugar\u00e1s as\u00ed: intenta que tu compa\u00f1ero adivine tu carta secreta. Despu\u00e9s, cuando sea tu turno, retira una carta para darle una pista,pero ten cuidado porque si retiras su carta secreta, la partida se acaba\u2026<\/p>","protected":false},"featured_media":0,"comment_status":"closed","ping_status":"closed","template":"","meta":{"_acf_changed":false,"site-sidebar-layout":"default","site-content-layout":"","ast-site-content-layout":"default","site-content-style":"default","site-sidebar-style":"default","ast-global-header-display":"","ast-banner-title-visibility":"","ast-main-header-display":"","ast-hfb-above-header-display":"","ast-hfb-below-header-display":"","ast-hfb-mobile-header-display":"","site-post-title":"","ast-breadcrumbs-content":"","ast-featured-img":"","footer-sml-layout":"","theme-transparent-header-meta":"","adv-header-id-meta":"","stick-header-meta":"","header-above-stick-meta":"","header-main-stick-meta":"","header-below-stick-meta":"","astra-migrate-meta-layouts":"default","ast-page-background-enabled":"default","ast-page-background-meta":{"desktop":{"background-color":"var(--ast-global-color-5)","background-image":"","background-repeat":"repeat","background-position":"center center","background-size":"auto","background-attachment":"scroll","background-type":"","background-media":"","overlay-type":"","overlay-color":"","overlay-opacity":"","overlay-gradient":""},"tablet":{"background-color":"","background-image":"","background-repeat":"repeat","background-position":"center center","background-size":"auto","background-attachment":"scroll","background-type":"","background-media":"","overlay-type":"","overlay-color":"","overlay-opacity":"","overlay-gradient":""},"mobile":{"background-color":"","background-image":"","background-repeat":"repeat","background-position":"center center","background-size":"auto","background-attachment":"scroll","background-type":"","background-media":"","overlay-type":"","overlay-color":"","overlay-opacity":"","overlay-gradient":""}},"ast-content-background-meta":{"desktop":{"background-color":"var(--ast-global-color-4)","background-image":"","background-repeat":"repeat","background-position":"center center","background-size":"auto","background-attachment":"scroll","background-type":"","background-media":"","overlay-type":"","overlay-color":"","overlay-opacity":"","overlay-gradient":""},"tablet":{"background-color":"var(--ast-global-color-4)","background-image":"","background-repeat":"repeat","background-position":"center center","background-size":"auto","background-attachment":"scroll","background-type":"","background-media":"","overlay-type":"","overlay-color":"","overlay-opacity":"","overlay-gradient":""},"mobile":{"background-color":"var(--ast-global-color-4)","background-image":"","background-repeat":"repeat","background-position":"center center","background-size":"auto","background-attachment":"scroll","background-type":"","background-media":"","overlay-type":"","overlay-color":"","overlay-opacity":"","overlay-gradient":""}}},"product_brand":[],"product_cat":[149],"product_tag":[],"class_list":{"0":"post-1878","1":"product","2":"type-product","3":"status-publish","5":"product_cat-juegos-de-cartas","6":"desktop-align-left","7":"tablet-align-left","8":"mobile-align-left","10":"first","11":"instock","12":"purchasable","13":"product-type-simple"},"acf":[],"_links":{"self":[{"href":"https:\/\/d20juegos.com\/en\/wp-json\/wp\/v2\/product\/1878","targetHints":{"allow":["GET"]}}],"collection":[{"href":"https:\/\/d20juegos.com\/en\/wp-json\/wp\/v2\/product"}],"about":[{"href":"https:\/\/d20juegos.com\/en\/wp-json\/wp\/v2\/types\/product"}],"replies":[{"embeddable":true,"href":"https:\/\/d20juegos.com\/en\/wp-json\/wp\/v2\/comments?post=1878"}],"wp:attachment":[{"href":"https:\/\/d20juegos.com\/en\/wp-json\/wp\/v2\/media?parent=1878"}],"wp:term":[{"taxonomy":"product_brand","embeddable":true,"href":"https:\/\/d20juegos.com\/en\/wp-json\/wp\/v2\/product_brand?post=1878"},{"taxonomy":"product_cat","embeddable":true,"href":"https:\/\/d20juegos.com\/en\/wp-json\/wp\/v2\/product_cat?post=1878"},{"taxonomy":"product_tag","embeddable":true,"href":"https:\/\/d20juegos.com\/en\/wp-json\/wp\/v2\/product_tag?post=1878"}],"curies":[{"name":"wp","href":"https:\/\/api.w.org\/{rel}","templated":true}]}}