{"id":1880,"date":"2025-10-27T13:55:44","date_gmt":"2025-10-27T12:55:44","guid":{"rendered":"https:\/\/d20juegos.com\/producto\/mosquito\/"},"modified":"2025-10-27T13:55:44","modified_gmt":"2025-10-27T12:55:44","slug":"mosquito","status":"publish","type":"product","link":"https:\/\/d20juegos.com\/en\/product\/mosquito\/","title":{"rendered":"MOSQUITO"},"content":{"rendered":"<p>Mosquito es un juego de mesa donde, en cada turno, el jugador que m\u00e1s r\u00e1pido observe y haga lo que sea m\u00e1s adecuado, recibir\u00e1 fichas mariquita y, quien m\u00e1s tenga, ganar\u00e1. Se empieza colocando en el centro de la mesa la manzana, el mosquito y la flor. Despu\u00e9s, se reparte una abeja y una mariquita a cada jugador, pero que si te equivocas, la tendr\u00e1s que devolver. Se mezclan las cartas y se reparten todas por igual, las cuales no se podr\u00e1n ver y se colocan en un mazo boca abajo. Este es un juego de batalla donde se gritar\u00e1 en voz alta: \u00a1Un, dos tres! Y a la vez, todos girar\u00e9is una carta del mazo que tendr\u00e1 cada uno. Si coinciden, como m\u00ednimo dos de los dibujos, la batalla entre los dos jugadores que han coincidido empieza. Si los mosquitos coinciden, el primero en golpear al mosquito del centro ser\u00e1 el ganador de una ficha. Si las abejas coinciden, quien coja primero su abeja y la ponga sobre la flor del centro, ganar\u00e1 la ficha. Y si lo que coinciden son las manzanas, todos jugar\u00e9is a la vez y el primero en cogerla ser\u00e1 el ganador de la ficha. Si coinciden todos los jugadores, ninguno, o tres sobre cuatro, el que no haya coincidido con la misma carta se quedar\u00e1 quieto. Cuando las cartas se han jugado, el juego se para y cada jugador cuenta las fichas mariquita. \u00a1Qui\u00e9n m\u00e1s tenga ser\u00e1 el ganador!<\/p>","protected":false},"excerpt":{"rendered":"<p>Mosquito es un juego de mesa donde, en cada turno, el jugador que m\u00e1s r\u00e1pido observe y haga lo que sea m\u00e1s adecuado, recibir\u00e1 fichas mariquita y, quien m\u00e1s tenga, ganar\u00e1. Se empieza colocando en el centro de la mesa la manzana, el mosquito y la flor. Despu\u00e9s, se reparte una abeja y una mariquita a cada jugador, pero que si te equivocas, la tendr\u00e1s que devolver. Se mezclan las cartas y se reparten todas por igual, las cuales no se podr\u00e1n ver y se colocan en un mazo boca abajo. Este es un juego de batalla donde se gritar\u00e1 en voz alta: \u00a1Un, dos tres! Y a la vez, todos girar\u00e9is una carta del mazo que tendr\u00e1 cada uno. Si coinciden, como m\u00ednimo dos de los dibujos, la batalla entre los dos jugadores que han coincidido empieza. Si los mosquitos coinciden, el primero en golpear al mosquito del centro ser\u00e1 el ganador de una ficha. Si las abejas coinciden, quien coja primero su abeja y la ponga sobre la flor del centro, ganar\u00e1 la ficha. Y si lo que coinciden son las manzanas, todos jugar\u00e9is a la vez y el primero en cogerla ser\u00e1 el ganador de la ficha. Si coinciden todos los jugadores, ninguno, o tres sobre cuatro, el que no haya coincidido con la misma carta se quedar\u00e1 quieto. Cuando las cartas se han jugado, el juego se para y cada jugador cuenta las fichas mariquita. \u00a1Qui\u00e9n m\u00e1s tenga ser\u00e1 el ganador!<\/p>","protected":false},"featured_media":0,"comment_status":"closed","ping_status":"closed","template":"","meta":{"_acf_changed":false,"site-sidebar-layout":"default","site-content-layout":"","ast-site-content-layout":"default","site-content-style":"default","site-sidebar-style":"default","ast-global-header-display":"","ast-banner-title-visibility":"","ast-main-header-display":"","ast-hfb-above-header-display":"","ast-hfb-below-header-display":"","ast-hfb-mobile-header-display":"","site-post-title":"","ast-breadcrumbs-content":"","ast-featured-img":"","footer-sml-layout":"","theme-transparent-header-meta":"","adv-header-id-meta":"","stick-header-meta":"","header-above-stick-meta":"","header-main-stick-meta":"","header-below-stick-meta":"","astra-migrate-meta-layouts":"default","ast-page-background-enabled":"default","ast-page-background-meta":{"desktop":{"background-color":"var(--ast-global-color-5)","background-image":"","background-repeat":"repeat","background-position":"center center","background-size":"auto","background-attachment":"scroll","background-type":"","background-media":"","overlay-type":"","overlay-color":"","overlay-opacity":"","overlay-gradient":""},"tablet":{"background-color":"","background-image":"","background-repeat":"repeat","background-position":"center center","background-size":"auto","background-attachment":"scroll","background-type":"","background-media":"","overlay-type":"","overlay-color":"","overlay-opacity":"","overlay-gradient":""},"mobile":{"background-color":"","background-image":"","background-repeat":"repeat","background-position":"center center","background-size":"auto","background-attachment":"scroll","background-type":"","background-media":"","overlay-type":"","overlay-color":"","overlay-opacity":"","overlay-gradient":""}},"ast-content-background-meta":{"desktop":{"background-color":"var(--ast-global-color-4)","background-image":"","background-repeat":"repeat","background-position":"center center","background-size":"auto","background-attachment":"scroll","background-type":"","background-media":"","overlay-type":"","overlay-color":"","overlay-opacity":"","overlay-gradient":""},"tablet":{"background-color":"var(--ast-global-color-4)","background-image":"","background-repeat":"repeat","background-position":"center center","background-size":"auto","background-attachment":"scroll","background-type":"","background-media":"","overlay-type":"","overlay-color":"","overlay-opacity":"","overlay-gradient":""},"mobile":{"background-color":"var(--ast-global-color-4)","background-image":"","background-repeat":"repeat","background-position":"center center","background-size":"auto","background-attachment":"scroll","background-type":"","background-media":"","overlay-type":"","overlay-color":"","overlay-opacity":"","overlay-gradient":""}}},"product_brand":[],"product_cat":[149],"product_tag":[],"class_list":{"0":"post-1880","1":"product","2":"type-product","3":"status-publish","5":"product_cat-juegos-de-cartas","6":"desktop-align-left","7":"tablet-align-left","8":"mobile-align-left","10":"first","11":"instock","12":"purchasable","13":"product-type-simple"},"acf":[],"_links":{"self":[{"href":"https:\/\/d20juegos.com\/en\/wp-json\/wp\/v2\/product\/1880","targetHints":{"allow":["GET"]}}],"collection":[{"href":"https:\/\/d20juegos.com\/en\/wp-json\/wp\/v2\/product"}],"about":[{"href":"https:\/\/d20juegos.com\/en\/wp-json\/wp\/v2\/types\/product"}],"replies":[{"embeddable":true,"href":"https:\/\/d20juegos.com\/en\/wp-json\/wp\/v2\/comments?post=1880"}],"wp:attachment":[{"href":"https:\/\/d20juegos.com\/en\/wp-json\/wp\/v2\/media?parent=1880"}],"wp:term":[{"taxonomy":"product_brand","embeddable":true,"href":"https:\/\/d20juegos.com\/en\/wp-json\/wp\/v2\/product_brand?post=1880"},{"taxonomy":"product_cat","embeddable":true,"href":"https:\/\/d20juegos.com\/en\/wp-json\/wp\/v2\/product_cat?post=1880"},{"taxonomy":"product_tag","embeddable":true,"href":"https:\/\/d20juegos.com\/en\/wp-json\/wp\/v2\/product_tag?post=1880"}],"curies":[{"name":"wp","href":"https:\/\/api.w.org\/{rel}","templated":true}]}}