{"id":1890,"date":"2025-10-27T13:55:44","date_gmt":"2025-10-27T12:55:44","guid":{"rendered":"https:\/\/d20juegos.com\/producto\/taco-gato-cabra-queso-pizza\/"},"modified":"2025-10-27T13:55:46","modified_gmt":"2025-10-27T12:55:46","slug":"taco-gato-cabra-queso-pizza","status":"publish","type":"product","link":"https:\/\/d20juegos.com\/en\/product\/taco-gato-cabra-queso-pizza\/","title":{"rendered":"TACO, GATO, CABRA, QUESO, PIZZA"},"content":{"rendered":"<p>Taco Gato Cabra Queso Pizza\u2026 Apr\u00e9ndete bien esta cantinela, porque cada vez que pronuncias una palabra de este mantra tienes que descartarte de una carta de tu mano. Y si la carta descartada coincide con la palabra pronunciada, tienes que colocar tu mano sobre el mont\u00f3n central. S\u00e9 r\u00e1pido, porque el \u00faltimo en hacerlo&#8230;, \u00a1se lleva todas las cartas en juego!<\/p>\n<p>Taco Gato Cabra Queso Pizza\u2026 Taco Gato Cabra Queso Pizza\u2026 Taco Gato Cabra Queso Pizza\u2026 No vas a poder quit\u00e1rtelo de la cabeza.<\/p>","protected":false},"excerpt":{"rendered":"<p>Taco Gato Cabra Queso Pizza\u2026 Apr\u00e9ndete bien esta cantinela, porque cada vez que pronuncias una palabra de este mantra tienes que descartarte de una carta de tu mano. Y si la carta descartada coincide con la palabra pronunciada, tienes que colocar tu mano sobre el mont\u00f3n central. S\u00e9 r\u00e1pido, porque el \u00faltimo en hacerlo&#8230;, \u00a1se lleva todas las cartas en juego!<\/p>\n<p>Taco Gato Cabra Queso Pizza\u2026 Taco Gato Cabra Queso Pizza\u2026 Taco Gato Cabra Queso Pizza\u2026 No vas a poder quit\u00e1rtelo de la cabeza.<\/p>","protected":false},"featured_media":0,"comment_status":"closed","ping_status":"closed","template":"","meta":{"_acf_changed":false,"site-sidebar-layout":"default","site-content-layout":"","ast-site-content-layout":"default","site-content-style":"default","site-sidebar-style":"default","ast-global-header-display":"","ast-banner-title-visibility":"","ast-main-header-display":"","ast-hfb-above-header-display":"","ast-hfb-below-header-display":"","ast-hfb-mobile-header-display":"","site-post-title":"","ast-breadcrumbs-content":"","ast-featured-img":"","footer-sml-layout":"","theme-transparent-header-meta":"","adv-header-id-meta":"","stick-header-meta":"","header-above-stick-meta":"","header-main-stick-meta":"","header-below-stick-meta":"","astra-migrate-meta-layouts":"default","ast-page-background-enabled":"default","ast-page-background-meta":{"desktop":{"background-color":"var(--ast-global-color-5)","background-image":"","background-repeat":"repeat","background-position":"center center","background-size":"auto","background-attachment":"scroll","background-type":"","background-media":"","overlay-type":"","overlay-color":"","overlay-opacity":"","overlay-gradient":""},"tablet":{"background-color":"","background-image":"","background-repeat":"repeat","background-position":"center center","background-size":"auto","background-attachment":"scroll","background-type":"","background-media":"","overlay-type":"","overlay-color":"","overlay-opacity":"","overlay-gradient":""},"mobile":{"background-color":"","background-image":"","background-repeat":"repeat","background-position":"center center","background-size":"auto","background-attachment":"scroll","background-type":"","background-media":"","overlay-type":"","overlay-color":"","overlay-opacity":"","overlay-gradient":""}},"ast-content-background-meta":{"desktop":{"background-color":"var(--ast-global-color-4)","background-image":"","background-repeat":"repeat","background-position":"center center","background-size":"auto","background-attachment":"scroll","background-type":"","background-media":"","overlay-type":"","overlay-color":"","overlay-opacity":"","overlay-gradient":""},"tablet":{"background-color":"var(--ast-global-color-4)","background-image":"","background-repeat":"repeat","background-position":"center center","background-size":"auto","background-attachment":"scroll","background-type":"","background-media":"","overlay-type":"","overlay-color":"","overlay-opacity":"","overlay-gradient":""},"mobile":{"background-color":"var(--ast-global-color-4)","background-image":"","background-repeat":"repeat","background-position":"center center","background-size":"auto","background-attachment":"scroll","background-type":"","background-media":"","overlay-type":"","overlay-color":"","overlay-opacity":"","overlay-gradient":""}}},"product_brand":[],"product_cat":[149],"product_tag":[],"class_list":{"0":"post-1890","1":"product","2":"type-product","3":"status-publish","5":"product_cat-juegos-de-cartas","6":"desktop-align-left","7":"tablet-align-left","8":"mobile-align-left","10":"first","11":"instock","12":"purchasable","13":"product-type-simple"},"acf":[],"_links":{"self":[{"href":"https:\/\/d20juegos.com\/en\/wp-json\/wp\/v2\/product\/1890","targetHints":{"allow":["GET"]}}],"collection":[{"href":"https:\/\/d20juegos.com\/en\/wp-json\/wp\/v2\/product"}],"about":[{"href":"https:\/\/d20juegos.com\/en\/wp-json\/wp\/v2\/types\/product"}],"replies":[{"embeddable":true,"href":"https:\/\/d20juegos.com\/en\/wp-json\/wp\/v2\/comments?post=1890"}],"wp:attachment":[{"href":"https:\/\/d20juegos.com\/en\/wp-json\/wp\/v2\/media?parent=1890"}],"wp:term":[{"taxonomy":"product_brand","embeddable":true,"href":"https:\/\/d20juegos.com\/en\/wp-json\/wp\/v2\/product_brand?post=1890"},{"taxonomy":"product_cat","embeddable":true,"href":"https:\/\/d20juegos.com\/en\/wp-json\/wp\/v2\/product_cat?post=1890"},{"taxonomy":"product_tag","embeddable":true,"href":"https:\/\/d20juegos.com\/en\/wp-json\/wp\/v2\/product_tag?post=1890"}],"curies":[{"name":"wp","href":"https:\/\/api.w.org\/{rel}","templated":true}]}}