{"id":1897,"date":"2025-10-27T13:55:44","date_gmt":"2025-10-27T12:55:44","guid":{"rendered":"https:\/\/d20juegos.com\/producto\/finnelis\/"},"modified":"2025-10-27T13:55:48","modified_gmt":"2025-10-27T12:55:48","slug":"finnelis","status":"publish","type":"product","link":"https:\/\/d20juegos.com\/en\/product\/finnelis\/","title":{"rendered":"FINNELIS"},"content":{"rendered":"<p>Un juego de mesa educativo y familiar \u200d \u200d \u200d dise\u00f1ado para aprender de forma sencilla y divertida c\u00f3mo gestionar el dinero en el d\u00eda a d\u00eda del hogar .<br \/>\nA trav\u00e9s de una simulaci\u00f3n de las finanzas familiares , este juego fomenta el aprovechamiento de los recursos , desarrolla la conciencia econ\u00f3mica , impulsa la iniciativa personal y promueve la responsabilidad.<br \/>\nAdem\u00e1s, cuenta con el respaldo del Instituto de Estudios Financieros , garantizando su calidad y enfoque pedag\u00f3gico .<\/p>","protected":false},"excerpt":{"rendered":"<p>Un juego de mesa educativo y familiar \u200d \u200d \u200d dise\u00f1ado para aprender de forma sencilla y divertida c\u00f3mo gestionar el dinero en el d\u00eda a d\u00eda del hogar .<br \/>\nA trav\u00e9s de una simulaci\u00f3n de las finanzas familiares , este juego fomenta el aprovechamiento de los recursos , desarrolla la conciencia econ\u00f3mica , impulsa la iniciativa personal y promueve la responsabilidad.<br \/>\nAdem\u00e1s, cuenta con el respaldo del Instituto de Estudios Financieros , garantizando su calidad y enfoque pedag\u00f3gico .<\/p>","protected":false},"featured_media":0,"comment_status":"closed","ping_status":"closed","template":"","meta":{"_acf_changed":false,"site-sidebar-layout":"default","site-content-layout":"","ast-site-content-layout":"default","site-content-style":"default","site-sidebar-style":"default","ast-global-header-display":"","ast-banner-title-visibility":"","ast-main-header-display":"","ast-hfb-above-header-display":"","ast-hfb-below-header-display":"","ast-hfb-mobile-header-display":"","site-post-title":"","ast-breadcrumbs-content":"","ast-featured-img":"","footer-sml-layout":"","theme-transparent-header-meta":"","adv-header-id-meta":"","stick-header-meta":"","header-above-stick-meta":"","header-main-stick-meta":"","header-below-stick-meta":"","astra-migrate-meta-layouts":"default","ast-page-background-enabled":"default","ast-page-background-meta":{"desktop":{"background-color":"var(--ast-global-color-5)","background-image":"","background-repeat":"repeat","background-position":"center center","background-size":"auto","background-attachment":"scroll","background-type":"","background-media":"","overlay-type":"","overlay-color":"","overlay-opacity":"","overlay-gradient":""},"tablet":{"background-color":"","background-image":"","background-repeat":"repeat","background-position":"center center","background-size":"auto","background-attachment":"scroll","background-type":"","background-media":"","overlay-type":"","overlay-color":"","overlay-opacity":"","overlay-gradient":""},"mobile":{"background-color":"","background-image":"","background-repeat":"repeat","background-position":"center center","background-size":"auto","background-attachment":"scroll","background-type":"","background-media":"","overlay-type":"","overlay-color":"","overlay-opacity":"","overlay-gradient":""}},"ast-content-background-meta":{"desktop":{"background-color":"var(--ast-global-color-4)","background-image":"","background-repeat":"repeat","background-position":"center center","background-size":"auto","background-attachment":"scroll","background-type":"","background-media":"","overlay-type":"","overlay-color":"","overlay-opacity":"","overlay-gradient":""},"tablet":{"background-color":"var(--ast-global-color-4)","background-image":"","background-repeat":"repeat","background-position":"center center","background-size":"auto","background-attachment":"scroll","background-type":"","background-media":"","overlay-type":"","overlay-color":"","overlay-opacity":"","overlay-gradient":""},"mobile":{"background-color":"var(--ast-global-color-4)","background-image":"","background-repeat":"repeat","background-position":"center center","background-size":"auto","background-attachment":"scroll","background-type":"","background-media":"","overlay-type":"","overlay-color":"","overlay-opacity":"","overlay-gradient":""}}},"product_brand":[],"product_cat":[149],"product_tag":[],"class_list":{"0":"post-1897","1":"product","2":"type-product","3":"status-publish","5":"product_cat-juegos-de-cartas","6":"desktop-align-left","7":"tablet-align-left","8":"mobile-align-left","10":"first","11":"instock","12":"purchasable","13":"product-type-simple"},"acf":[],"_links":{"self":[{"href":"https:\/\/d20juegos.com\/en\/wp-json\/wp\/v2\/product\/1897","targetHints":{"allow":["GET"]}}],"collection":[{"href":"https:\/\/d20juegos.com\/en\/wp-json\/wp\/v2\/product"}],"about":[{"href":"https:\/\/d20juegos.com\/en\/wp-json\/wp\/v2\/types\/product"}],"replies":[{"embeddable":true,"href":"https:\/\/d20juegos.com\/en\/wp-json\/wp\/v2\/comments?post=1897"}],"wp:attachment":[{"href":"https:\/\/d20juegos.com\/en\/wp-json\/wp\/v2\/media?parent=1897"}],"wp:term":[{"taxonomy":"product_brand","embeddable":true,"href":"https:\/\/d20juegos.com\/en\/wp-json\/wp\/v2\/product_brand?post=1897"},{"taxonomy":"product_cat","embeddable":true,"href":"https:\/\/d20juegos.com\/en\/wp-json\/wp\/v2\/product_cat?post=1897"},{"taxonomy":"product_tag","embeddable":true,"href":"https:\/\/d20juegos.com\/en\/wp-json\/wp\/v2\/product_tag?post=1897"}],"curies":[{"name":"wp","href":"https:\/\/api.w.org\/{rel}","templated":true}]}}