{"id":1899,"date":"2025-10-27T13:55:50","date_gmt":"2025-10-27T12:55:50","guid":{"rendered":"https:\/\/d20juegos.com\/producto\/matriculas\/"},"modified":"2025-10-27T13:55:50","modified_gmt":"2025-10-27T12:55:50","slug":"matriculas","status":"publish","type":"product","link":"https:\/\/d20juegos.com\/en\/product\/matriculas\/","title":{"rendered":"MATRICULAS"},"content":{"rendered":"<p>\u00a1Pon a prueba tu agilidad mental con Matr\u00edculas!<br \/>\nEn este emocionante juego, usar\u00e1s los n\u00fameros y letras de las matr\u00edculas para superar desaf\u00edos de vocabulario y resolver operaciones matem\u00e1ticas.<\/p>\n<p>Lanza los dados para descubrir si deber\u00e1s sumar, restar o formar palabras con las letras y n\u00fameros de las matr\u00edculas. \u00a1Responde r\u00e1pido! Quien acumule primero 10 matr\u00edculas ser\u00e1 el ganador .<\/p>\n<p>Con reglas simples y opciones para jugar con n\u00fameros o letras, Matr\u00edculas es perfecto para estimular la mente de jugadores de todas las edades \u200d . \u00a1Atr\u00e9vete a disfrutar de este divertido desaf\u00edo!<\/p>","protected":false},"excerpt":{"rendered":"<p>\u00a1Pon a prueba tu agilidad mental con Matr\u00edculas!<br \/>\nEn este emocionante juego, usar\u00e1s los n\u00fameros y letras de las matr\u00edculas para superar desaf\u00edos de vocabulario y resolver operaciones matem\u00e1ticas.<\/p>\n<p>Lanza los dados para descubrir si deber\u00e1s sumar, restar o formar palabras con las letras y n\u00fameros de las matr\u00edculas. \u00a1Responde r\u00e1pido! Quien acumule primero 10 matr\u00edculas ser\u00e1 el ganador .<\/p>\n<p>Con reglas simples y opciones para jugar con n\u00fameros o letras, Matr\u00edculas es perfecto para estimular la mente de jugadores de todas las edades \u200d . \u00a1Atr\u00e9vete a disfrutar de este divertido desaf\u00edo!<\/p>","protected":false},"featured_media":0,"comment_status":"closed","ping_status":"closed","template":"","meta":{"_acf_changed":false,"site-sidebar-layout":"default","site-content-layout":"","ast-site-content-layout":"default","site-content-style":"default","site-sidebar-style":"default","ast-global-header-display":"","ast-banner-title-visibility":"","ast-main-header-display":"","ast-hfb-above-header-display":"","ast-hfb-below-header-display":"","ast-hfb-mobile-header-display":"","site-post-title":"","ast-breadcrumbs-content":"","ast-featured-img":"","footer-sml-layout":"","theme-transparent-header-meta":"","adv-header-id-meta":"","stick-header-meta":"","header-above-stick-meta":"","header-main-stick-meta":"","header-below-stick-meta":"","astra-migrate-meta-layouts":"default","ast-page-background-enabled":"default","ast-page-background-meta":{"desktop":{"background-color":"var(--ast-global-color-5)","background-image":"","background-repeat":"repeat","background-position":"center center","background-size":"auto","background-attachment":"scroll","background-type":"","background-media":"","overlay-type":"","overlay-color":"","overlay-opacity":"","overlay-gradient":""},"tablet":{"background-color":"","background-image":"","background-repeat":"repeat","background-position":"center center","background-size":"auto","background-attachment":"scroll","background-type":"","background-media":"","overlay-type":"","overlay-color":"","overlay-opacity":"","overlay-gradient":""},"mobile":{"background-color":"","background-image":"","background-repeat":"repeat","background-position":"center center","background-size":"auto","background-attachment":"scroll","background-type":"","background-media":"","overlay-type":"","overlay-color":"","overlay-opacity":"","overlay-gradient":""}},"ast-content-background-meta":{"desktop":{"background-color":"var(--ast-global-color-4)","background-image":"","background-repeat":"repeat","background-position":"center center","background-size":"auto","background-attachment":"scroll","background-type":"","background-media":"","overlay-type":"","overlay-color":"","overlay-opacity":"","overlay-gradient":""},"tablet":{"background-color":"var(--ast-global-color-4)","background-image":"","background-repeat":"repeat","background-position":"center center","background-size":"auto","background-attachment":"scroll","background-type":"","background-media":"","overlay-type":"","overlay-color":"","overlay-opacity":"","overlay-gradient":""},"mobile":{"background-color":"var(--ast-global-color-4)","background-image":"","background-repeat":"repeat","background-position":"center center","background-size":"auto","background-attachment":"scroll","background-type":"","background-media":"","overlay-type":"","overlay-color":"","overlay-opacity":"","overlay-gradient":""}}},"product_brand":[],"product_cat":[149],"product_tag":[],"class_list":{"0":"post-1899","1":"product","2":"type-product","3":"status-publish","5":"product_cat-juegos-de-cartas","6":"desktop-align-left","7":"tablet-align-left","8":"mobile-align-left","10":"first","11":"instock","12":"purchasable","13":"product-type-simple"},"acf":[],"_links":{"self":[{"href":"https:\/\/d20juegos.com\/en\/wp-json\/wp\/v2\/product\/1899","targetHints":{"allow":["GET"]}}],"collection":[{"href":"https:\/\/d20juegos.com\/en\/wp-json\/wp\/v2\/product"}],"about":[{"href":"https:\/\/d20juegos.com\/en\/wp-json\/wp\/v2\/types\/product"}],"replies":[{"embeddable":true,"href":"https:\/\/d20juegos.com\/en\/wp-json\/wp\/v2\/comments?post=1899"}],"wp:attachment":[{"href":"https:\/\/d20juegos.com\/en\/wp-json\/wp\/v2\/media?parent=1899"}],"wp:term":[{"taxonomy":"product_brand","embeddable":true,"href":"https:\/\/d20juegos.com\/en\/wp-json\/wp\/v2\/product_brand?post=1899"},{"taxonomy":"product_cat","embeddable":true,"href":"https:\/\/d20juegos.com\/en\/wp-json\/wp\/v2\/product_cat?post=1899"},{"taxonomy":"product_tag","embeddable":true,"href":"https:\/\/d20juegos.com\/en\/wp-json\/wp\/v2\/product_tag?post=1899"}],"curies":[{"name":"wp","href":"https:\/\/api.w.org\/{rel}","templated":true}]}}