{"id":1901,"date":"2025-10-27T13:55:50","date_gmt":"2025-10-27T12:55:50","guid":{"rendered":"https:\/\/d20juegos.com\/producto\/ikonikus\/"},"modified":"2025-10-27T13:55:50","modified_gmt":"2025-10-27T12:55:50","slug":"ikonikus","status":"publish","type":"product","link":"https:\/\/d20juegos.com\/en\/product\/ikonikus\/","title":{"rendered":"IKONIKUS"},"content":{"rendered":"<p>Ikonikus es un juego de cartas \u00e1gil y divertido. Te obliga a colocarte en el lugar de los dem\u00e1s. La empat\u00eda, las emociones, desempe\u00f1an un papel fundamental en este incre\u00edble juego. Para demostrarlo, deb\u00e9is descubrir, mediante los iconos de las cartas lo que se siente ante las diferentes situaciones que se plantean en la partida.<\/p>\n<p>\u00bfC\u00f3mo me siento cuando suena el despertador por las ma\u00f1anas? \u00bfY cuando confieso que quiero a la persona equivocada? \u00bfY cuando me regalan un juego de mesa? Estas preguntas y muchas m\u00e1s inventadas por ti ser\u00e1n la clave para jugar y divertirse con Ikonikus.<\/p>\n<p>\u00bfC\u00f3mo se juega a Ikonikus?<\/p>","protected":false},"excerpt":{"rendered":"<p>Ikonikus es un juego de cartas \u00e1gil y divertido. Te obliga a colocarte en el lugar de los dem\u00e1s. La empat\u00eda, las emociones, desempe\u00f1an un papel fundamental en este incre\u00edble juego. Para demostrarlo, deb\u00e9is descubrir, mediante los iconos de las cartas lo que se siente ante las diferentes situaciones que se plantean en la partida.<\/p>\n<p>\u00bfC\u00f3mo me siento cuando suena el despertador por las ma\u00f1anas? \u00bfY cuando confieso que quiero a la persona equivocada? \u00bfY cuando me regalan un juego de mesa? Estas preguntas y muchas m\u00e1s inventadas por ti ser\u00e1n la clave para jugar y divertirse con Ikonikus.<\/p>\n<p>\u00bfC\u00f3mo se juega a Ikonikus?<\/p>","protected":false},"featured_media":0,"comment_status":"closed","ping_status":"closed","template":"","meta":{"_acf_changed":false,"site-sidebar-layout":"default","site-content-layout":"","ast-site-content-layout":"default","site-content-style":"default","site-sidebar-style":"default","ast-global-header-display":"","ast-banner-title-visibility":"","ast-main-header-display":"","ast-hfb-above-header-display":"","ast-hfb-below-header-display":"","ast-hfb-mobile-header-display":"","site-post-title":"","ast-breadcrumbs-content":"","ast-featured-img":"","footer-sml-layout":"","theme-transparent-header-meta":"","adv-header-id-meta":"","stick-header-meta":"","header-above-stick-meta":"","header-main-stick-meta":"","header-below-stick-meta":"","astra-migrate-meta-layouts":"default","ast-page-background-enabled":"default","ast-page-background-meta":{"desktop":{"background-color":"var(--ast-global-color-5)","background-image":"","background-repeat":"repeat","background-position":"center center","background-size":"auto","background-attachment":"scroll","background-type":"","background-media":"","overlay-type":"","overlay-color":"","overlay-opacity":"","overlay-gradient":""},"tablet":{"background-color":"","background-image":"","background-repeat":"repeat","background-position":"center center","background-size":"auto","background-attachment":"scroll","background-type":"","background-media":"","overlay-type":"","overlay-color":"","overlay-opacity":"","overlay-gradient":""},"mobile":{"background-color":"","background-image":"","background-repeat":"repeat","background-position":"center center","background-size":"auto","background-attachment":"scroll","background-type":"","background-media":"","overlay-type":"","overlay-color":"","overlay-opacity":"","overlay-gradient":""}},"ast-content-background-meta":{"desktop":{"background-color":"var(--ast-global-color-4)","background-image":"","background-repeat":"repeat","background-position":"center center","background-size":"auto","background-attachment":"scroll","background-type":"","background-media":"","overlay-type":"","overlay-color":"","overlay-opacity":"","overlay-gradient":""},"tablet":{"background-color":"var(--ast-global-color-4)","background-image":"","background-repeat":"repeat","background-position":"center center","background-size":"auto","background-attachment":"scroll","background-type":"","background-media":"","overlay-type":"","overlay-color":"","overlay-opacity":"","overlay-gradient":""},"mobile":{"background-color":"var(--ast-global-color-4)","background-image":"","background-repeat":"repeat","background-position":"center center","background-size":"auto","background-attachment":"scroll","background-type":"","background-media":"","overlay-type":"","overlay-color":"","overlay-opacity":"","overlay-gradient":""}}},"product_brand":[],"product_cat":[149],"product_tag":[],"class_list":{"0":"post-1901","1":"product","2":"type-product","3":"status-publish","5":"product_cat-juegos-de-cartas","6":"desktop-align-left","7":"tablet-align-left","8":"mobile-align-left","10":"first","11":"instock","12":"purchasable","13":"product-type-simple"},"acf":[],"_links":{"self":[{"href":"https:\/\/d20juegos.com\/en\/wp-json\/wp\/v2\/product\/1901","targetHints":{"allow":["GET"]}}],"collection":[{"href":"https:\/\/d20juegos.com\/en\/wp-json\/wp\/v2\/product"}],"about":[{"href":"https:\/\/d20juegos.com\/en\/wp-json\/wp\/v2\/types\/product"}],"replies":[{"embeddable":true,"href":"https:\/\/d20juegos.com\/en\/wp-json\/wp\/v2\/comments?post=1901"}],"wp:attachment":[{"href":"https:\/\/d20juegos.com\/en\/wp-json\/wp\/v2\/media?parent=1901"}],"wp:term":[{"taxonomy":"product_brand","embeddable":true,"href":"https:\/\/d20juegos.com\/en\/wp-json\/wp\/v2\/product_brand?post=1901"},{"taxonomy":"product_cat","embeddable":true,"href":"https:\/\/d20juegos.com\/en\/wp-json\/wp\/v2\/product_cat?post=1901"},{"taxonomy":"product_tag","embeddable":true,"href":"https:\/\/d20juegos.com\/en\/wp-json\/wp\/v2\/product_tag?post=1901"}],"curies":[{"name":"wp","href":"https:\/\/api.w.org\/{rel}","templated":true}]}}