{"id":1903,"date":"2025-10-27T13:55:50","date_gmt":"2025-10-27T12:55:50","guid":{"rendered":"https:\/\/d20juegos.com\/producto\/feliz-no-cumpleanos\/"},"modified":"2025-10-27T13:55:51","modified_gmt":"2025-10-27T12:55:51","slug":"feliz-no-cumpleanos","status":"publish","type":"product","link":"https:\/\/d20juegos.com\/en\/product\/feliz-no-cumpleanos\/","title":{"rendered":"FELIZ NO CUMPLEA\u00d1OS"},"content":{"rendered":"<p>La Fiesta de No Cumplea\u00f1os de la Reina de Corazones es la celebraci\u00f3n m\u00e1s emocionante del Pa\u00eds de las Maravillas. M\u00fasica, deliciosos manjares y\u2026 \u00a1mucha tensi\u00f3n! Alicia, el Sombrerero, el Conejo Blanco\u2026 y todos los personajes asistentes a la Fiesta quieren ofrecer el mejor regalo y posicionarse en las mejores mesas para conseguir la preciada tarta. Acierta con el regalo para cumplir con las expectativas de la Reina o\u2026 \u00a1rodar\u00e1n cabezas!<\/p>","protected":false},"excerpt":{"rendered":"<p>La Fiesta de No Cumplea\u00f1os de la Reina de Corazones es la celebraci\u00f3n m\u00e1s emocionante del Pa\u00eds de las Maravillas. M\u00fasica, deliciosos manjares y\u2026 \u00a1mucha tensi\u00f3n! Alicia, el Sombrerero, el Conejo Blanco\u2026 y todos los personajes asistentes a la Fiesta quieren ofrecer el mejor regalo y posicionarse en las mejores mesas para conseguir la preciada tarta. Acierta con el regalo para cumplir con las expectativas de la Reina o\u2026 \u00a1rodar\u00e1n cabezas!<\/p>","protected":false},"featured_media":0,"comment_status":"closed","ping_status":"closed","template":"","meta":{"_acf_changed":false,"site-sidebar-layout":"default","site-content-layout":"","ast-site-content-layout":"default","site-content-style":"default","site-sidebar-style":"default","ast-global-header-display":"","ast-banner-title-visibility":"","ast-main-header-display":"","ast-hfb-above-header-display":"","ast-hfb-below-header-display":"","ast-hfb-mobile-header-display":"","site-post-title":"","ast-breadcrumbs-content":"","ast-featured-img":"","footer-sml-layout":"","theme-transparent-header-meta":"","adv-header-id-meta":"","stick-header-meta":"","header-above-stick-meta":"","header-main-stick-meta":"","header-below-stick-meta":"","astra-migrate-meta-layouts":"default","ast-page-background-enabled":"default","ast-page-background-meta":{"desktop":{"background-color":"var(--ast-global-color-5)","background-image":"","background-repeat":"repeat","background-position":"center center","background-size":"auto","background-attachment":"scroll","background-type":"","background-media":"","overlay-type":"","overlay-color":"","overlay-opacity":"","overlay-gradient":""},"tablet":{"background-color":"","background-image":"","background-repeat":"repeat","background-position":"center center","background-size":"auto","background-attachment":"scroll","background-type":"","background-media":"","overlay-type":"","overlay-color":"","overlay-opacity":"","overlay-gradient":""},"mobile":{"background-color":"","background-image":"","background-repeat":"repeat","background-position":"center center","background-size":"auto","background-attachment":"scroll","background-type":"","background-media":"","overlay-type":"","overlay-color":"","overlay-opacity":"","overlay-gradient":""}},"ast-content-background-meta":{"desktop":{"background-color":"var(--ast-global-color-4)","background-image":"","background-repeat":"repeat","background-position":"center center","background-size":"auto","background-attachment":"scroll","background-type":"","background-media":"","overlay-type":"","overlay-color":"","overlay-opacity":"","overlay-gradient":""},"tablet":{"background-color":"var(--ast-global-color-4)","background-image":"","background-repeat":"repeat","background-position":"center center","background-size":"auto","background-attachment":"scroll","background-type":"","background-media":"","overlay-type":"","overlay-color":"","overlay-opacity":"","overlay-gradient":""},"mobile":{"background-color":"var(--ast-global-color-4)","background-image":"","background-repeat":"repeat","background-position":"center center","background-size":"auto","background-attachment":"scroll","background-type":"","background-media":"","overlay-type":"","overlay-color":"","overlay-opacity":"","overlay-gradient":""}}},"product_brand":[],"product_cat":[149],"product_tag":[],"class_list":{"0":"post-1903","1":"product","2":"type-product","3":"status-publish","5":"product_cat-juegos-de-cartas","6":"desktop-align-left","7":"tablet-align-left","8":"mobile-align-left","10":"first","11":"instock","12":"purchasable","13":"product-type-simple"},"acf":[],"_links":{"self":[{"href":"https:\/\/d20juegos.com\/en\/wp-json\/wp\/v2\/product\/1903","targetHints":{"allow":["GET"]}}],"collection":[{"href":"https:\/\/d20juegos.com\/en\/wp-json\/wp\/v2\/product"}],"about":[{"href":"https:\/\/d20juegos.com\/en\/wp-json\/wp\/v2\/types\/product"}],"replies":[{"embeddable":true,"href":"https:\/\/d20juegos.com\/en\/wp-json\/wp\/v2\/comments?post=1903"}],"wp:attachment":[{"href":"https:\/\/d20juegos.com\/en\/wp-json\/wp\/v2\/media?parent=1903"}],"wp:term":[{"taxonomy":"product_brand","embeddable":true,"href":"https:\/\/d20juegos.com\/en\/wp-json\/wp\/v2\/product_brand?post=1903"},{"taxonomy":"product_cat","embeddable":true,"href":"https:\/\/d20juegos.com\/en\/wp-json\/wp\/v2\/product_cat?post=1903"},{"taxonomy":"product_tag","embeddable":true,"href":"https:\/\/d20juegos.com\/en\/wp-json\/wp\/v2\/product_tag?post=1903"}],"curies":[{"name":"wp","href":"https:\/\/api.w.org\/{rel}","templated":true}]}}