{"id":1915,"date":"2025-10-27T13:55:50","date_gmt":"2025-10-27T12:55:50","guid":{"rendered":"https:\/\/d20juegos.com\/producto\/imagidice\/"},"modified":"2025-10-27T13:55:53","modified_gmt":"2025-10-27T12:55:53","slug":"imagidice","status":"publish","type":"product","link":"https:\/\/d20juegos.com\/en\/product\/imagidice\/","title":{"rendered":"IMAGIDICE"},"content":{"rendered":"<p>Los dados se pueden utilizar para crear historias, para sacar temas de conversaci\u00f3n e incluso es muy \u00fatil para aprender idiomas.<\/p>\n<p>Imagidice es un recurso educativo que ofrece un folleto con ideas para 40 actividades motivadoras. Todas las actividades est\u00e1n dise\u00f1adas para ayudar a los estudiantes sea cual sea su edad o capacidad, desde principiantes hasta avanzados, todos disfrutar\u00e1n de estas actividades animadas y comunicativas.<\/p>\n<p>\u00a1Los ejercicios incluyen aliteraci\u00f3n, comparativos, adjetivos, construcci\u00f3n de oraciones, tiempos verbales, verbos y m\u00e1s!<\/p>","protected":false},"excerpt":{"rendered":"<p>Los dados se pueden utilizar para crear historias, para sacar temas de conversaci\u00f3n e incluso es muy \u00fatil para aprender idiomas.<\/p>\n<p>Imagidice es un recurso educativo que ofrece un folleto con ideas para 40 actividades motivadoras. Todas las actividades est\u00e1n dise\u00f1adas para ayudar a los estudiantes sea cual sea su edad o capacidad, desde principiantes hasta avanzados, todos disfrutar\u00e1n de estas actividades animadas y comunicativas.<\/p>\n<p>\u00a1Los ejercicios incluyen aliteraci\u00f3n, comparativos, adjetivos, construcci\u00f3n de oraciones, tiempos verbales, verbos y m\u00e1s!<\/p>","protected":false},"featured_media":0,"comment_status":"closed","ping_status":"closed","template":"","meta":{"_acf_changed":false,"site-sidebar-layout":"default","site-content-layout":"","ast-site-content-layout":"default","site-content-style":"default","site-sidebar-style":"default","ast-global-header-display":"","ast-banner-title-visibility":"","ast-main-header-display":"","ast-hfb-above-header-display":"","ast-hfb-below-header-display":"","ast-hfb-mobile-header-display":"","site-post-title":"","ast-breadcrumbs-content":"","ast-featured-img":"","footer-sml-layout":"","theme-transparent-header-meta":"","adv-header-id-meta":"","stick-header-meta":"","header-above-stick-meta":"","header-main-stick-meta":"","header-below-stick-meta":"","astra-migrate-meta-layouts":"default","ast-page-background-enabled":"default","ast-page-background-meta":{"desktop":{"background-color":"var(--ast-global-color-5)","background-image":"","background-repeat":"repeat","background-position":"center center","background-size":"auto","background-attachment":"scroll","background-type":"","background-media":"","overlay-type":"","overlay-color":"","overlay-opacity":"","overlay-gradient":""},"tablet":{"background-color":"","background-image":"","background-repeat":"repeat","background-position":"center center","background-size":"auto","background-attachment":"scroll","background-type":"","background-media":"","overlay-type":"","overlay-color":"","overlay-opacity":"","overlay-gradient":""},"mobile":{"background-color":"","background-image":"","background-repeat":"repeat","background-position":"center center","background-size":"auto","background-attachment":"scroll","background-type":"","background-media":"","overlay-type":"","overlay-color":"","overlay-opacity":"","overlay-gradient":""}},"ast-content-background-meta":{"desktop":{"background-color":"var(--ast-global-color-4)","background-image":"","background-repeat":"repeat","background-position":"center center","background-size":"auto","background-attachment":"scroll","background-type":"","background-media":"","overlay-type":"","overlay-color":"","overlay-opacity":"","overlay-gradient":""},"tablet":{"background-color":"var(--ast-global-color-4)","background-image":"","background-repeat":"repeat","background-position":"center center","background-size":"auto","background-attachment":"scroll","background-type":"","background-media":"","overlay-type":"","overlay-color":"","overlay-opacity":"","overlay-gradient":""},"mobile":{"background-color":"var(--ast-global-color-4)","background-image":"","background-repeat":"repeat","background-position":"center center","background-size":"auto","background-attachment":"scroll","background-type":"","background-media":"","overlay-type":"","overlay-color":"","overlay-opacity":"","overlay-gradient":""}}},"product_brand":[],"product_cat":[149],"product_tag":[],"class_list":{"0":"post-1915","1":"product","2":"type-product","3":"status-publish","5":"product_cat-juegos-de-cartas","6":"desktop-align-left","7":"tablet-align-left","8":"mobile-align-left","10":"first","11":"instock","12":"purchasable","13":"product-type-simple"},"acf":[],"_links":{"self":[{"href":"https:\/\/d20juegos.com\/en\/wp-json\/wp\/v2\/product\/1915","targetHints":{"allow":["GET"]}}],"collection":[{"href":"https:\/\/d20juegos.com\/en\/wp-json\/wp\/v2\/product"}],"about":[{"href":"https:\/\/d20juegos.com\/en\/wp-json\/wp\/v2\/types\/product"}],"replies":[{"embeddable":true,"href":"https:\/\/d20juegos.com\/en\/wp-json\/wp\/v2\/comments?post=1915"}],"wp:attachment":[{"href":"https:\/\/d20juegos.com\/en\/wp-json\/wp\/v2\/media?parent=1915"}],"wp:term":[{"taxonomy":"product_brand","embeddable":true,"href":"https:\/\/d20juegos.com\/en\/wp-json\/wp\/v2\/product_brand?post=1915"},{"taxonomy":"product_cat","embeddable":true,"href":"https:\/\/d20juegos.com\/en\/wp-json\/wp\/v2\/product_cat?post=1915"},{"taxonomy":"product_tag","embeddable":true,"href":"https:\/\/d20juegos.com\/en\/wp-json\/wp\/v2\/product_tag?post=1915"}],"curies":[{"name":"wp","href":"https:\/\/api.w.org\/{rel}","templated":true}]}}