{"id":1922,"date":"2025-10-27T13:55:56","date_gmt":"2025-10-27T12:55:56","guid":{"rendered":"https:\/\/d20juegos.com\/producto\/jungo\/"},"modified":"2025-10-27T13:55:57","modified_gmt":"2025-10-27T12:55:57","slug":"jungo","status":"publish","type":"product","link":"https:\/\/d20juegos.com\/en\/product\/jungo\/","title":{"rendered":"JUNGO"},"content":{"rendered":"<p>Jungo es un juego de cartas de construcci\u00f3n muy divertido. Tu objetivo es ser el primer jugador en deshacerse de todos los monetes. \u00a1No ordenes las cartas de tu mano! La baraja son 64 cartas, con 8 copias de cada una de 1-8, y tendr\u00e9is una mano de cartas que no podr\u00e9is reorganizar. El jugador inicial dirige una carta o un conjunto de cartas del mismo valor, pero s\u00f3lo puede jugar varias cartas si est\u00e1n juntas en su mano. Si se han jugado cartas, para jugar hay que jugar el mismo n\u00famero de cartas con un valor m\u00e1s alto o un conjunto de cartas m\u00e1s alto. Si ganas a alguien, puedes coger las cartas que le ganaste y colocarlas a tu mano en el sitio que quieras, o puedes descartarlas. Si no puedes o decides no jugar, tienes que pasar y robar una carta del mont\u00f3n boca abajo; cada carta tiene dos valores en ella. Puedes a\u00f1adir la carta donde quieras, descartarla o invocar a la \u201cley del jungo\u201d y jugarla inmediatamente como parte de una combinaci\u00f3n de tu mano que supere lo que hay en la mesa.<\/p>","protected":false},"excerpt":{"rendered":"<p>Jungo es un juego de cartas de construcci\u00f3n muy divertido. Tu objetivo es ser el primer jugador en deshacerse de todos los monetes. \u00a1No ordenes las cartas de tu mano! La baraja son 64 cartas, con 8 copias de cada una de 1-8, y tendr\u00e9is una mano de cartas que no podr\u00e9is reorganizar. El jugador inicial dirige una carta o un conjunto de cartas del mismo valor, pero s\u00f3lo puede jugar varias cartas si est\u00e1n juntas en su mano. Si se han jugado cartas, para jugar hay que jugar el mismo n\u00famero de cartas con un valor m\u00e1s alto o un conjunto de cartas m\u00e1s alto. Si ganas a alguien, puedes coger las cartas que le ganaste y colocarlas a tu mano en el sitio que quieras, o puedes descartarlas. Si no puedes o decides no jugar, tienes que pasar y robar una carta del mont\u00f3n boca abajo; cada carta tiene dos valores en ella. Puedes a\u00f1adir la carta donde quieras, descartarla o invocar a la \u201cley del jungo\u201d y jugarla inmediatamente como parte de una combinaci\u00f3n de tu mano que supere lo que hay en la mesa.<\/p>","protected":false},"featured_media":0,"comment_status":"closed","ping_status":"closed","template":"","meta":{"_acf_changed":false,"site-sidebar-layout":"default","site-content-layout":"","ast-site-content-layout":"default","site-content-style":"default","site-sidebar-style":"default","ast-global-header-display":"","ast-banner-title-visibility":"","ast-main-header-display":"","ast-hfb-above-header-display":"","ast-hfb-below-header-display":"","ast-hfb-mobile-header-display":"","site-post-title":"","ast-breadcrumbs-content":"","ast-featured-img":"","footer-sml-layout":"","theme-transparent-header-meta":"","adv-header-id-meta":"","stick-header-meta":"","header-above-stick-meta":"","header-main-stick-meta":"","header-below-stick-meta":"","astra-migrate-meta-layouts":"default","ast-page-background-enabled":"default","ast-page-background-meta":{"desktop":{"background-color":"var(--ast-global-color-5)","background-image":"","background-repeat":"repeat","background-position":"center center","background-size":"auto","background-attachment":"scroll","background-type":"","background-media":"","overlay-type":"","overlay-color":"","overlay-opacity":"","overlay-gradient":""},"tablet":{"background-color":"","background-image":"","background-repeat":"repeat","background-position":"center center","background-size":"auto","background-attachment":"scroll","background-type":"","background-media":"","overlay-type":"","overlay-color":"","overlay-opacity":"","overlay-gradient":""},"mobile":{"background-color":"","background-image":"","background-repeat":"repeat","background-position":"center center","background-size":"auto","background-attachment":"scroll","background-type":"","background-media":"","overlay-type":"","overlay-color":"","overlay-opacity":"","overlay-gradient":""}},"ast-content-background-meta":{"desktop":{"background-color":"var(--ast-global-color-4)","background-image":"","background-repeat":"repeat","background-position":"center center","background-size":"auto","background-attachment":"scroll","background-type":"","background-media":"","overlay-type":"","overlay-color":"","overlay-opacity":"","overlay-gradient":""},"tablet":{"background-color":"var(--ast-global-color-4)","background-image":"","background-repeat":"repeat","background-position":"center center","background-size":"auto","background-attachment":"scroll","background-type":"","background-media":"","overlay-type":"","overlay-color":"","overlay-opacity":"","overlay-gradient":""},"mobile":{"background-color":"var(--ast-global-color-4)","background-image":"","background-repeat":"repeat","background-position":"center center","background-size":"auto","background-attachment":"scroll","background-type":"","background-media":"","overlay-type":"","overlay-color":"","overlay-opacity":"","overlay-gradient":""}}},"product_brand":[],"product_cat":[149],"product_tag":[],"class_list":{"0":"post-1922","1":"product","2":"type-product","3":"status-publish","5":"product_cat-juegos-de-cartas","6":"desktop-align-left","7":"tablet-align-left","8":"mobile-align-left","10":"first","11":"instock","12":"purchasable","13":"product-type-simple"},"acf":[],"_links":{"self":[{"href":"https:\/\/d20juegos.com\/en\/wp-json\/wp\/v2\/product\/1922","targetHints":{"allow":["GET"]}}],"collection":[{"href":"https:\/\/d20juegos.com\/en\/wp-json\/wp\/v2\/product"}],"about":[{"href":"https:\/\/d20juegos.com\/en\/wp-json\/wp\/v2\/types\/product"}],"replies":[{"embeddable":true,"href":"https:\/\/d20juegos.com\/en\/wp-json\/wp\/v2\/comments?post=1922"}],"wp:attachment":[{"href":"https:\/\/d20juegos.com\/en\/wp-json\/wp\/v2\/media?parent=1922"}],"wp:term":[{"taxonomy":"product_brand","embeddable":true,"href":"https:\/\/d20juegos.com\/en\/wp-json\/wp\/v2\/product_brand?post=1922"},{"taxonomy":"product_cat","embeddable":true,"href":"https:\/\/d20juegos.com\/en\/wp-json\/wp\/v2\/product_cat?post=1922"},{"taxonomy":"product_tag","embeddable":true,"href":"https:\/\/d20juegos.com\/en\/wp-json\/wp\/v2\/product_tag?post=1922"}],"curies":[{"name":"wp","href":"https:\/\/api.w.org\/{rel}","templated":true}]}}