{"id":1924,"date":"2025-10-27T13:55:56","date_gmt":"2025-10-27T12:55:56","guid":{"rendered":"https:\/\/d20juegos.com\/producto\/mino-dice\/"},"modified":"2025-10-27T13:55:57","modified_gmt":"2025-10-27T12:55:57","slug":"mino-dice","status":"publish","type":"product","link":"https:\/\/d20juegos.com\/en\/product\/mino-dice\/","title":{"rendered":"MINO DICE"},"content":{"rendered":"<p>Mino Dice es un juego de dados donde intentar\u00e9is predecir el resultado de la batalla de dados y qui\u00e9n lo acierte con mayor exactitud ser\u00e1 el ganador de la contienda. El juego contiene siete tipos de dados: minotauros, grifos, sirenas y cuatro tipos de dados num\u00e9ricos. El juego dura de seis a ocho manos, dependiendo del n\u00famero de jugadores, y en cada ronda, cada uno sacar\u00e9is de la bolsa un n\u00famero de dados igual a la mano actual (ejemplo: cinco dados para la quinta mano), y lo colocar\u00e1s detr\u00e1s de la pantalla, manteniendo los dados en secreto para los dem\u00e1s. Despu\u00e9s de coger los dados, cada uno apuesta simult\u00e1neamente el n\u00famero de bazas que cree que har\u00e1 durante la ronda, sacando los dedos de su mano y anota estas apuestas en la hoja de puntuaciones. El primer jugador de una mano elige un dado detr\u00e1s de su pantalla y lo lanza en p\u00fablico. Si es un dado num\u00e9rico, los dem\u00e1s tienen que lanzar un dado num\u00e9rico de ese color si es posible, y si no, tiran un dado de su elecci\u00f3n. Como otra opci\u00f3n es que se lance un dado de minotauro, grifo o sirena. Despu\u00e9s de que todos hayan lanzado, comprobar\u00e1s qui\u00e9n tiene el dado m\u00e1s alto y reclamar\u00e1s esa baza. Una bandera rodada es un 0 y no puede ganar la baza. El minotauro gana al grifo, que gana a la sirena, que gana al minotauro, y todos estos personajes especiales ganan a los n\u00fameros. Si nadie saca un personaje especial, gana la baza del n\u00famero m\u00e1s alto. Quien gana la baza, recoge los dados delante de su pantalla y elige un dado de su colecci\u00f3n para empezar la pr\u00f3xima baza. Tras reclamar las bazas, se punt\u00faa. Si has apostado con exactitud, punt\u00faas 20 puntos por baza apostada, si has fallado tu apuesta perder\u00e1s 10 puntos por cada baza en la que no hayas apostado. Si pujas cero bazas y lo consigues, anota 10 puntos por cada baza de la mano, si fallas una puja 0, pierdes 10 puntos por cada baza de la mano, independientemente del n\u00famero de bazas conseguidos. Si has hecho tu apuesta y has capturado un minotauro con una sirena sin capturar una bandera, suma 50 puntos, y si capturas un grifo con un minotauro sin capturar una bandera, suma 30 puntos. \u00a1Qui\u00e9n tenga la puntuaci\u00f3n m\u00e1s alta, gana!<\/p>","protected":false},"excerpt":{"rendered":"<p>Mino Dice es un juego de dados donde intentar\u00e9is predecir el resultado de la batalla de dados y qui\u00e9n lo acierte con mayor exactitud ser\u00e1 el ganador de la contienda. El juego contiene siete tipos de dados: minotauros, grifos, sirenas y cuatro tipos de dados num\u00e9ricos. El juego dura de seis a ocho manos, dependiendo del n\u00famero de jugadores, y en cada ronda, cada uno sacar\u00e9is de la bolsa un n\u00famero de dados igual a la mano actual (ejemplo: cinco dados para la quinta mano), y lo colocar\u00e1s detr\u00e1s de la pantalla, manteniendo los dados en secreto para los dem\u00e1s. Despu\u00e9s de coger los dados, cada uno apuesta simult\u00e1neamente el n\u00famero de bazas que cree que har\u00e1 durante la ronda, sacando los dedos de su mano y anota estas apuestas en la hoja de puntuaciones. El primer jugador de una mano elige un dado detr\u00e1s de su pantalla y lo lanza en p\u00fablico. Si es un dado num\u00e9rico, los dem\u00e1s tienen que lanzar un dado num\u00e9rico de ese color si es posible, y si no, tiran un dado de su elecci\u00f3n. Como otra opci\u00f3n es que se lance un dado de minotauro, grifo o sirena. Despu\u00e9s de que todos hayan lanzado, comprobar\u00e1s qui\u00e9n tiene el dado m\u00e1s alto y reclamar\u00e1s esa baza. Una bandera rodada es un 0 y no puede ganar la baza. El minotauro gana al grifo, que gana a la sirena, que gana al minotauro, y todos estos personajes especiales ganan a los n\u00fameros. Si nadie saca un personaje especial, gana la baza del n\u00famero m\u00e1s alto. Quien gana la baza, recoge los dados delante de su pantalla y elige un dado de su colecci\u00f3n para empezar la pr\u00f3xima baza. Tras reclamar las bazas, se punt\u00faa. Si has apostado con exactitud, punt\u00faas 20 puntos por baza apostada, si has fallado tu apuesta perder\u00e1s 10 puntos por cada baza en la que no hayas apostado. Si pujas cero bazas y lo consigues, anota 10 puntos por cada baza de la mano, si fallas una puja 0, pierdes 10 puntos por cada baza de la mano, independientemente del n\u00famero de bazas conseguidos. Si has hecho tu apuesta y has capturado un minotauro con una sirena sin capturar una bandera, suma 50 puntos, y si capturas un grifo con un minotauro sin capturar una bandera, suma 30 puntos. \u00a1Qui\u00e9n tenga la puntuaci\u00f3n m\u00e1s alta, gana!<\/p>","protected":false},"featured_media":0,"comment_status":"closed","ping_status":"closed","template":"","meta":{"_acf_changed":false,"site-sidebar-layout":"default","site-content-layout":"","ast-site-content-layout":"default","site-content-style":"default","site-sidebar-style":"default","ast-global-header-display":"","ast-banner-title-visibility":"","ast-main-header-display":"","ast-hfb-above-header-display":"","ast-hfb-below-header-display":"","ast-hfb-mobile-header-display":"","site-post-title":"","ast-breadcrumbs-content":"","ast-featured-img":"","footer-sml-layout":"","theme-transparent-header-meta":"","adv-header-id-meta":"","stick-header-meta":"","header-above-stick-meta":"","header-main-stick-meta":"","header-below-stick-meta":"","astra-migrate-meta-layouts":"default","ast-page-background-enabled":"default","ast-page-background-meta":{"desktop":{"background-color":"var(--ast-global-color-5)","background-image":"","background-repeat":"repeat","background-position":"center center","background-size":"auto","background-attachment":"scroll","background-type":"","background-media":"","overlay-type":"","overlay-color":"","overlay-opacity":"","overlay-gradient":""},"tablet":{"background-color":"","background-image":"","background-repeat":"repeat","background-position":"center center","background-size":"auto","background-attachment":"scroll","background-type":"","background-media":"","overlay-type":"","overlay-color":"","overlay-opacity":"","overlay-gradient":""},"mobile":{"background-color":"","background-image":"","background-repeat":"repeat","background-position":"center center","background-size":"auto","background-attachment":"scroll","background-type":"","background-media":"","overlay-type":"","overlay-color":"","overlay-opacity":"","overlay-gradient":""}},"ast-content-background-meta":{"desktop":{"background-color":"var(--ast-global-color-4)","background-image":"","background-repeat":"repeat","background-position":"center center","background-size":"auto","background-attachment":"scroll","background-type":"","background-media":"","overlay-type":"","overlay-color":"","overlay-opacity":"","overlay-gradient":""},"tablet":{"background-color":"var(--ast-global-color-4)","background-image":"","background-repeat":"repeat","background-position":"center center","background-size":"auto","background-attachment":"scroll","background-type":"","background-media":"","overlay-type":"","overlay-color":"","overlay-opacity":"","overlay-gradient":""},"mobile":{"background-color":"var(--ast-global-color-4)","background-image":"","background-repeat":"repeat","background-position":"center center","background-size":"auto","background-attachment":"scroll","background-type":"","background-media":"","overlay-type":"","overlay-color":"","overlay-opacity":"","overlay-gradient":""}}},"product_brand":[],"product_cat":[149],"product_tag":[],"class_list":{"0":"post-1924","1":"product","2":"type-product","3":"status-publish","5":"product_cat-juegos-de-cartas","6":"desktop-align-left","7":"tablet-align-left","8":"mobile-align-left","10":"first","11":"instock","12":"purchasable","13":"product-type-simple"},"acf":[],"_links":{"self":[{"href":"https:\/\/d20juegos.com\/en\/wp-json\/wp\/v2\/product\/1924","targetHints":{"allow":["GET"]}}],"collection":[{"href":"https:\/\/d20juegos.com\/en\/wp-json\/wp\/v2\/product"}],"about":[{"href":"https:\/\/d20juegos.com\/en\/wp-json\/wp\/v2\/types\/product"}],"replies":[{"embeddable":true,"href":"https:\/\/d20juegos.com\/en\/wp-json\/wp\/v2\/comments?post=1924"}],"wp:attachment":[{"href":"https:\/\/d20juegos.com\/en\/wp-json\/wp\/v2\/media?parent=1924"}],"wp:term":[{"taxonomy":"product_brand","embeddable":true,"href":"https:\/\/d20juegos.com\/en\/wp-json\/wp\/v2\/product_brand?post=1924"},{"taxonomy":"product_cat","embeddable":true,"href":"https:\/\/d20juegos.com\/en\/wp-json\/wp\/v2\/product_cat?post=1924"},{"taxonomy":"product_tag","embeddable":true,"href":"https:\/\/d20juegos.com\/en\/wp-json\/wp\/v2\/product_tag?post=1924"}],"curies":[{"name":"wp","href":"https:\/\/api.w.org\/{rel}","templated":true}]}}