{"id":1931,"date":"2025-10-27T13:55:56","date_gmt":"2025-10-27T12:55:56","guid":{"rendered":"https:\/\/d20juegos.com\/producto\/trio\/"},"modified":"2025-10-27T13:55:59","modified_gmt":"2025-10-27T12:55:59","slug":"trio","status":"publish","type":"product","link":"https:\/\/d20juegos.com\/en\/product\/trio\/","title":{"rendered":"TRIO"},"content":{"rendered":"<p>Trio es un juego de cartas en el que los jugadores tendr\u00e1n que reunir tres cartas iguales. El juego cuenta con 36 cartas que se repiten tres veces del 1 al 12. Empiezas ordenando tu mano inicial de menor a mayor y las cartas restantes se colocan boca abajo en la mesa. Elige una carta (la menor o la mayor de todas) o cualquiera que est\u00e9 boca abajo para revelar y rep\u00edtelo con otra carta. Si son del mismo n\u00famero, contin\u00faas tu turno. Si no,  devuelve las cartas donde estaban y juega el siguiente jugador. Ganar\u00e1s si re\u00fanes tres cartas del mismo n\u00famero, pero, cuidado, porque si un jugador consigue el conjunto de tres sietes o consigue dos conjuntos que sumando o restando d\u00e9 siete, pierdes.<\/p>","protected":false},"excerpt":{"rendered":"<p>Trio es un juego de cartas en el que los jugadores tendr\u00e1n que reunir tres cartas iguales. El juego cuenta con 36 cartas que se repiten tres veces del 1 al 12. Empiezas ordenando tu mano inicial de menor a mayor y las cartas restantes se colocan boca abajo en la mesa. Elige una carta (la menor o la mayor de todas) o cualquiera que est\u00e9 boca abajo para revelar y rep\u00edtelo con otra carta. Si son del mismo n\u00famero, contin\u00faas tu turno. Si no,  devuelve las cartas donde estaban y juega el siguiente jugador. Ganar\u00e1s si re\u00fanes tres cartas del mismo n\u00famero, pero, cuidado, porque si un jugador consigue el conjunto de tres sietes o consigue dos conjuntos que sumando o restando d\u00e9 siete, pierdes.<\/p>","protected":false},"featured_media":0,"comment_status":"closed","ping_status":"closed","template":"","meta":{"_acf_changed":false,"site-sidebar-layout":"default","site-content-layout":"","ast-site-content-layout":"default","site-content-style":"default","site-sidebar-style":"default","ast-global-header-display":"","ast-banner-title-visibility":"","ast-main-header-display":"","ast-hfb-above-header-display":"","ast-hfb-below-header-display":"","ast-hfb-mobile-header-display":"","site-post-title":"","ast-breadcrumbs-content":"","ast-featured-img":"","footer-sml-layout":"","theme-transparent-header-meta":"","adv-header-id-meta":"","stick-header-meta":"","header-above-stick-meta":"","header-main-stick-meta":"","header-below-stick-meta":"","astra-migrate-meta-layouts":"default","ast-page-background-enabled":"default","ast-page-background-meta":{"desktop":{"background-color":"var(--ast-global-color-5)","background-image":"","background-repeat":"repeat","background-position":"center center","background-size":"auto","background-attachment":"scroll","background-type":"","background-media":"","overlay-type":"","overlay-color":"","overlay-opacity":"","overlay-gradient":""},"tablet":{"background-color":"","background-image":"","background-repeat":"repeat","background-position":"center center","background-size":"auto","background-attachment":"scroll","background-type":"","background-media":"","overlay-type":"","overlay-color":"","overlay-opacity":"","overlay-gradient":""},"mobile":{"background-color":"","background-image":"","background-repeat":"repeat","background-position":"center center","background-size":"auto","background-attachment":"scroll","background-type":"","background-media":"","overlay-type":"","overlay-color":"","overlay-opacity":"","overlay-gradient":""}},"ast-content-background-meta":{"desktop":{"background-color":"var(--ast-global-color-4)","background-image":"","background-repeat":"repeat","background-position":"center center","background-size":"auto","background-attachment":"scroll","background-type":"","background-media":"","overlay-type":"","overlay-color":"","overlay-opacity":"","overlay-gradient":""},"tablet":{"background-color":"var(--ast-global-color-4)","background-image":"","background-repeat":"repeat","background-position":"center center","background-size":"auto","background-attachment":"scroll","background-type":"","background-media":"","overlay-type":"","overlay-color":"","overlay-opacity":"","overlay-gradient":""},"mobile":{"background-color":"var(--ast-global-color-4)","background-image":"","background-repeat":"repeat","background-position":"center center","background-size":"auto","background-attachment":"scroll","background-type":"","background-media":"","overlay-type":"","overlay-color":"","overlay-opacity":"","overlay-gradient":""}}},"product_brand":[],"product_cat":[149],"product_tag":[],"class_list":{"0":"post-1931","1":"product","2":"type-product","3":"status-publish","5":"product_cat-juegos-de-cartas","6":"desktop-align-left","7":"tablet-align-left","8":"mobile-align-left","10":"first","11":"instock","12":"purchasable","13":"product-type-simple"},"acf":[],"_links":{"self":[{"href":"https:\/\/d20juegos.com\/en\/wp-json\/wp\/v2\/product\/1931","targetHints":{"allow":["GET"]}}],"collection":[{"href":"https:\/\/d20juegos.com\/en\/wp-json\/wp\/v2\/product"}],"about":[{"href":"https:\/\/d20juegos.com\/en\/wp-json\/wp\/v2\/types\/product"}],"replies":[{"embeddable":true,"href":"https:\/\/d20juegos.com\/en\/wp-json\/wp\/v2\/comments?post=1931"}],"wp:attachment":[{"href":"https:\/\/d20juegos.com\/en\/wp-json\/wp\/v2\/media?parent=1931"}],"wp:term":[{"taxonomy":"product_brand","embeddable":true,"href":"https:\/\/d20juegos.com\/en\/wp-json\/wp\/v2\/product_brand?post=1931"},{"taxonomy":"product_cat","embeddable":true,"href":"https:\/\/d20juegos.com\/en\/wp-json\/wp\/v2\/product_cat?post=1931"},{"taxonomy":"product_tag","embeddable":true,"href":"https:\/\/d20juegos.com\/en\/wp-json\/wp\/v2\/product_tag?post=1931"}],"curies":[{"name":"wp","href":"https:\/\/api.w.org\/{rel}","templated":true}]}}