{"id":1948,"date":"2025-10-27T13:56:02","date_gmt":"2025-10-27T12:56:02","guid":{"rendered":"https:\/\/d20juegos.com\/producto\/exit-muerte-en-el-orient-express\/"},"modified":"2025-10-27T13:56:04","modified_gmt":"2025-10-27T12:56:04","slug":"exit-muerte-en-el-orient-express","status":"publish","type":"product","link":"https:\/\/d20juegos.com\/en\/product\/exit-muerte-en-el-orient-express\/","title":{"rendered":"EXIT MUERTE EN EL ORIENT EXPRESS"},"content":{"rendered":"<p>NIVEL: EXPERTO<\/p>\n<p>Exit: Muerte en el Orient Express es el octavo t\u00edtulo de la colecci\u00f3n Exit e introduce un factor m\u00e1s, y es que los jugadores deben resolver todos los enigmas y, adem\u00e1s, descubrir al asesino.<\/p>\n<p>Se trata de un juego del a\u00f1o 2017 dise\u00f1ado por la pareja de creadores y responsables del \u00e9xito de la serie Exit: Inka Brand y Markus Brand. Los jugadores viajan en el famoso tren cuando se produce un asesinato. Como en el resto de juegos de la colecci\u00f3n Exit, los jugadores deber\u00e1n resolver una serie de enigmas para llegar al final del juego, pero adem\u00e1s, y esto es una interesante innovaci\u00f3n de este t\u00edtulo, deber\u00e1n descubrir qui\u00e9n es el asesino de entre una larga lista de sospechosos. Otra innovaci\u00f3n interesante de este t\u00edtulo es que los jugadores tendr\u00e1n que encontrar la forma de entrar en los compartimentos de los sospechosos para poder registrarlos, aunque para conseguir el acceso a esos camarotes tendr\u00e1n que resolver otros enigmas previos.<\/p>\n<p>Exit: Muerte en el Orient Express es uno de los Exit m\u00e1s originales de la serie, ya que introduce un factor de misterio adicional a los habituales enigmas: descubrir al asesino del tren.<\/p>","protected":false},"excerpt":{"rendered":"<p>NIVEL: EXPERTO<\/p>\n<p>Exit: Muerte en el Orient Express es el octavo t\u00edtulo de la colecci\u00f3n Exit e introduce un factor m\u00e1s, y es que los jugadores deben resolver todos los enigmas y, adem\u00e1s, descubrir al asesino.<\/p>\n<p>Se trata de un juego del a\u00f1o 2017 dise\u00f1ado por la pareja de creadores y responsables del \u00e9xito de la serie Exit: Inka Brand y Markus Brand. Los jugadores viajan en el famoso tren cuando se produce un asesinato. Como en el resto de juegos de la colecci\u00f3n Exit, los jugadores deber\u00e1n resolver una serie de enigmas para llegar al final del juego, pero adem\u00e1s, y esto es una interesante innovaci\u00f3n de este t\u00edtulo, deber\u00e1n descubrir qui\u00e9n es el asesino de entre una larga lista de sospechosos. Otra innovaci\u00f3n interesante de este t\u00edtulo es que los jugadores tendr\u00e1n que encontrar la forma de entrar en los compartimentos de los sospechosos para poder registrarlos, aunque para conseguir el acceso a esos camarotes tendr\u00e1n que resolver otros enigmas previos.<\/p>\n<p>Exit: Muerte en el Orient Express es uno de los Exit m\u00e1s originales de la serie, ya que introduce un factor de misterio adicional a los habituales enigmas: descubrir al asesino del tren.<\/p>","protected":false},"featured_media":0,"comment_status":"closed","ping_status":"closed","template":"","meta":{"_acf_changed":false,"site-sidebar-layout":"default","site-content-layout":"","ast-site-content-layout":"default","site-content-style":"default","site-sidebar-style":"default","ast-global-header-display":"","ast-banner-title-visibility":"","ast-main-header-display":"","ast-hfb-above-header-display":"","ast-hfb-below-header-display":"","ast-hfb-mobile-header-display":"","site-post-title":"","ast-breadcrumbs-content":"","ast-featured-img":"","footer-sml-layout":"","theme-transparent-header-meta":"","adv-header-id-meta":"","stick-header-meta":"","header-above-stick-meta":"","header-main-stick-meta":"","header-below-stick-meta":"","astra-migrate-meta-layouts":"default","ast-page-background-enabled":"default","ast-page-background-meta":{"desktop":{"background-color":"var(--ast-global-color-5)","background-image":"","background-repeat":"repeat","background-position":"center center","background-size":"auto","background-attachment":"scroll","background-type":"","background-media":"","overlay-type":"","overlay-color":"","overlay-opacity":"","overlay-gradient":""},"tablet":{"background-color":"","background-image":"","background-repeat":"repeat","background-position":"center center","background-size":"auto","background-attachment":"scroll","background-type":"","background-media":"","overlay-type":"","overlay-color":"","overlay-opacity":"","overlay-gradient":""},"mobile":{"background-color":"","background-image":"","background-repeat":"repeat","background-position":"center center","background-size":"auto","background-attachment":"scroll","background-type":"","background-media":"","overlay-type":"","overlay-color":"","overlay-opacity":"","overlay-gradient":""}},"ast-content-background-meta":{"desktop":{"background-color":"var(--ast-global-color-4)","background-image":"","background-repeat":"repeat","background-position":"center center","background-size":"auto","background-attachment":"scroll","background-type":"","background-media":"","overlay-type":"","overlay-color":"","overlay-opacity":"","overlay-gradient":""},"tablet":{"background-color":"var(--ast-global-color-4)","background-image":"","background-repeat":"repeat","background-position":"center center","background-size":"auto","background-attachment":"scroll","background-type":"","background-media":"","overlay-type":"","overlay-color":"","overlay-opacity":"","overlay-gradient":""},"mobile":{"background-color":"var(--ast-global-color-4)","background-image":"","background-repeat":"repeat","background-position":"center center","background-size":"auto","background-attachment":"scroll","background-type":"","background-media":"","overlay-type":"","overlay-color":"","overlay-opacity":"","overlay-gradient":""}}},"product_brand":[],"product_cat":[150],"product_tag":[],"class_list":{"0":"post-1948","1":"product","2":"type-product","3":"status-publish","5":"product_cat-escape-room-investigacion","6":"desktop-align-left","7":"tablet-align-left","8":"mobile-align-left","10":"first","11":"instock","12":"purchasable","13":"product-type-simple"},"acf":[],"_links":{"self":[{"href":"https:\/\/d20juegos.com\/en\/wp-json\/wp\/v2\/product\/1948","targetHints":{"allow":["GET"]}}],"collection":[{"href":"https:\/\/d20juegos.com\/en\/wp-json\/wp\/v2\/product"}],"about":[{"href":"https:\/\/d20juegos.com\/en\/wp-json\/wp\/v2\/types\/product"}],"replies":[{"embeddable":true,"href":"https:\/\/d20juegos.com\/en\/wp-json\/wp\/v2\/comments?post=1948"}],"wp:attachment":[{"href":"https:\/\/d20juegos.com\/en\/wp-json\/wp\/v2\/media?parent=1948"}],"wp:term":[{"taxonomy":"product_brand","embeddable":true,"href":"https:\/\/d20juegos.com\/en\/wp-json\/wp\/v2\/product_brand?post=1948"},{"taxonomy":"product_cat","embeddable":true,"href":"https:\/\/d20juegos.com\/en\/wp-json\/wp\/v2\/product_cat?post=1948"},{"taxonomy":"product_tag","embeddable":true,"href":"https:\/\/d20juegos.com\/en\/wp-json\/wp\/v2\/product_tag?post=1948"}],"curies":[{"name":"wp","href":"https:\/\/api.w.org\/{rel}","templated":true}]}}