{"id":1949,"date":"2025-10-27T13:56:02","date_gmt":"2025-10-27T12:56:02","guid":{"rendered":"https:\/\/d20juegos.com\/producto\/exit-puzzle-el-templo-perdido\/"},"modified":"2025-10-27T13:56:05","modified_gmt":"2025-10-27T12:56:05","slug":"exit-puzzle-el-templo-perdido","status":"publish","type":"product","link":"https:\/\/d20juegos.com\/en\/product\/exit-puzzle-el-templo-perdido\/","title":{"rendered":"EXIT PUZZLE EL TEMPLO PERDIDO"},"content":{"rendered":"<p>NIVEL: PRINCIPIANTE<\/p>\n<p>En Exit: El templo perdido t\u00fa y tus amigos vais a vivir una emocionante carrera atravesando la peligrosa jungla en una peque\u00f1a isla enclavada en medio del oc\u00e9ano \u00cdndico. El Templo Sagrado se encuentra en lo m\u00e1s profundo de la jungla, pero antes de poder explorar el misterioso templo todos deb\u00e9is colaborar para resolver los enigmas mediante el ensamblaje de cuatro rompecabezas que os dar\u00e1n las pistas que necesit\u00e1is para que vuestra aventura llegue a buen puerto.<\/p>\n<p>Exit: El templo perdido, publicado originalmente en el a\u00f1o 2020, est\u00e1 dise\u00f1ado por los creadores detr\u00e1s de todas las entregas de Exit: Inka Brand y Markus Brand, a los que se les une Juliane Voorgang en esta nueva entrega. Esta vez Exit vuelve a utilizar los puzzles como novedosa forma de encontrar pistas y resolver enigmas, con un nivel de dificultad de 3 de 5.<\/p>\n<p>\u00a1Los cazadores de tesoros criminales han entrado en la oficina del departamento de arqueolog\u00eda de tu universidad! Un famoso profesor ha desaparecido sin dejar rastro y tambi\u00e9n lo ha hecho un libro con viejos registros sobre la localizaci\u00f3n de un templo oculto. \u00bfConseguir\u00e9is encontrar al profesor a tiempo y salvaguardar los tesoros del templo de las garras de los buscadores de tesoros?<\/p>","protected":false},"excerpt":{"rendered":"<p>NIVEL: PRINCIPIANTE<\/p>\n<p>En Exit: El templo perdido t\u00fa y tus amigos vais a vivir una emocionante carrera atravesando la peligrosa jungla en una peque\u00f1a isla enclavada en medio del oc\u00e9ano \u00cdndico. El Templo Sagrado se encuentra en lo m\u00e1s profundo de la jungla, pero antes de poder explorar el misterioso templo todos deb\u00e9is colaborar para resolver los enigmas mediante el ensamblaje de cuatro rompecabezas que os dar\u00e1n las pistas que necesit\u00e1is para que vuestra aventura llegue a buen puerto.<\/p>\n<p>Exit: El templo perdido, publicado originalmente en el a\u00f1o 2020, est\u00e1 dise\u00f1ado por los creadores detr\u00e1s de todas las entregas de Exit: Inka Brand y Markus Brand, a los que se les une Juliane Voorgang en esta nueva entrega. Esta vez Exit vuelve a utilizar los puzzles como novedosa forma de encontrar pistas y resolver enigmas, con un nivel de dificultad de 3 de 5.<\/p>\n<p>\u00a1Los cazadores de tesoros criminales han entrado en la oficina del departamento de arqueolog\u00eda de tu universidad! Un famoso profesor ha desaparecido sin dejar rastro y tambi\u00e9n lo ha hecho un libro con viejos registros sobre la localizaci\u00f3n de un templo oculto. \u00bfConseguir\u00e9is encontrar al profesor a tiempo y salvaguardar los tesoros del templo de las garras de los buscadores de tesoros?<\/p>","protected":false},"featured_media":0,"comment_status":"closed","ping_status":"closed","template":"","meta":{"_acf_changed":false,"site-sidebar-layout":"default","site-content-layout":"","ast-site-content-layout":"default","site-content-style":"default","site-sidebar-style":"default","ast-global-header-display":"","ast-banner-title-visibility":"","ast-main-header-display":"","ast-hfb-above-header-display":"","ast-hfb-below-header-display":"","ast-hfb-mobile-header-display":"","site-post-title":"","ast-breadcrumbs-content":"","ast-featured-img":"","footer-sml-layout":"","theme-transparent-header-meta":"","adv-header-id-meta":"","stick-header-meta":"","header-above-stick-meta":"","header-main-stick-meta":"","header-below-stick-meta":"","astra-migrate-meta-layouts":"default","ast-page-background-enabled":"default","ast-page-background-meta":{"desktop":{"background-color":"var(--ast-global-color-5)","background-image":"","background-repeat":"repeat","background-position":"center center","background-size":"auto","background-attachment":"scroll","background-type":"","background-media":"","overlay-type":"","overlay-color":"","overlay-opacity":"","overlay-gradient":""},"tablet":{"background-color":"","background-image":"","background-repeat":"repeat","background-position":"center center","background-size":"auto","background-attachment":"scroll","background-type":"","background-media":"","overlay-type":"","overlay-color":"","overlay-opacity":"","overlay-gradient":""},"mobile":{"background-color":"","background-image":"","background-repeat":"repeat","background-position":"center center","background-size":"auto","background-attachment":"scroll","background-type":"","background-media":"","overlay-type":"","overlay-color":"","overlay-opacity":"","overlay-gradient":""}},"ast-content-background-meta":{"desktop":{"background-color":"var(--ast-global-color-4)","background-image":"","background-repeat":"repeat","background-position":"center center","background-size":"auto","background-attachment":"scroll","background-type":"","background-media":"","overlay-type":"","overlay-color":"","overlay-opacity":"","overlay-gradient":""},"tablet":{"background-color":"var(--ast-global-color-4)","background-image":"","background-repeat":"repeat","background-position":"center center","background-size":"auto","background-attachment":"scroll","background-type":"","background-media":"","overlay-type":"","overlay-color":"","overlay-opacity":"","overlay-gradient":""},"mobile":{"background-color":"var(--ast-global-color-4)","background-image":"","background-repeat":"repeat","background-position":"center center","background-size":"auto","background-attachment":"scroll","background-type":"","background-media":"","overlay-type":"","overlay-color":"","overlay-opacity":"","overlay-gradient":""}}},"product_brand":[],"product_cat":[150],"product_tag":[],"class_list":{"0":"post-1949","1":"product","2":"type-product","3":"status-publish","5":"product_cat-escape-room-investigacion","6":"desktop-align-left","7":"tablet-align-left","8":"mobile-align-left","10":"first","11":"instock","12":"purchasable","13":"product-type-simple"},"acf":[],"_links":{"self":[{"href":"https:\/\/d20juegos.com\/en\/wp-json\/wp\/v2\/product\/1949","targetHints":{"allow":["GET"]}}],"collection":[{"href":"https:\/\/d20juegos.com\/en\/wp-json\/wp\/v2\/product"}],"about":[{"href":"https:\/\/d20juegos.com\/en\/wp-json\/wp\/v2\/types\/product"}],"replies":[{"embeddable":true,"href":"https:\/\/d20juegos.com\/en\/wp-json\/wp\/v2\/comments?post=1949"}],"wp:attachment":[{"href":"https:\/\/d20juegos.com\/en\/wp-json\/wp\/v2\/media?parent=1949"}],"wp:term":[{"taxonomy":"product_brand","embeddable":true,"href":"https:\/\/d20juegos.com\/en\/wp-json\/wp\/v2\/product_brand?post=1949"},{"taxonomy":"product_cat","embeddable":true,"href":"https:\/\/d20juegos.com\/en\/wp-json\/wp\/v2\/product_cat?post=1949"},{"taxonomy":"product_tag","embeddable":true,"href":"https:\/\/d20juegos.com\/en\/wp-json\/wp\/v2\/product_tag?post=1949"}],"curies":[{"name":"wp","href":"https:\/\/api.w.org\/{rel}","templated":true}]}}