{"id":1981,"date":"2025-10-27T13:56:21","date_gmt":"2025-10-27T12:56:21","guid":{"rendered":"https:\/\/d20juegos.com\/producto\/leo-va-al-barbero\/"},"modified":"2025-10-27T13:56:23","modified_gmt":"2025-10-27T12:56:23","slug":"leo-va-al-barbero","status":"publish","type":"product","link":"https:\/\/d20juegos.com\/en\/product\/leo-va-al-barbero\/","title":{"rendered":"LEO VA AL BARBERO"},"content":{"rendered":"<p>Por \u00faltimo, \u00a1hay un juego cooperativo para los m\u00e1s peque\u00f1os! En este juego infantil, todos colaboramos para llevar a Leo a la peluquer\u00eda antes de que le crezca demasiado el pelo. No es una tarea f\u00e1cil, ya que Leo se distrae mucho por el camino y le gusta charlar con los animales que encuentra.<\/p>","protected":false},"excerpt":{"rendered":"<p>Por \u00faltimo, \u00a1hay un juego cooperativo para los m\u00e1s peque\u00f1os! En este juego infantil, todos colaboramos para llevar a Leo a la peluquer\u00eda antes de que le crezca demasiado el pelo. No es una tarea f\u00e1cil, ya que Leo se distrae mucho por el camino y le gusta charlar con los animales que encuentra.<\/p>","protected":false},"featured_media":0,"comment_status":"closed","ping_status":"closed","template":"","meta":{"_acf_changed":false,"site-sidebar-layout":"default","site-content-layout":"","ast-site-content-layout":"default","site-content-style":"default","site-sidebar-style":"default","ast-global-header-display":"","ast-banner-title-visibility":"","ast-main-header-display":"","ast-hfb-above-header-display":"","ast-hfb-below-header-display":"","ast-hfb-mobile-header-display":"","site-post-title":"","ast-breadcrumbs-content":"","ast-featured-img":"","footer-sml-layout":"","theme-transparent-header-meta":"","adv-header-id-meta":"","stick-header-meta":"","header-above-stick-meta":"","header-main-stick-meta":"","header-below-stick-meta":"","astra-migrate-meta-layouts":"default","ast-page-background-enabled":"default","ast-page-background-meta":{"desktop":{"background-color":"var(--ast-global-color-5)","background-image":"","background-repeat":"repeat","background-position":"center center","background-size":"auto","background-attachment":"scroll","background-type":"","background-media":"","overlay-type":"","overlay-color":"","overlay-opacity":"","overlay-gradient":""},"tablet":{"background-color":"","background-image":"","background-repeat":"repeat","background-position":"center center","background-size":"auto","background-attachment":"scroll","background-type":"","background-media":"","overlay-type":"","overlay-color":"","overlay-opacity":"","overlay-gradient":""},"mobile":{"background-color":"","background-image":"","background-repeat":"repeat","background-position":"center center","background-size":"auto","background-attachment":"scroll","background-type":"","background-media":"","overlay-type":"","overlay-color":"","overlay-opacity":"","overlay-gradient":""}},"ast-content-background-meta":{"desktop":{"background-color":"var(--ast-global-color-4)","background-image":"","background-repeat":"repeat","background-position":"center center","background-size":"auto","background-attachment":"scroll","background-type":"","background-media":"","overlay-type":"","overlay-color":"","overlay-opacity":"","overlay-gradient":""},"tablet":{"background-color":"var(--ast-global-color-4)","background-image":"","background-repeat":"repeat","background-position":"center center","background-size":"auto","background-attachment":"scroll","background-type":"","background-media":"","overlay-type":"","overlay-color":"","overlay-opacity":"","overlay-gradient":""},"mobile":{"background-color":"var(--ast-global-color-4)","background-image":"","background-repeat":"repeat","background-position":"center center","background-size":"auto","background-attachment":"scroll","background-type":"","background-media":"","overlay-type":"","overlay-color":"","overlay-opacity":"","overlay-gradient":""}}},"product_brand":[],"product_cat":[152],"product_tag":[],"class_list":{"0":"post-1981","1":"product","2":"type-product","3":"status-publish","5":"product_cat-infantil","6":"desktop-align-left","7":"tablet-align-left","8":"mobile-align-left","10":"first","11":"instock","12":"purchasable","13":"product-type-simple"},"acf":[],"_links":{"self":[{"href":"https:\/\/d20juegos.com\/en\/wp-json\/wp\/v2\/product\/1981","targetHints":{"allow":["GET"]}}],"collection":[{"href":"https:\/\/d20juegos.com\/en\/wp-json\/wp\/v2\/product"}],"about":[{"href":"https:\/\/d20juegos.com\/en\/wp-json\/wp\/v2\/types\/product"}],"replies":[{"embeddable":true,"href":"https:\/\/d20juegos.com\/en\/wp-json\/wp\/v2\/comments?post=1981"}],"wp:attachment":[{"href":"https:\/\/d20juegos.com\/en\/wp-json\/wp\/v2\/media?parent=1981"}],"wp:term":[{"taxonomy":"product_brand","embeddable":true,"href":"https:\/\/d20juegos.com\/en\/wp-json\/wp\/v2\/product_brand?post=1981"},{"taxonomy":"product_cat","embeddable":true,"href":"https:\/\/d20juegos.com\/en\/wp-json\/wp\/v2\/product_cat?post=1981"},{"taxonomy":"product_tag","embeddable":true,"href":"https:\/\/d20juegos.com\/en\/wp-json\/wp\/v2\/product_tag?post=1981"}],"curies":[{"name":"wp","href":"https:\/\/api.w.org\/{rel}","templated":true}]}}