{"id":2002,"date":"2025-10-27T13:56:26","date_gmt":"2025-10-27T12:56:26","guid":{"rendered":"https:\/\/d20juegos.com\/producto\/kayanak\/"},"modified":"2025-10-27T13:56:30","modified_gmt":"2025-10-27T12:56:30","slug":"kayanak","status":"publish","type":"product","link":"https:\/\/d20juegos.com\/en\/product\/kayanak\/","title":{"rendered":"KAYANAK"},"content":{"rendered":"<p>A pesar de que en el \u00c1rtico hace un fr\u00edo que pela, los osos polares se sientan sobre los t\u00e9mpanos de hielo y se ponen a pescar. Como es natural, cada uno de los osos quiere realizar la mayor captura posible, pero esto no resulta tan f\u00e1cil.<\/p>\n<p>\u00a1 Solo quien se mueva con previsi\u00f3n sobre los t\u00e9mpanos de hielo, haga un agujero con el pico en el hielo en los lugares correctos y coja con habilidad la ca\u00f1a, podr\u00e1 sacar los codiciados peces del agua, con un poco de suerte tambi\u00e9n!<\/p>","protected":false},"excerpt":{"rendered":"<p>A pesar de que en el \u00c1rtico hace un fr\u00edo que pela, los osos polares se sientan sobre los t\u00e9mpanos de hielo y se ponen a pescar. Como es natural, cada uno de los osos quiere realizar la mayor captura posible, pero esto no resulta tan f\u00e1cil.<\/p>\n<p>\u00a1 Solo quien se mueva con previsi\u00f3n sobre los t\u00e9mpanos de hielo, haga un agujero con el pico en el hielo en los lugares correctos y coja con habilidad la ca\u00f1a, podr\u00e1 sacar los codiciados peces del agua, con un poco de suerte tambi\u00e9n!<\/p>","protected":false},"featured_media":0,"comment_status":"closed","ping_status":"closed","template":"","meta":{"_acf_changed":false,"site-sidebar-layout":"default","site-content-layout":"","ast-site-content-layout":"default","site-content-style":"default","site-sidebar-style":"default","ast-global-header-display":"","ast-banner-title-visibility":"","ast-main-header-display":"","ast-hfb-above-header-display":"","ast-hfb-below-header-display":"","ast-hfb-mobile-header-display":"","site-post-title":"","ast-breadcrumbs-content":"","ast-featured-img":"","footer-sml-layout":"","theme-transparent-header-meta":"","adv-header-id-meta":"","stick-header-meta":"","header-above-stick-meta":"","header-main-stick-meta":"","header-below-stick-meta":"","astra-migrate-meta-layouts":"default","ast-page-background-enabled":"default","ast-page-background-meta":{"desktop":{"background-color":"var(--ast-global-color-5)","background-image":"","background-repeat":"repeat","background-position":"center center","background-size":"auto","background-attachment":"scroll","background-type":"","background-media":"","overlay-type":"","overlay-color":"","overlay-opacity":"","overlay-gradient":""},"tablet":{"background-color":"","background-image":"","background-repeat":"repeat","background-position":"center center","background-size":"auto","background-attachment":"scroll","background-type":"","background-media":"","overlay-type":"","overlay-color":"","overlay-opacity":"","overlay-gradient":""},"mobile":{"background-color":"","background-image":"","background-repeat":"repeat","background-position":"center center","background-size":"auto","background-attachment":"scroll","background-type":"","background-media":"","overlay-type":"","overlay-color":"","overlay-opacity":"","overlay-gradient":""}},"ast-content-background-meta":{"desktop":{"background-color":"var(--ast-global-color-4)","background-image":"","background-repeat":"repeat","background-position":"center center","background-size":"auto","background-attachment":"scroll","background-type":"","background-media":"","overlay-type":"","overlay-color":"","overlay-opacity":"","overlay-gradient":""},"tablet":{"background-color":"var(--ast-global-color-4)","background-image":"","background-repeat":"repeat","background-position":"center center","background-size":"auto","background-attachment":"scroll","background-type":"","background-media":"","overlay-type":"","overlay-color":"","overlay-opacity":"","overlay-gradient":""},"mobile":{"background-color":"var(--ast-global-color-4)","background-image":"","background-repeat":"repeat","background-position":"center center","background-size":"auto","background-attachment":"scroll","background-type":"","background-media":"","overlay-type":"","overlay-color":"","overlay-opacity":"","overlay-gradient":""}}},"product_brand":[],"product_cat":[152],"product_tag":[],"class_list":{"0":"post-2002","1":"product","2":"type-product","3":"status-publish","5":"product_cat-infantil","6":"desktop-align-left","7":"tablet-align-left","8":"mobile-align-left","10":"first","11":"instock","12":"purchasable","13":"product-type-simple"},"acf":[],"_links":{"self":[{"href":"https:\/\/d20juegos.com\/en\/wp-json\/wp\/v2\/product\/2002","targetHints":{"allow":["GET"]}}],"collection":[{"href":"https:\/\/d20juegos.com\/en\/wp-json\/wp\/v2\/product"}],"about":[{"href":"https:\/\/d20juegos.com\/en\/wp-json\/wp\/v2\/types\/product"}],"replies":[{"embeddable":true,"href":"https:\/\/d20juegos.com\/en\/wp-json\/wp\/v2\/comments?post=2002"}],"wp:attachment":[{"href":"https:\/\/d20juegos.com\/en\/wp-json\/wp\/v2\/media?parent=2002"}],"wp:term":[{"taxonomy":"product_brand","embeddable":true,"href":"https:\/\/d20juegos.com\/en\/wp-json\/wp\/v2\/product_brand?post=2002"},{"taxonomy":"product_cat","embeddable":true,"href":"https:\/\/d20juegos.com\/en\/wp-json\/wp\/v2\/product_cat?post=2002"},{"taxonomy":"product_tag","embeddable":true,"href":"https:\/\/d20juegos.com\/en\/wp-json\/wp\/v2\/product_tag?post=2002"}],"curies":[{"name":"wp","href":"https:\/\/api.w.org\/{rel}","templated":true}]}}