{"id":2016,"date":"2025-10-27T13:56:33","date_gmt":"2025-10-27T12:56:33","guid":{"rendered":"https:\/\/d20juegos.com\/producto\/logic-case-set-iniciacion-4\/"},"modified":"2025-10-27T13:56:36","modified_gmt":"2025-10-27T12:56:36","slug":"logic-case-set-iniciacion-4","status":"publish","type":"product","link":"https:\/\/d20juegos.com\/en\/product\/logic-case-set-iniciacion-4\/","title":{"rendered":"LOGIC! CASE SET INICIACI\u00d3N 4+"},"content":{"rendered":"<p>\u00a1Coloridos, desafiantes y variados: as\u00ed son los sets de acertijos de Logic! CASE. Se trata de descifrar y resolver las tareas m\u00e1s diversas. Con el l\u00e1piz de madera, los ni\u00f1os y las ni\u00f1as pueden comprobar por si solos si su respuesta es correcta: \u00bfSe puede sacar la tarjeta o no? El potencia la motivaci\u00f3n y la competencia para resolver un problema de forma independiente. \u00bfSe ha resuelto un acertijo? \u00a1El pr\u00f3ximo desaf\u00edo ya est\u00e1 a la espera! Con los sets de ampliaci\u00f3n de Logic! CASE se pueden complementar f\u00e1cil y flexiblemente los sets b\u00e1sicos con un tema principal y un nuevo grado de dificultad. \u00a1Se mantiene la emoci\u00f3n!<\/p>","protected":false},"excerpt":{"rendered":"<p>\u00a1Coloridos, desafiantes y variados: as\u00ed son los sets de acertijos de Logic! CASE. Se trata de descifrar y resolver las tareas m\u00e1s diversas. Con el l\u00e1piz de madera, los ni\u00f1os y las ni\u00f1as pueden comprobar por si solos si su respuesta es correcta: \u00bfSe puede sacar la tarjeta o no? El potencia la motivaci\u00f3n y la competencia para resolver un problema de forma independiente. \u00bfSe ha resuelto un acertijo? \u00a1El pr\u00f3ximo desaf\u00edo ya est\u00e1 a la espera! Con los sets de ampliaci\u00f3n de Logic! CASE se pueden complementar f\u00e1cil y flexiblemente los sets b\u00e1sicos con un tema principal y un nuevo grado de dificultad. \u00a1Se mantiene la emoci\u00f3n!<\/p>","protected":false},"featured_media":0,"comment_status":"closed","ping_status":"closed","template":"","meta":{"_acf_changed":false,"site-sidebar-layout":"default","site-content-layout":"","ast-site-content-layout":"default","site-content-style":"default","site-sidebar-style":"default","ast-global-header-display":"","ast-banner-title-visibility":"","ast-main-header-display":"","ast-hfb-above-header-display":"","ast-hfb-below-header-display":"","ast-hfb-mobile-header-display":"","site-post-title":"","ast-breadcrumbs-content":"","ast-featured-img":"","footer-sml-layout":"","theme-transparent-header-meta":"","adv-header-id-meta":"","stick-header-meta":"","header-above-stick-meta":"","header-main-stick-meta":"","header-below-stick-meta":"","astra-migrate-meta-layouts":"default","ast-page-background-enabled":"default","ast-page-background-meta":{"desktop":{"background-color":"var(--ast-global-color-5)","background-image":"","background-repeat":"repeat","background-position":"center center","background-size":"auto","background-attachment":"scroll","background-type":"","background-media":"","overlay-type":"","overlay-color":"","overlay-opacity":"","overlay-gradient":""},"tablet":{"background-color":"","background-image":"","background-repeat":"repeat","background-position":"center center","background-size":"auto","background-attachment":"scroll","background-type":"","background-media":"","overlay-type":"","overlay-color":"","overlay-opacity":"","overlay-gradient":""},"mobile":{"background-color":"","background-image":"","background-repeat":"repeat","background-position":"center center","background-size":"auto","background-attachment":"scroll","background-type":"","background-media":"","overlay-type":"","overlay-color":"","overlay-opacity":"","overlay-gradient":""}},"ast-content-background-meta":{"desktop":{"background-color":"var(--ast-global-color-4)","background-image":"","background-repeat":"repeat","background-position":"center center","background-size":"auto","background-attachment":"scroll","background-type":"","background-media":"","overlay-type":"","overlay-color":"","overlay-opacity":"","overlay-gradient":""},"tablet":{"background-color":"var(--ast-global-color-4)","background-image":"","background-repeat":"repeat","background-position":"center center","background-size":"auto","background-attachment":"scroll","background-type":"","background-media":"","overlay-type":"","overlay-color":"","overlay-opacity":"","overlay-gradient":""},"mobile":{"background-color":"var(--ast-global-color-4)","background-image":"","background-repeat":"repeat","background-position":"center center","background-size":"auto","background-attachment":"scroll","background-type":"","background-media":"","overlay-type":"","overlay-color":"","overlay-opacity":"","overlay-gradient":""}}},"product_brand":[],"product_cat":[152],"product_tag":[],"class_list":{"0":"post-2016","1":"product","2":"type-product","3":"status-publish","5":"product_cat-infantil","6":"desktop-align-left","7":"tablet-align-left","8":"mobile-align-left","10":"first","11":"instock","12":"purchasable","13":"product-type-simple"},"acf":[],"_links":{"self":[{"href":"https:\/\/d20juegos.com\/en\/wp-json\/wp\/v2\/product\/2016","targetHints":{"allow":["GET"]}}],"collection":[{"href":"https:\/\/d20juegos.com\/en\/wp-json\/wp\/v2\/product"}],"about":[{"href":"https:\/\/d20juegos.com\/en\/wp-json\/wp\/v2\/types\/product"}],"replies":[{"embeddable":true,"href":"https:\/\/d20juegos.com\/en\/wp-json\/wp\/v2\/comments?post=2016"}],"wp:attachment":[{"href":"https:\/\/d20juegos.com\/en\/wp-json\/wp\/v2\/media?parent=2016"}],"wp:term":[{"taxonomy":"product_brand","embeddable":true,"href":"https:\/\/d20juegos.com\/en\/wp-json\/wp\/v2\/product_brand?post=2016"},{"taxonomy":"product_cat","embeddable":true,"href":"https:\/\/d20juegos.com\/en\/wp-json\/wp\/v2\/product_cat?post=2016"},{"taxonomy":"product_tag","embeddable":true,"href":"https:\/\/d20juegos.com\/en\/wp-json\/wp\/v2\/product_tag?post=2016"}],"curies":[{"name":"wp","href":"https:\/\/api.w.org\/{rel}","templated":true}]}}