{"id":2034,"date":"2025-10-27T13:56:39","date_gmt":"2025-10-27T12:56:39","guid":{"rendered":"https:\/\/d20juegos.com\/producto\/el-rey-de-los-dados-junior\/"},"modified":"2025-10-27T13:56:42","modified_gmt":"2025-10-27T12:56:42","slug":"el-rey-de-los-dados-junior","status":"publish","type":"product","link":"https:\/\/d20juegos.com\/en\/product\/el-rey-de-los-dados-junior\/","title":{"rendered":"EL REY DE LOS DADOS JUNIOR"},"content":{"rendered":"<p>El rey de los dados JUNIOR es la versi\u00f3n infantil del exitoso juego de Haba, un apasionante juego de dados para los m\u00e1s peque\u00f1os.<\/p>\n<p>Tira los dados y construye castillos<br \/>\nNi\u00f1os y ni\u00f1as a partir de 4 a\u00f1os intentan construir un castillo lo m\u00e1s r\u00e1pido posible para coronar a su nuevo Rey de los Dados. Para ello, tienen que tirar tres dados para crear diferentes condiciones en las cartas. Las coronas de madera act\u00faan como comodines en caso de lanzamientos fallidos. \u00a1Estos pueden ser \u00fatiles para conseguir las 5 cartas lo m\u00e1s r\u00e1pido posible y usarlas para cerrar el patio del castillo! \u00a1Quien complete primero su castillo en este mundo imaginativo lleno de elfos y orcos es el ganador y el rey de los dados!<\/p>","protected":false},"excerpt":{"rendered":"<p>El rey de los dados JUNIOR es la versi\u00f3n infantil del exitoso juego de Haba, un apasionante juego de dados para los m\u00e1s peque\u00f1os.<\/p>\n<p>Tira los dados y construye castillos<br \/>\nNi\u00f1os y ni\u00f1as a partir de 4 a\u00f1os intentan construir un castillo lo m\u00e1s r\u00e1pido posible para coronar a su nuevo Rey de los Dados. Para ello, tienen que tirar tres dados para crear diferentes condiciones en las cartas. Las coronas de madera act\u00faan como comodines en caso de lanzamientos fallidos. \u00a1Estos pueden ser \u00fatiles para conseguir las 5 cartas lo m\u00e1s r\u00e1pido posible y usarlas para cerrar el patio del castillo! \u00a1Quien complete primero su castillo en este mundo imaginativo lleno de elfos y orcos es el ganador y el rey de los dados!<\/p>","protected":false},"featured_media":0,"comment_status":"closed","ping_status":"closed","template":"","meta":{"_acf_changed":false,"site-sidebar-layout":"default","site-content-layout":"","ast-site-content-layout":"default","site-content-style":"default","site-sidebar-style":"default","ast-global-header-display":"","ast-banner-title-visibility":"","ast-main-header-display":"","ast-hfb-above-header-display":"","ast-hfb-below-header-display":"","ast-hfb-mobile-header-display":"","site-post-title":"","ast-breadcrumbs-content":"","ast-featured-img":"","footer-sml-layout":"","theme-transparent-header-meta":"","adv-header-id-meta":"","stick-header-meta":"","header-above-stick-meta":"","header-main-stick-meta":"","header-below-stick-meta":"","astra-migrate-meta-layouts":"default","ast-page-background-enabled":"default","ast-page-background-meta":{"desktop":{"background-color":"var(--ast-global-color-5)","background-image":"","background-repeat":"repeat","background-position":"center center","background-size":"auto","background-attachment":"scroll","background-type":"","background-media":"","overlay-type":"","overlay-color":"","overlay-opacity":"","overlay-gradient":""},"tablet":{"background-color":"","background-image":"","background-repeat":"repeat","background-position":"center center","background-size":"auto","background-attachment":"scroll","background-type":"","background-media":"","overlay-type":"","overlay-color":"","overlay-opacity":"","overlay-gradient":""},"mobile":{"background-color":"","background-image":"","background-repeat":"repeat","background-position":"center center","background-size":"auto","background-attachment":"scroll","background-type":"","background-media":"","overlay-type":"","overlay-color":"","overlay-opacity":"","overlay-gradient":""}},"ast-content-background-meta":{"desktop":{"background-color":"var(--ast-global-color-4)","background-image":"","background-repeat":"repeat","background-position":"center center","background-size":"auto","background-attachment":"scroll","background-type":"","background-media":"","overlay-type":"","overlay-color":"","overlay-opacity":"","overlay-gradient":""},"tablet":{"background-color":"var(--ast-global-color-4)","background-image":"","background-repeat":"repeat","background-position":"center center","background-size":"auto","background-attachment":"scroll","background-type":"","background-media":"","overlay-type":"","overlay-color":"","overlay-opacity":"","overlay-gradient":""},"mobile":{"background-color":"var(--ast-global-color-4)","background-image":"","background-repeat":"repeat","background-position":"center center","background-size":"auto","background-attachment":"scroll","background-type":"","background-media":"","overlay-type":"","overlay-color":"","overlay-opacity":"","overlay-gradient":""}}},"product_brand":[],"product_cat":[152],"product_tag":[],"class_list":{"0":"post-2034","1":"product","2":"type-product","3":"status-publish","5":"product_cat-infantil","6":"desktop-align-left","7":"tablet-align-left","8":"mobile-align-left","10":"first","11":"instock","12":"purchasable","13":"product-type-simple"},"acf":[],"_links":{"self":[{"href":"https:\/\/d20juegos.com\/en\/wp-json\/wp\/v2\/product\/2034","targetHints":{"allow":["GET"]}}],"collection":[{"href":"https:\/\/d20juegos.com\/en\/wp-json\/wp\/v2\/product"}],"about":[{"href":"https:\/\/d20juegos.com\/en\/wp-json\/wp\/v2\/types\/product"}],"replies":[{"embeddable":true,"href":"https:\/\/d20juegos.com\/en\/wp-json\/wp\/v2\/comments?post=2034"}],"wp:attachment":[{"href":"https:\/\/d20juegos.com\/en\/wp-json\/wp\/v2\/media?parent=2034"}],"wp:term":[{"taxonomy":"product_brand","embeddable":true,"href":"https:\/\/d20juegos.com\/en\/wp-json\/wp\/v2\/product_brand?post=2034"},{"taxonomy":"product_cat","embeddable":true,"href":"https:\/\/d20juegos.com\/en\/wp-json\/wp\/v2\/product_cat?post=2034"},{"taxonomy":"product_tag","embeddable":true,"href":"https:\/\/d20juegos.com\/en\/wp-json\/wp\/v2\/product_tag?post=2034"}],"curies":[{"name":"wp","href":"https:\/\/api.w.org\/{rel}","templated":true}]}}