{"id":2035,"date":"2025-10-27T13:56:39","date_gmt":"2025-10-27T12:56:39","guid":{"rendered":"https:\/\/d20juegos.com\/producto\/dragones-de-agua\/"},"modified":"2025-10-27T13:56:42","modified_gmt":"2025-10-27T12:56:42","slug":"dragones-de-agua","status":"publish","type":"product","link":"https:\/\/d20juegos.com\/en\/product\/dragones-de-agua\/","title":{"rendered":"DRAGONES DE AGUA"},"content":{"rendered":"<p>Dragones de Agua es un juego de mesa infantil de carreras con dados para ni\u00f1os y ni\u00f1as a partir de los 5 a\u00f1os.<\/p>\n<p>Un emocionante juego de t\u00e1ctica y suerte<br \/>\nCuando los dragones de agua emergen de las profundidades del oc\u00e9ano, los ni\u00f1os los ayudan a nadar hasta la bah\u00eda de los dragones y ponen all\u00ed sus huevos. Con la t\u00e1ctica adecuada, suerte al lanzar los dados y un comod\u00edn en el momento adecuado, el drag\u00f3n en cuesti\u00f3n alcanzar\u00e1 su objetivo con especial rapidez. Pero tenga cuidado: \u00a1peligrosos tiburones se cruzan en el camino hacia la bah\u00eda!<\/p>\n<p>Gana quien llegue primero a la bah\u00eda con su drag\u00f3n de agua.<\/p>","protected":false},"excerpt":{"rendered":"<p>Dragones de Agua es un juego de mesa infantil de carreras con dados para ni\u00f1os y ni\u00f1as a partir de los 5 a\u00f1os.<\/p>\n<p>Un emocionante juego de t\u00e1ctica y suerte<br \/>\nCuando los dragones de agua emergen de las profundidades del oc\u00e9ano, los ni\u00f1os los ayudan a nadar hasta la bah\u00eda de los dragones y ponen all\u00ed sus huevos. Con la t\u00e1ctica adecuada, suerte al lanzar los dados y un comod\u00edn en el momento adecuado, el drag\u00f3n en cuesti\u00f3n alcanzar\u00e1 su objetivo con especial rapidez. Pero tenga cuidado: \u00a1peligrosos tiburones se cruzan en el camino hacia la bah\u00eda!<\/p>\n<p>Gana quien llegue primero a la bah\u00eda con su drag\u00f3n de agua.<\/p>","protected":false},"featured_media":0,"comment_status":"closed","ping_status":"closed","template":"","meta":{"_acf_changed":false,"site-sidebar-layout":"default","site-content-layout":"","ast-site-content-layout":"default","site-content-style":"default","site-sidebar-style":"default","ast-global-header-display":"","ast-banner-title-visibility":"","ast-main-header-display":"","ast-hfb-above-header-display":"","ast-hfb-below-header-display":"","ast-hfb-mobile-header-display":"","site-post-title":"","ast-breadcrumbs-content":"","ast-featured-img":"","footer-sml-layout":"","theme-transparent-header-meta":"","adv-header-id-meta":"","stick-header-meta":"","header-above-stick-meta":"","header-main-stick-meta":"","header-below-stick-meta":"","astra-migrate-meta-layouts":"default","ast-page-background-enabled":"default","ast-page-background-meta":{"desktop":{"background-color":"var(--ast-global-color-5)","background-image":"","background-repeat":"repeat","background-position":"center center","background-size":"auto","background-attachment":"scroll","background-type":"","background-media":"","overlay-type":"","overlay-color":"","overlay-opacity":"","overlay-gradient":""},"tablet":{"background-color":"","background-image":"","background-repeat":"repeat","background-position":"center center","background-size":"auto","background-attachment":"scroll","background-type":"","background-media":"","overlay-type":"","overlay-color":"","overlay-opacity":"","overlay-gradient":""},"mobile":{"background-color":"","background-image":"","background-repeat":"repeat","background-position":"center center","background-size":"auto","background-attachment":"scroll","background-type":"","background-media":"","overlay-type":"","overlay-color":"","overlay-opacity":"","overlay-gradient":""}},"ast-content-background-meta":{"desktop":{"background-color":"var(--ast-global-color-4)","background-image":"","background-repeat":"repeat","background-position":"center center","background-size":"auto","background-attachment":"scroll","background-type":"","background-media":"","overlay-type":"","overlay-color":"","overlay-opacity":"","overlay-gradient":""},"tablet":{"background-color":"var(--ast-global-color-4)","background-image":"","background-repeat":"repeat","background-position":"center center","background-size":"auto","background-attachment":"scroll","background-type":"","background-media":"","overlay-type":"","overlay-color":"","overlay-opacity":"","overlay-gradient":""},"mobile":{"background-color":"var(--ast-global-color-4)","background-image":"","background-repeat":"repeat","background-position":"center center","background-size":"auto","background-attachment":"scroll","background-type":"","background-media":"","overlay-type":"","overlay-color":"","overlay-opacity":"","overlay-gradient":""}}},"product_brand":[],"product_cat":[152],"product_tag":[],"class_list":{"0":"post-2035","1":"product","2":"type-product","3":"status-publish","5":"product_cat-infantil","6":"desktop-align-left","7":"tablet-align-left","8":"mobile-align-left","10":"first","11":"instock","12":"purchasable","13":"product-type-simple"},"acf":[],"_links":{"self":[{"href":"https:\/\/d20juegos.com\/en\/wp-json\/wp\/v2\/product\/2035","targetHints":{"allow":["GET"]}}],"collection":[{"href":"https:\/\/d20juegos.com\/en\/wp-json\/wp\/v2\/product"}],"about":[{"href":"https:\/\/d20juegos.com\/en\/wp-json\/wp\/v2\/types\/product"}],"replies":[{"embeddable":true,"href":"https:\/\/d20juegos.com\/en\/wp-json\/wp\/v2\/comments?post=2035"}],"wp:attachment":[{"href":"https:\/\/d20juegos.com\/en\/wp-json\/wp\/v2\/media?parent=2035"}],"wp:term":[{"taxonomy":"product_brand","embeddable":true,"href":"https:\/\/d20juegos.com\/en\/wp-json\/wp\/v2\/product_brand?post=2035"},{"taxonomy":"product_cat","embeddable":true,"href":"https:\/\/d20juegos.com\/en\/wp-json\/wp\/v2\/product_cat?post=2035"},{"taxonomy":"product_tag","embeddable":true,"href":"https:\/\/d20juegos.com\/en\/wp-json\/wp\/v2\/product_tag?post=2035"}],"curies":[{"name":"wp","href":"https:\/\/api.w.org\/{rel}","templated":true}]}}