{"id":2070,"date":"2025-10-27T13:56:53","date_gmt":"2025-10-27T12:56:53","guid":{"rendered":"https:\/\/d20juegos.com\/producto\/lava-house\/"},"modified":"2025-10-27T13:56:54","modified_gmt":"2025-10-27T12:56:54","slug":"lava-house","status":"publish","type":"product","link":"https:\/\/d20juegos.com\/en\/product\/lava-house\/","title":{"rendered":"LAVA HOUSE"},"content":{"rendered":"<p>Lava House es un juego de cartas donde tendr\u00e1s que ser el primero en llegar a la salida. Es un juego similar al \u201csuelo es lava\u201d donde tendr\u00e1s que aprender a gestionar tus cartas y tiradas. En cada ronda, tirar\u00e1s un dado que te mostrar\u00e1 la cantidad de equilibrio, fuerza e impulso que puedes usar. Analizar\u00e1s las posibles rutas del tablero y gastar\u00e1s esos puntos para llegar a la meta. Adem\u00e1s, al principio de la partida y en varios puntos de la partida, conseguir\u00e1s cartas especiales que te facilitar\u00e1n tu viaje. Pero, cuidado porque cada vez que tires, te estar\u00e1s jugando conseguir el icono de la lava y, si acumulas 3 caer\u00e1s en la lava y tendr\u00e1s que superar la prueba de salto para no perder una vida. \u00a1Si pierdes todas tus vidas, volver\u00e1s al principio!<\/p>","protected":false},"excerpt":{"rendered":"<p>Lava House es un juego de cartas donde tendr\u00e1s que ser el primero en llegar a la salida. Es un juego similar al \u201csuelo es lava\u201d donde tendr\u00e1s que aprender a gestionar tus cartas y tiradas. En cada ronda, tirar\u00e1s un dado que te mostrar\u00e1 la cantidad de equilibrio, fuerza e impulso que puedes usar. Analizar\u00e1s las posibles rutas del tablero y gastar\u00e1s esos puntos para llegar a la meta. Adem\u00e1s, al principio de la partida y en varios puntos de la partida, conseguir\u00e1s cartas especiales que te facilitar\u00e1n tu viaje. Pero, cuidado porque cada vez que tires, te estar\u00e1s jugando conseguir el icono de la lava y, si acumulas 3 caer\u00e1s en la lava y tendr\u00e1s que superar la prueba de salto para no perder una vida. \u00a1Si pierdes todas tus vidas, volver\u00e1s al principio!<\/p>","protected":false},"featured_media":0,"comment_status":"closed","ping_status":"closed","template":"","meta":{"_acf_changed":false,"site-sidebar-layout":"default","site-content-layout":"","ast-site-content-layout":"default","site-content-style":"default","site-sidebar-style":"default","ast-global-header-display":"","ast-banner-title-visibility":"","ast-main-header-display":"","ast-hfb-above-header-display":"","ast-hfb-below-header-display":"","ast-hfb-mobile-header-display":"","site-post-title":"","ast-breadcrumbs-content":"","ast-featured-img":"","footer-sml-layout":"","theme-transparent-header-meta":"","adv-header-id-meta":"","stick-header-meta":"","header-above-stick-meta":"","header-main-stick-meta":"","header-below-stick-meta":"","astra-migrate-meta-layouts":"default","ast-page-background-enabled":"default","ast-page-background-meta":{"desktop":{"background-color":"var(--ast-global-color-5)","background-image":"","background-repeat":"repeat","background-position":"center center","background-size":"auto","background-attachment":"scroll","background-type":"","background-media":"","overlay-type":"","overlay-color":"","overlay-opacity":"","overlay-gradient":""},"tablet":{"background-color":"","background-image":"","background-repeat":"repeat","background-position":"center center","background-size":"auto","background-attachment":"scroll","background-type":"","background-media":"","overlay-type":"","overlay-color":"","overlay-opacity":"","overlay-gradient":""},"mobile":{"background-color":"","background-image":"","background-repeat":"repeat","background-position":"center center","background-size":"auto","background-attachment":"scroll","background-type":"","background-media":"","overlay-type":"","overlay-color":"","overlay-opacity":"","overlay-gradient":""}},"ast-content-background-meta":{"desktop":{"background-color":"var(--ast-global-color-4)","background-image":"","background-repeat":"repeat","background-position":"center center","background-size":"auto","background-attachment":"scroll","background-type":"","background-media":"","overlay-type":"","overlay-color":"","overlay-opacity":"","overlay-gradient":""},"tablet":{"background-color":"var(--ast-global-color-4)","background-image":"","background-repeat":"repeat","background-position":"center center","background-size":"auto","background-attachment":"scroll","background-type":"","background-media":"","overlay-type":"","overlay-color":"","overlay-opacity":"","overlay-gradient":""},"mobile":{"background-color":"var(--ast-global-color-4)","background-image":"","background-repeat":"repeat","background-position":"center center","background-size":"auto","background-attachment":"scroll","background-type":"","background-media":"","overlay-type":"","overlay-color":"","overlay-opacity":"","overlay-gradient":""}}},"product_brand":[],"product_cat":[152],"product_tag":[],"class_list":{"0":"post-2070","1":"product","2":"type-product","3":"status-publish","5":"product_cat-infantil","6":"desktop-align-left","7":"tablet-align-left","8":"mobile-align-left","10":"first","11":"instock","12":"purchasable","13":"product-type-simple"},"acf":[],"_links":{"self":[{"href":"https:\/\/d20juegos.com\/en\/wp-json\/wp\/v2\/product\/2070","targetHints":{"allow":["GET"]}}],"collection":[{"href":"https:\/\/d20juegos.com\/en\/wp-json\/wp\/v2\/product"}],"about":[{"href":"https:\/\/d20juegos.com\/en\/wp-json\/wp\/v2\/types\/product"}],"replies":[{"embeddable":true,"href":"https:\/\/d20juegos.com\/en\/wp-json\/wp\/v2\/comments?post=2070"}],"wp:attachment":[{"href":"https:\/\/d20juegos.com\/en\/wp-json\/wp\/v2\/media?parent=2070"}],"wp:term":[{"taxonomy":"product_brand","embeddable":true,"href":"https:\/\/d20juegos.com\/en\/wp-json\/wp\/v2\/product_brand?post=2070"},{"taxonomy":"product_cat","embeddable":true,"href":"https:\/\/d20juegos.com\/en\/wp-json\/wp\/v2\/product_cat?post=2070"},{"taxonomy":"product_tag","embeddable":true,"href":"https:\/\/d20juegos.com\/en\/wp-json\/wp\/v2\/product_tag?post=2070"}],"curies":[{"name":"wp","href":"https:\/\/api.w.org\/{rel}","templated":true}]}}