{"id":2076,"date":"2025-10-27T13:56:53","date_gmt":"2025-10-27T12:56:53","guid":{"rendered":"https:\/\/d20juegos.com\/producto\/la-escalera-encantada\/"},"modified":"2025-10-27T13:56:56","modified_gmt":"2025-10-27T12:56:56","slug":"la-escalera-encantada","status":"publish","type":"product","link":"https:\/\/d20juegos.com\/en\/product\/la-escalera-encantada\/","title":{"rendered":"LA ESCALERA ENCANTADA"},"content":{"rendered":"<p>La Escalera Encantada es, juntamente con El Laberinto M\u00e1gico, uno de los grandes \u00e9xitos de la prestigiosa editorial Drei Magier. Este t\u00edtulo tambi\u00e9n gan\u00f3 el galard\u00f3n Spiel des Jahres al mejor juego infantil, lo que es garant\u00eda de su calidad.<\/p>\n<p>En el juego, los jugadores compiten por ser los primeros en llegar a lo alto de las escaleras y asustar al fantasma que vive all\u00ed, pero el fantasma tambi\u00e9n quiere jugar con ellos y les ir\u00e1 convirtiendo en fantasmas mientras ellos suben las escaleras. Los jugadores deber\u00e1n recordar quien es quien, para poder ganar la partida.<\/p>","protected":false},"excerpt":{"rendered":"<p>La Escalera Encantada es, juntamente con El Laberinto M\u00e1gico, uno de los grandes \u00e9xitos de la prestigiosa editorial Drei Magier. Este t\u00edtulo tambi\u00e9n gan\u00f3 el galard\u00f3n Spiel des Jahres al mejor juego infantil, lo que es garant\u00eda de su calidad.<\/p>\n<p>En el juego, los jugadores compiten por ser los primeros en llegar a lo alto de las escaleras y asustar al fantasma que vive all\u00ed, pero el fantasma tambi\u00e9n quiere jugar con ellos y les ir\u00e1 convirtiendo en fantasmas mientras ellos suben las escaleras. Los jugadores deber\u00e1n recordar quien es quien, para poder ganar la partida.<\/p>","protected":false},"featured_media":0,"comment_status":"closed","ping_status":"closed","template":"","meta":{"_acf_changed":false,"site-sidebar-layout":"default","site-content-layout":"","ast-site-content-layout":"default","site-content-style":"default","site-sidebar-style":"default","ast-global-header-display":"","ast-banner-title-visibility":"","ast-main-header-display":"","ast-hfb-above-header-display":"","ast-hfb-below-header-display":"","ast-hfb-mobile-header-display":"","site-post-title":"","ast-breadcrumbs-content":"","ast-featured-img":"","footer-sml-layout":"","theme-transparent-header-meta":"","adv-header-id-meta":"","stick-header-meta":"","header-above-stick-meta":"","header-main-stick-meta":"","header-below-stick-meta":"","astra-migrate-meta-layouts":"default","ast-page-background-enabled":"default","ast-page-background-meta":{"desktop":{"background-color":"var(--ast-global-color-5)","background-image":"","background-repeat":"repeat","background-position":"center center","background-size":"auto","background-attachment":"scroll","background-type":"","background-media":"","overlay-type":"","overlay-color":"","overlay-opacity":"","overlay-gradient":""},"tablet":{"background-color":"","background-image":"","background-repeat":"repeat","background-position":"center center","background-size":"auto","background-attachment":"scroll","background-type":"","background-media":"","overlay-type":"","overlay-color":"","overlay-opacity":"","overlay-gradient":""},"mobile":{"background-color":"","background-image":"","background-repeat":"repeat","background-position":"center center","background-size":"auto","background-attachment":"scroll","background-type":"","background-media":"","overlay-type":"","overlay-color":"","overlay-opacity":"","overlay-gradient":""}},"ast-content-background-meta":{"desktop":{"background-color":"var(--ast-global-color-4)","background-image":"","background-repeat":"repeat","background-position":"center center","background-size":"auto","background-attachment":"scroll","background-type":"","background-media":"","overlay-type":"","overlay-color":"","overlay-opacity":"","overlay-gradient":""},"tablet":{"background-color":"var(--ast-global-color-4)","background-image":"","background-repeat":"repeat","background-position":"center center","background-size":"auto","background-attachment":"scroll","background-type":"","background-media":"","overlay-type":"","overlay-color":"","overlay-opacity":"","overlay-gradient":""},"mobile":{"background-color":"var(--ast-global-color-4)","background-image":"","background-repeat":"repeat","background-position":"center center","background-size":"auto","background-attachment":"scroll","background-type":"","background-media":"","overlay-type":"","overlay-color":"","overlay-opacity":"","overlay-gradient":""}}},"product_brand":[],"product_cat":[152],"product_tag":[],"class_list":{"0":"post-2076","1":"product","2":"type-product","3":"status-publish","5":"product_cat-infantil","6":"desktop-align-left","7":"tablet-align-left","8":"mobile-align-left","10":"first","11":"instock","12":"purchasable","13":"product-type-simple"},"acf":[],"_links":{"self":[{"href":"https:\/\/d20juegos.com\/en\/wp-json\/wp\/v2\/product\/2076","targetHints":{"allow":["GET"]}}],"collection":[{"href":"https:\/\/d20juegos.com\/en\/wp-json\/wp\/v2\/product"}],"about":[{"href":"https:\/\/d20juegos.com\/en\/wp-json\/wp\/v2\/types\/product"}],"replies":[{"embeddable":true,"href":"https:\/\/d20juegos.com\/en\/wp-json\/wp\/v2\/comments?post=2076"}],"wp:attachment":[{"href":"https:\/\/d20juegos.com\/en\/wp-json\/wp\/v2\/media?parent=2076"}],"wp:term":[{"taxonomy":"product_brand","embeddable":true,"href":"https:\/\/d20juegos.com\/en\/wp-json\/wp\/v2\/product_brand?post=2076"},{"taxonomy":"product_cat","embeddable":true,"href":"https:\/\/d20juegos.com\/en\/wp-json\/wp\/v2\/product_cat?post=2076"},{"taxonomy":"product_tag","embeddable":true,"href":"https:\/\/d20juegos.com\/en\/wp-json\/wp\/v2\/product_tag?post=2076"}],"curies":[{"name":"wp","href":"https:\/\/api.w.org\/{rel}","templated":true}]}}