{"id":2085,"date":"2025-10-27T14:05:12","date_gmt":"2025-10-27T13:05:12","guid":{"rendered":"https:\/\/d20juegos.com\/producto\/1-72-academy-fw-ta-183\/"},"modified":"2025-10-27T14:05:12","modified_gmt":"2025-10-27T13:05:12","slug":"1-72-academy-fw-ta-183","status":"publish","type":"product","link":"https:\/\/d20juegos.com\/en\/product\/1-72-academy-fw-ta-183\/","title":{"rendered":"1\/72 ACADEMY FW TA-183"},"content":{"rendered":"<p>El Focke Wulf Ta183A \u00abHuckebein\u00bb es un caza a reacci\u00f3n alem\u00e1n con estructura mixta de metal y madera, en disposici\u00f3n de ala media con alas inclinadas de finales de la Segunda Guerra Mundial. El contrato para su producci\u00f3n se firm\u00f3 en febrero de 1945 y el primer avi\u00f3n deb\u00eda estar listo en septiembre del mismo a\u00f1o. El fin de las hostilidades frustr\u00f3 estos planes. Adem\u00e1s, ninguno de los prototipos estaba completamente terminado. En la versi\u00f3n en serie, se plane\u00f3 que la unidad ser\u00eda un motor a reacci\u00f3n Heinkel Hirth HeS 011A. El Ta-183 tambi\u00e9n deb\u00eda usar no solo armas fijas a bordo, sino tambi\u00e9n misiles aire-aire guiados X-4 o Hs-298. Despu\u00e9s de la guerra, el Ta-183 se convirti\u00f3 en la inspiraci\u00f3n para el Mig-15 y tuvo una fuerte influencia en los dise\u00f1adores del avi\u00f3n sueco SAAB 29 Tunnan. Datos t\u00e9cnicos (te\u00f3ricos): longitud: 9,2 m, envergadura: 10 m, altura: 3,86 m, velocidad m\u00e1xima: 955 km\/h, velocidad de ascenso: 20,4 m\/s, techo m\u00e1ximo 14000 m, armamento: fijo-4 ca\u00f1ones MK108 cal 30 mm, suspendido &#8211; hasta 500 kg de carga.<\/p>","protected":false},"excerpt":{"rendered":"<p>El Focke Wulf Ta183A \u00abHuckebein\u00bb es un caza a reacci\u00f3n alem\u00e1n con estructura mixta de metal y madera, en disposici\u00f3n de ala media con alas inclinadas de finales de la Segunda Guerra Mundial. El contrato para su producci\u00f3n se firm\u00f3 en febrero de 1945 y el primer avi\u00f3n deb\u00eda estar listo en septiembre del mismo a\u00f1o. El fin de las hostilidades frustr\u00f3 estos planes. Adem\u00e1s, ninguno de los prototipos estaba completamente terminado. En la versi\u00f3n en serie, se plane\u00f3 que la unidad ser\u00eda un motor a reacci\u00f3n Heinkel Hirth HeS 011A. El Ta-183 tambi\u00e9n deb\u00eda usar no solo armas fijas a bordo, sino tambi\u00e9n misiles aire-aire guiados X-4 o Hs-298. Despu\u00e9s de la guerra, el Ta-183 se convirti\u00f3 en la inspiraci\u00f3n para el Mig-15 y tuvo una fuerte influencia en los dise\u00f1adores del avi\u00f3n sueco SAAB 29 Tunnan. Datos t\u00e9cnicos (te\u00f3ricos): longitud: 9,2 m, envergadura: 10 m, altura: 3,86 m, velocidad m\u00e1xima: 955 km\/h, velocidad de ascenso: 20,4 m\/s, techo m\u00e1ximo 14000 m, armamento: fijo-4 ca\u00f1ones MK108 cal 30 mm, suspendido &#8211; hasta 500 kg de carga.<\/p>","protected":false},"featured_media":0,"comment_status":"closed","ping_status":"closed","template":"","meta":{"_acf_changed":false,"site-sidebar-layout":"default","site-content-layout":"","ast-site-content-layout":"default","site-content-style":"default","site-sidebar-style":"default","ast-global-header-display":"","ast-banner-title-visibility":"","ast-main-header-display":"","ast-hfb-above-header-display":"","ast-hfb-below-header-display":"","ast-hfb-mobile-header-display":"","site-post-title":"","ast-breadcrumbs-content":"","ast-featured-img":"","footer-sml-layout":"","theme-transparent-header-meta":"","adv-header-id-meta":"","stick-header-meta":"","header-above-stick-meta":"","header-main-stick-meta":"","header-below-stick-meta":"","astra-migrate-meta-layouts":"default","ast-page-background-enabled":"default","ast-page-background-meta":{"desktop":{"background-color":"var(--ast-global-color-5)","background-image":"","background-repeat":"repeat","background-position":"center center","background-size":"auto","background-attachment":"scroll","background-type":"","background-media":"","overlay-type":"","overlay-color":"","overlay-opacity":"","overlay-gradient":""},"tablet":{"background-color":"","background-image":"","background-repeat":"repeat","background-position":"center center","background-size":"auto","background-attachment":"scroll","background-type":"","background-media":"","overlay-type":"","overlay-color":"","overlay-opacity":"","overlay-gradient":""},"mobile":{"background-color":"","background-image":"","background-repeat":"repeat","background-position":"center center","background-size":"auto","background-attachment":"scroll","background-type":"","background-media":"","overlay-type":"","overlay-color":"","overlay-opacity":"","overlay-gradient":""}},"ast-content-background-meta":{"desktop":{"background-color":"var(--ast-global-color-4)","background-image":"","background-repeat":"repeat","background-position":"center center","background-size":"auto","background-attachment":"scroll","background-type":"","background-media":"","overlay-type":"","overlay-color":"","overlay-opacity":"","overlay-gradient":""},"tablet":{"background-color":"var(--ast-global-color-4)","background-image":"","background-repeat":"repeat","background-position":"center center","background-size":"auto","background-attachment":"scroll","background-type":"","background-media":"","overlay-type":"","overlay-color":"","overlay-opacity":"","overlay-gradient":""},"mobile":{"background-color":"var(--ast-global-color-4)","background-image":"","background-repeat":"repeat","background-position":"center center","background-size":"auto","background-attachment":"scroll","background-type":"","background-media":"","overlay-type":"","overlay-color":"","overlay-opacity":"","overlay-gradient":""}}},"product_brand":[],"product_cat":[154],"product_tag":[],"class_list":{"0":"post-2085","1":"product","2":"type-product","3":"status-publish","5":"product_cat-plastico","6":"desktop-align-left","7":"tablet-align-left","8":"mobile-align-left","10":"first","11":"instock","12":"purchasable","13":"product-type-simple"},"acf":[],"_links":{"self":[{"href":"https:\/\/d20juegos.com\/en\/wp-json\/wp\/v2\/product\/2085","targetHints":{"allow":["GET"]}}],"collection":[{"href":"https:\/\/d20juegos.com\/en\/wp-json\/wp\/v2\/product"}],"about":[{"href":"https:\/\/d20juegos.com\/en\/wp-json\/wp\/v2\/types\/product"}],"replies":[{"embeddable":true,"href":"https:\/\/d20juegos.com\/en\/wp-json\/wp\/v2\/comments?post=2085"}],"wp:attachment":[{"href":"https:\/\/d20juegos.com\/en\/wp-json\/wp\/v2\/media?parent=2085"}],"wp:term":[{"taxonomy":"product_brand","embeddable":true,"href":"https:\/\/d20juegos.com\/en\/wp-json\/wp\/v2\/product_brand?post=2085"},{"taxonomy":"product_cat","embeddable":true,"href":"https:\/\/d20juegos.com\/en\/wp-json\/wp\/v2\/product_cat?post=2085"},{"taxonomy":"product_tag","embeddable":true,"href":"https:\/\/d20juegos.com\/en\/wp-json\/wp\/v2\/product_tag?post=2085"}],"curies":[{"name":"wp","href":"https:\/\/api.w.org\/{rel}","templated":true}]}}